{"id":17173,"date":"2020-10-13T02:35:09","date_gmt":"2020-10-13T07:35:09","guid":{"rendered":"http:\/\/maxcomfortac.wpengine.com\/calefaccion\/sintonizacion-de-calefaccion-en-houston-tx\/"},"modified":"2022-04-28T10:59:52","modified_gmt":"2022-04-28T15:59:52","slug":"sintonizacion-de-calefaccion-en-houston-tx","status":"publish","type":"page","link":"https:\/\/www.maxcomfortac.com\/es\/calefaccion\/sintonizacion-de-calefaccion-en-houston-tx\/","title":{"rendered":"Sintonizaci\u00f3n de calefacci\u00f3n en Houston, TX"},"content":{"rendered":"<h2>Heating Tune Up In Houston, TX, and Surrounding Areas<\/h2>\n<script>\n\/\/----------------------------------------------------------\n\/\/------ JAVASCRIPT HOOK FUNCTIONS FOR GRAVITY FORMS -------\n\/\/----------------------------------------------------------\n\nif ( ! gform ) {\n\tdocument.addEventListener( 'gform_main_scripts_loaded', function() { gform.scriptsLoaded = true; } );\n\tdocument.addEventListener( 'gform\/theme\/scripts_loaded', function() { gform.themeScriptsLoaded = true; } );\n\twindow.addEventListener( 'DOMContentLoaded', function() { gform.domLoaded = true; } );\n\n\tvar gform = {\n\t\tdomLoaded: false,\n\t\tscriptsLoaded: false,\n\t\tthemeScriptsLoaded: false,\n\t\tisFormEditor: () => typeof InitializeEditor === 'function',\n\n\t\t\/**\n\t\t * @deprecated 2.9 the use of initializeOnLoaded in the form editor context is deprecated.\n\t\t * @remove-in 4.0 this function will not check for gform.isFormEditor().\n\t\t *\/\n\t\tcallIfLoaded: function ( fn ) {\n\t\t\tif ( gform.domLoaded && gform.scriptsLoaded && ( gform.themeScriptsLoaded || gform.isFormEditor() ) ) {\n\t\t\t\tif ( gform.isFormEditor() ) {\n\t\t\t\t\tconsole.warn( 'The use of gform.initializeOnLoaded() is deprecated in the form editor context and will be removed in Gravity Forms 3.1.' );\n\t\t\t\t}\n\t\t\t\tfn();\n\t\t\t\treturn true;\n\t\t\t}\n\t\t\treturn false;\n\t\t},\n\n\t\t\/**\n\t\t * Call a function when all scripts are loaded\n\t\t *\n\t\t * @param function fn the callback function to call when all scripts are loaded\n\t\t *\n\t\t * @returns void\n\t\t *\/\n\t\tinitializeOnLoaded: function( fn ) {\n\t\t\tif ( ! gform.callIfLoaded( fn ) ) {\n\t\t\t\tdocument.addEventListener( 'gform_main_scripts_loaded', () => { gform.scriptsLoaded = true; gform.callIfLoaded( fn ); } );\n\t\t\t\tdocument.addEventListener( 'gform\/theme\/scripts_loaded', () => { gform.themeScriptsLoaded = true; gform.callIfLoaded( fn ); } );\n\t\t\t\twindow.addEventListener( 'DOMContentLoaded', () => { gform.domLoaded = true; gform.callIfLoaded( fn ); } );\n\t\t\t}\n\t\t},\n\n\t\thooks: { action: {}, filter: {} },\n\t\taddAction: function( action, callable, priority, tag ) {\n\t\t\tgform.addHook( 'action', action, callable, priority, tag );\n\t\t},\n\t\taddFilter: function( action, callable, priority, tag ) {\n\t\t\tgform.addHook( 'filter', action, callable, priority, tag );\n\t\t},\n\t\tdoAction: function( action ) {\n\t\t\tgform.doHook( 'action', action, arguments );\n\t\t},\n\t\tapplyFilters: function( action ) {\n\t\t\treturn gform.doHook( 'filter', action, arguments );\n\t\t},\n\t\tremoveAction: function( action, tag ) {\n\t\t\tgform.removeHook( 'action', action, tag );\n\t\t},\n\t\tremoveFilter: function( action, priority, tag ) {\n\t\t\tgform.removeHook( 'filter', action, priority, tag );\n\t\t},\n\t\taddHook: function( hookType, action, callable, priority, tag ) {\n\t\t\tif ( undefined == gform.hooks[hookType][action] ) {\n\t\t\t\tgform.hooks[hookType][action] = [];\n\t\t\t}\n\t\t\tvar hooks = gform.hooks[hookType][action];\n\t\t\tif ( undefined == tag ) {\n\t\t\t\ttag = action + '_' + hooks.length;\n\t\t\t}\n\t\t\tif( priority == undefined ){\n\t\t\t\tpriority = 10;\n\t\t\t}\n\n\t\t\tgform.hooks[hookType][action].push( { tag:tag, callable:callable, priority:priority } );\n\t\t},\n\t\tdoHook: function( hookType, action, args ) {\n\n\t\t\t\/\/ splice args from object into array and remove first index which is the hook name\n\t\t\targs = Array.prototype.slice.call(args, 1);\n\n\t\t\tif ( undefined != gform.hooks[hookType][action] ) {\n\t\t\t\tvar hooks = gform.hooks[hookType][action], hook;\n\t\t\t\t\/\/sort by priority\n\t\t\t\thooks.sort(function(a,b){return a[\"priority\"]-b[\"priority\"]});\n\n\t\t\t\thooks.forEach( function( hookItem ) {\n\t\t\t\t\thook = hookItem.callable;\n\n\t\t\t\t\tif(typeof hook != 'function')\n\t\t\t\t\t\thook = window[hook];\n\t\t\t\t\tif ( 'action' == hookType ) {\n\t\t\t\t\t\thook.apply(null, args);\n\t\t\t\t\t} else {\n\t\t\t\t\t\targs[0] = hook.apply(null, args);\n\t\t\t\t\t}\n\t\t\t\t} );\n\t\t\t}\n\t\t\tif ( 'filter'==hookType ) {\n\t\t\t\treturn args[0];\n\t\t\t}\n\t\t},\n\t\tremoveHook: function( hookType, action, priority, tag ) {\n\t\t\tif ( undefined != gform.hooks[hookType][action] ) {\n\t\t\t\tvar hooks = gform.hooks[hookType][action];\n\t\t\t\thooks = hooks.filter( function(hook, index, arr) {\n\t\t\t\t\tvar removeHook = (undefined==tag||tag==hook.tag) && (undefined==priority||priority==hook.priority);\n\t\t\t\t\treturn !removeHook;\n\t\t\t\t} );\n\t\t\t\tgform.hooks[hookType][action] = hooks;\n\t\t\t}\n\t\t}\n\t};\n}\n<\/script>\n\n                <div class='gf_browser_gecko gform_wrapper gform_legacy_markup_wrapper gform-theme--no-framework' data-form-theme='legacy' data-form-index='0' id='gform_wrapper_13' ><div id='gf_13' class='gform_anchor' tabindex='-1'><\/div><form method='post' enctype='multipart\/form-data' target='gform_ajax_frame_13' id='gform_13'  action='\/es\/wp-json\/wp\/v2\/pages\/17173#gf_13' data-formid='13' novalidate>\n                        <div class='gform-body gform_body'><ul id='gform_fields_13' class='gform_fields top_label form_sublabel_below description_below validation_below'><li id=\"field_13_7\" class=\"gfield gfield--type-honeypot gform_validation_container field_sublabel_below gfield--has-description field_description_below field_validation_below gfield_visibility_visible\"  ><label class='gfield_label gform-field-label' for='input_13_7'>Facebook<\/label><div class='ginput_container'><input name='input_7' id='input_13_7' type='text' value='' autocomplete='new-password'\/><\/div><div class='gfield_description' id='gfield_description_13_7'>This field is for validation purposes and should be left unchanged.<\/div><\/li><li id=\"field_13_1\" class=\"gfield gfield--type-name gfield_contains_required field_sublabel_below gfield--no-description field_description_below field_validation_below gfield_visibility_visible\"  ><label class='gfield_label gform-field-label gfield_label_before_complex' >NOMBRE<span class=\"gfield_required\"><span class=\"gfield_required gfield_required_asterisk\">*<\/span><\/span><\/label><div class='ginput_complex ginput_container ginput_container--name no_prefix has_first_name no_middle_name has_last_name no_suffix gf_name_has_2 ginput_container_name gform-grid-row' id='input_13_1'>\n                            \n                            <span id='input_13_1_3_container' class='name_first gform-grid-col gform-grid-col--size-auto' >\n                                                    <input type='text' name='input_1.3' id='input_13_1_3' value=''   aria-required='true'     \/>\n                                                    <label for='input_13_1_3' class='gform-field-label gform-field-label--type-sub '>First<\/label>\n                                                <\/span>\n                            \n                            <span id='input_13_1_6_container' class='name_last gform-grid-col gform-grid-col--size-auto' >\n                                                    <input type='text' name='input_1.6' id='input_13_1_6' value=''   aria-required='true'     \/>\n                                                    <label for='input_13_1_6' class='gform-field-label gform-field-label--type-sub '>Last<\/label>\n                                                <\/span>\n                            \n                        <\/div><\/li><li id=\"field_13_2\" class=\"gfield gfield--type-phone gf_left_half gfield_contains_required field_sublabel_below gfield--no-description field_description_below field_validation_below gfield_visibility_visible\"  ><label class='gfield_label gform-field-label' for='input_13_2'>TELEFONO<span class=\"gfield_required\"><span class=\"gfield_required gfield_required_asterisk\">*<\/span><\/span><\/label><div class='ginput_container ginput_container_phone'><input name='input_2' id='input_13_2' type='tel' value='' class='large'   aria-required=\"true\" aria-invalid=\"false\"   \/><\/div><\/li><li id=\"field_13_3\" class=\"gfield gfield--type-email gf_right_half gfield_contains_required field_sublabel_below gfield--no-description field_description_below field_validation_below gfield_visibility_visible\"  ><label class='gfield_label gform-field-label' for='input_13_3'>CORREO ELECTR\u00d3NICO<span class=\"gfield_required\"><span class=\"gfield_required gfield_required_asterisk\">*<\/span><\/span><\/label><div class='ginput_container ginput_container_email'>\n                            <input name='input_3' id='input_13_3' type='email' value='' class='large'    aria-required=\"true\" aria-invalid=\"false\"  \/>\n                        <\/div><\/li><li id=\"field_13_6\" class=\"gfield gfield--type-select field_sublabel_below gfield--no-description field_description_below field_validation_below gfield_visibility_visible\"  ><label class='gfield_label gform-field-label' for='input_13_6'>Solicitud necesaria<\/label><div class='ginput_container ginput_container_select'><select name='input_6' id='input_13_6' class='large gfield_select'     aria-invalid=\"false\" ><option value='' selected='selected' class='gf_placeholder'>--Seleccione--<\/option><option value='Instalaci\u00f3n \/ Reemplazo' >Instalaci\u00f3n \/ Reemplazo<\/option><option value=' Servicio \/ Reparaci\u00f3n' > Servicio \/ Reparaci\u00f3n<\/option><option value=' Mantenimiento \/ puesta a punto' > Mantenimiento \/ puesta a punto<\/option><option value='FINANCIAMIENTO' >FINANCIAMIENTO<\/option><option value='Empleo' >Empleo<\/option><option value='Promociones' >Promociones<\/option><\/select><\/div><\/li><li id=\"field_13_4\" class=\"gfield gfield--type-textarea field_sublabel_below gfield--no-description field_description_below field_validation_below gfield_visibility_visible\"  ><label class='gfield_label gform-field-label' for='input_13_4'>Cu\u00e9ntenos un poco m\u00e1s sobre c\u00f3mo podemos ayudarlo:<\/label><div class='ginput_container ginput_container_textarea'><textarea name='input_4' id='input_13_4' class='textarea medium'      aria-invalid=\"false\"   rows='10' cols='50'><\/textarea><\/div><\/li><li id=\"field_13_5\" class=\"gfield gfield--type-captcha field_sublabel_below gfield--no-description field_description_below field_validation_below gfield_visibility_visible\"  ><label class='gfield_label gform-field-label' for='input_13_5'>Captcha<\/label><div id='input_13_5' class='ginput_container ginput_recaptcha' data-sitekey='6LeDQn0rAAAAAPnKKfGirPc5ZFlgb2bjFoE5yY85'  data-theme='light' data-tabindex='0'  data-badge=''><\/div><\/li><\/ul><\/div>\n        <div class='gform-footer gform_footer top_label'> <input type='submit' id='gform_submit_button_13' class='gform_button button' onclick='gform.submission.handleButtonClick(this);' data-submission-type='submit' value='Enviar'  \/> <input type='hidden' name='gform_ajax' value='form_id=13&amp;title=&amp;description=&amp;tabindex=0&amp;theme=legacy&amp;styles=[]&amp;hash=2284f48453d2280bb8ca6472042b6d03' \/>\n            <input type='hidden' class='gform_hidden' name='gform_submission_method' data-js='gform_submission_method_13' value='iframe' \/>\n            <input type='hidden' class='gform_hidden' name='gform_theme' data-js='gform_theme_13' id='gform_theme_13' value='legacy' \/>\n            <input type='hidden' class='gform_hidden' name='gform_style_settings' data-js='gform_style_settings_13' id='gform_style_settings_13' value='[]' \/>\n            <input type='hidden' class='gform_hidden' name='is_submit_13' value='1' \/>\n            <input type='hidden' class='gform_hidden' name='gform_submit' value='13' \/>\n            \n            <input type='hidden' class='gform_hidden' name='gform_currency' data-currency='USD' value='r2pf71l1g7Dq+Tv8xIMv0nNpbK88iYHP\/GwQwq1T7eNiRFvPLETTpQDkhcRkidOkCyXqf7b99mxbv28z2vDX5XfmulPaDVnXV+cMO\/7dmUYbI70=' \/>\n            <input type='hidden' class='gform_hidden' name='gform_unique_id' value='' \/>\n            <input type='hidden' class='gform_hidden' name='state_13' value='WyJbXSIsIjc3YTI5MzhmNTljMTJmOWQxMGQzZDAxODk2ZjMyODc5Il0=' \/>\n            <input type='hidden' autocomplete='off' class='gform_hidden' name='gform_target_page_number_13' id='gform_target_page_number_13' value='0' \/>\n            <input type='hidden' autocomplete='off' class='gform_hidden' name='gform_source_page_number_13' id='gform_source_page_number_13' value='1' \/>\n            <input type='hidden' name='gform_field_values' value='' \/>\n            \n        <\/div>\n                        <p style=\"display: none !important;\" class=\"akismet-fields-container\" data-prefix=\"ak_\"><label>&#916;<textarea name=\"ak_hp_textarea\" cols=\"45\" rows=\"8\" maxlength=\"100\"><\/textarea><\/label><input type=\"hidden\" id=\"ak_js_1\" name=\"ak_js\" value=\"28\"\/><script>document.getElementById( \"ak_js_1\" ).setAttribute( \"value\", ( new Date() ).getTime() );<\/script><\/p><\/form>\n                        <\/div>\n\t\t                <iframe style='display:none;width:0px;height:0px;' src='about:blank' name='gform_ajax_frame_13' id='gform_ajax_frame_13' title='This iframe contains the logic required to handle Ajax powered Gravity Forms.'><\/iframe>\n\t\t                <script>\ngform.initializeOnLoaded( function() {gformInitSpinner( 13, 'https:\/\/www.maxcomfortac.com\/wp-content\/plugins\/gravityforms\/images\/spinner.svg', true );jQuery('#gform_ajax_frame_13').on('load',function(){var contents = jQuery(this).contents().find('*').html();var is_postback = contents.indexOf('GF_AJAX_POSTBACK') >= 0;if(!is_postback){return;}var form_content = jQuery(this).contents().find('#gform_wrapper_13');var is_confirmation = jQuery(this).contents().find('#gform_confirmation_wrapper_13').length > 0;var is_redirect = contents.indexOf('gformRedirect(){') >= 0;var is_form = form_content.length > 0 && ! is_redirect && ! is_confirmation;var mt = parseInt(jQuery('html').css('margin-top'), 10) + parseInt(jQuery('body').css('margin-top'), 10) + 100;if(is_form){jQuery('#gform_wrapper_13').html(form_content.html());if(form_content.hasClass('gform_validation_error')){jQuery('#gform_wrapper_13').addClass('gform_validation_error');} else {jQuery('#gform_wrapper_13').removeClass('gform_validation_error');}setTimeout( function() { \/* delay the scroll by 50 milliseconds to fix a bug in chrome *\/ jQuery(document).scrollTop(jQuery('#gform_wrapper_13').offset().top - mt); }, 50 );if(window['gformInitDatepicker']) {gformInitDatepicker();}if(window['gformInitPriceFields']) {gformInitPriceFields();}var current_page = jQuery('#gform_source_page_number_13').val();gformInitSpinner( 13, 'https:\/\/www.maxcomfortac.com\/wp-content\/plugins\/gravityforms\/images\/spinner.svg', true );jQuery(document).trigger('gform_page_loaded', [13, current_page]);window['gf_submitting_13'] = false;}else if(!is_redirect){var confirmation_content = jQuery(this).contents().find('.GF_AJAX_POSTBACK').html();if(!confirmation_content){confirmation_content = contents;}jQuery('#gform_wrapper_13').replaceWith(confirmation_content);jQuery(document).scrollTop(jQuery('#gf_13').offset().top - mt);jQuery(document).trigger('gform_confirmation_loaded', [13]);window['gf_submitting_13'] = false;wp.a11y.speak(jQuery('#gform_confirmation_message_13').text());}else{jQuery('#gform_13').append(contents);if(window['gformRedirect']) {gformRedirect();}}jQuery(document).trigger(\"gform_pre_post_render\", [{ formId: \"13\", currentPage: \"current_page\", abort: function() { this.preventDefault(); } }]);        if (event && event.defaultPrevented) {                return;        }        const gformWrapperDiv = document.getElementById( \"gform_wrapper_13\" );        if ( gformWrapperDiv ) {            const visibilitySpan = document.createElement( \"span\" );            visibilitySpan.id = \"gform_visibility_test_13\";            gformWrapperDiv.insertAdjacentElement( \"afterend\", visibilitySpan );        }        const visibilityTestDiv = document.getElementById( \"gform_visibility_test_13\" );        let postRenderFired = false;        function triggerPostRender() {            if ( postRenderFired ) {                return;            }            postRenderFired = true;            gform.core.triggerPostRenderEvents( 13, current_page );            if ( visibilityTestDiv ) {                visibilityTestDiv.parentNode.removeChild( visibilityTestDiv );            }        }        function debounce( func, wait, immediate ) {            var timeout;            return function() {                var context = this, args = arguments;                var later = function() {                    timeout = null;                    if ( !immediate ) func.apply( context, args );                };                var callNow = immediate && !timeout;                clearTimeout( timeout );                timeout = setTimeout( later, wait );                if ( callNow ) func.apply( context, args );            };        }        const debouncedTriggerPostRender = debounce( function() {            triggerPostRender();        }, 200 );        if ( visibilityTestDiv && visibilityTestDiv.offsetParent === null ) {            const observer = new MutationObserver( ( mutations ) => {                mutations.forEach( ( mutation ) => {                    if ( mutation.type === 'attributes' && visibilityTestDiv.offsetParent !== null ) {                        debouncedTriggerPostRender();                        observer.disconnect();                    }                });            });            observer.observe( document.body, {                attributes: true,                childList: false,                subtree: true,                attributeFilter: [ 'style', 'class' ],            });        } else {            triggerPostRender();        }    } );} );\n<\/script>\n\n<h3>Heating Tune Up  &#8211; Servicing the Houston, TX, and Surrounding Areas<\/h3>\n","protected":false},"excerpt":{"rendered":"<p>Heating Tune Up In Houston, TX, and Surrounding Areas Heating Tune Up &#8211; Servicing the Houston, TX, and Surrounding Areas<\/p>\n","protected":false},"author":105,"featured_media":0,"parent":16854,"menu_order":0,"comment_status":"closed","ping_status":"closed","template":"","meta":{"site-sidebar-layout":"no-sidebar","site-content-layout":"page-builder","ast-site-content-layout":"default","site-content-style":"default","site-sidebar-style":"default","ast-global-header-display":"","ast-banner-title-visibility":"","ast-main-header-display":"","ast-hfb-above-header-display":"","ast-hfb-below-header-display":"","ast-hfb-mobile-header-display":"","site-post-title":"disabled","ast-breadcrumbs-content":"","ast-featured-img":"disabled","footer-sml-layout":"","ast-disable-related-posts":"","theme-transparent-header-meta":"default","adv-header-id-meta":"","stick-header-meta":"","header-above-stick-meta":"","header-main-stick-meta":"","header-below-stick-meta":"","astra-migrate-meta-layouts":"default","ast-page-background-enabled":"default","ast-page-background-meta":{"desktop":{"background-color":"","background-image":"","background-repeat":"repeat","background-position":"center center","background-size":"auto","background-attachment":"scroll","background-type":"","background-media":"","overlay-type":"","overlay-color":"","overlay-opacity":"","overlay-gradient":""},"tablet":{"background-color":"","background-image":"","background-repeat":"repeat","background-position":"center center","background-size":"auto","background-attachment":"scroll","background-type":"","background-media":"","overlay-type":"","overlay-color":"","overlay-opacity":"","overlay-gradient":""},"mobile":{"background-color":"","background-image":"","background-repeat":"repeat","background-position":"center center","background-size":"auto","background-attachment":"scroll","background-type":"","background-media":"","overlay-type":"","overlay-color":"","overlay-opacity":"","overlay-gradient":""}},"ast-content-background-meta":{"desktop":{"background-color":"var(--ast-global-color-5)","background-image":"","background-repeat":"repeat","background-position":"center center","background-size":"auto","background-attachment":"scroll","background-type":"","background-media":"","overlay-type":"","overlay-color":"","overlay-opacity":"","overlay-gradient":""},"tablet":{"background-color":"var(--ast-global-color-5)","background-image":"","background-repeat":"repeat","background-position":"center center","background-size":"auto","background-attachment":"scroll","background-type":"","background-media":"","overlay-type":"","overlay-color":"","overlay-opacity":"","overlay-gradient":""},"mobile":{"background-color":"var(--ast-global-color-5)","background-image":"","background-repeat":"repeat","background-position":"center center","background-size":"auto","background-attachment":"scroll","background-type":"","background-media":"","overlay-type":"","overlay-color":"","overlay-opacity":"","overlay-gradient":""}},"footnotes":""},"class_list":["post-17173","page","type-page","status-publish","hentry"],"_links":{"self":[{"href":"https:\/\/www.maxcomfortac.com\/es\/wp-json\/wp\/v2\/pages\/17173","targetHints":{"allow":["GET"]}}],"collection":[{"href":"https:\/\/www.maxcomfortac.com\/es\/wp-json\/wp\/v2\/pages"}],"about":[{"href":"https:\/\/www.maxcomfortac.com\/es\/wp-json\/wp\/v2\/types\/page"}],"author":[{"embeddable":true,"href":"https:\/\/www.maxcomfortac.com\/es\/wp-json\/wp\/v2\/users\/105"}],"replies":[{"embeddable":true,"href":"https:\/\/www.maxcomfortac.com\/es\/wp-json\/wp\/v2\/comments?post=17173"}],"version-history":[{"count":0,"href":"https:\/\/www.maxcomfortac.com\/es\/wp-json\/wp\/v2\/pages\/17173\/revisions"}],"up":[{"embeddable":true,"href":"https:\/\/www.maxcomfortac.com\/es\/wp-json\/wp\/v2\/pages\/16854"}],"wp:attachment":[{"href":"https:\/\/www.maxcomfortac.com\/es\/wp-json\/wp\/v2\/media?parent=17173"}],"curies":[{"name":"wp","href":"https:\/\/api.w.org\/{rel}","templated":true}]}}