{"id":17172,"date":"2020-10-13T02:33:41","date_gmt":"2020-10-13T07:33:41","guid":{"rendered":"http:\/\/maxcomfortac.wpengine.com\/calefaccion\/servicio-de-calefaccion-en-houston-tx\/"},"modified":"2020-10-13T02:33:42","modified_gmt":"2020-10-13T07:33:42","slug":"servicio-de-calefaccion-en-houston-tx","status":"publish","type":"page","link":"https:\/\/www.maxcomfortac.com\/es\/calefaccion\/servicio-de-calefaccion-en-houston-tx\/","title":{"rendered":"Servicio de calefacci\u00f3n en Houston, TX"},"content":{"rendered":"\t\t<div data-elementor-type=\"wp-page\" data-elementor-id=\"17172\" class=\"elementor elementor-17172 elementor-17112\" data-elementor-post-type=\"page\">\n\t\t\t\t\t\t<section class=\"elementor-section elementor-top-section elementor-element elementor-element-dc8c2c3 elementor-section-boxed elementor-section-height-default elementor-section-height-default\" data-id=\"dc8c2c3\" data-element_type=\"section\" data-e-type=\"section\">\n\t\t\t\t\t\t<div class=\"elementor-container elementor-column-gap-wider\">\n\t\t\t\t\t<div class=\"elementor-column elementor-col-100 elementor-top-column elementor-element elementor-element-f6e1af6\" data-id=\"f6e1af6\" data-element_type=\"column\" data-e-type=\"column\">\n\t\t\t<div class=\"elementor-widget-wrap elementor-element-populated\">\n\t\t\t\t\t\t<div class=\"elementor-element elementor-element-4774ad9 elementor-widget elementor-widget-heading\" data-id=\"4774ad9\" data-element_type=\"widget\" data-e-type=\"widget\" data-widget_type=\"heading.default\">\n\t\t\t\t<div class=\"elementor-widget-container\">\n\t\t\t\t\t<h2 class=\"elementor-heading-title elementor-size-default\">Servicio de calefacci\u00f3n en Houston, TX y \u00e1reas circundantes<\/h2>\t\t\t\t<\/div>\n\t\t\t\t<\/div>\n\t\t\t\t<div class=\"elementor-element elementor-element-70c7d7a elementor-widget elementor-widget-text-editor\" data-id=\"70c7d7a\" data-element_type=\"widget\" data-e-type=\"widget\" data-widget_type=\"text-editor.default\">\n\t\t\t\t<div class=\"elementor-widget-container\">\n\t\t\t\t\t\t\t\t\t<p>Para sobrevivir a los fr\u00edos inviernos en Houston, Cypress y Katy, debe tener un sistema de calefacci\u00f3n eficiente y completamente funcional. Pero, \u00bfc\u00f3mo se asegura de que su sistema de calefacci\u00f3n funcione a su m\u00e1xima capacidad? \u00bfC\u00f3mo se asegura de que no tendr\u00e1 aver\u00edas inesperadas en medio de los g\u00e9lidos inviernos? Aqu\u00ed est\u00e1 la respuesta a estas dos preguntas: hacer reparar su sistema de calefacci\u00f3n a intervalos de tiempo frecuentes.<\/p>\n<p>El <strong> servicio de calefacci\u00f3n <\/strong> es esencial para proteger su sistema de calefacci\u00f3n contra las inclemencias del tiempo y mantenerlo completamente funcional durante los tiempos de prueba.<\/p>\n<p>Max Comfort AC se encuentra entre las empresas l\u00edderes de HVAC en Texas que brindan una amplia gama de servicios de calefacci\u00f3n para el sistema de calefacci\u00f3n instalado en su hogar. Con la experiencia de los mejores t\u00e9cnicos, puede estar seguro de que su sistema de calefacci\u00f3n est\u00e1 en las manos adecuadas.<\/p>\n\t\t\t\t\t\t\t\t<\/div>\n\t\t\t\t<\/div>\n\t\t\t\t<div class=\"elementor-element elementor-element-2c2f73c elementor-widget elementor-widget-heading\" data-id=\"2c2f73c\" data-element_type=\"widget\" data-e-type=\"widget\" data-widget_type=\"heading.default\">\n\t\t\t\t<div class=\"elementor-widget-container\">\n\t\t\t\t\t<h3 class=\"elementor-heading-title elementor-size-default\">Nuestros servicios de calefacci\u00f3n<\/h3>\t\t\t\t<\/div>\n\t\t\t\t<\/div>\n\t\t\t\t<div class=\"elementor-element elementor-element-a9cfc19 elementor-widget elementor-widget-text-editor\" data-id=\"a9cfc19\" data-element_type=\"widget\" data-e-type=\"widget\" data-widget_type=\"text-editor.default\">\n\t\t\t\t<div class=\"elementor-widget-container\">\n\t\t\t\t\t\t\t\t\t<p>Max Comfort AC comprende la importancia de un sistema de calefacci\u00f3n que funcione bien y, por lo tanto, nos esforzamos por brindar un <strong> servicio de calefacci\u00f3n <\/strong> competitivo a precios asequibles. Contamos con un equipo de profesionales calificados y certificados que utilizan las mejores herramientas y tecnolog\u00edas para dar servicio a su sistema de calefacci\u00f3n.<\/p>\n<p>Ofrecemos una amplia gama de servicios de calefacci\u00f3n que se mencionan a continuaci\u00f3n:<\/p>\n<ul>\n<li>Reparaciones y servicios de calefacci\u00f3n.<\/li>\n<li>Instalaci\u00f3n y reemplazo de calefacci\u00f3n.<\/li>\n<li>Reparaci\u00f3n y servicio de la bomba de calor.<\/li>\n<li>Instalaci\u00f3n y reemplazo de la bomba de calor.<\/li>\n<\/ul>\n\t\t\t\t\t\t\t\t<\/div>\n\t\t\t\t<\/div>\n\t\t\t\t<div class=\"elementor-element elementor-element-2972c79 elementor-widget elementor-widget-heading\" data-id=\"2972c79\" data-element_type=\"widget\" data-e-type=\"widget\" data-widget_type=\"heading.default\">\n\t\t\t\t<div class=\"elementor-widget-container\">\n\t\t\t\t\t<h3 class=\"elementor-heading-title elementor-size-default\">\u00bfPor qu\u00e9 elegirnos?<\/h3>\t\t\t\t<\/div>\n\t\t\t\t<\/div>\n\t\t\t\t<div class=\"elementor-element elementor-element-cb4813a elementor-widget elementor-widget-text-editor\" data-id=\"cb4813a\" data-element_type=\"widget\" data-e-type=\"widget\" data-widget_type=\"text-editor.default\">\n\t\t\t\t<div class=\"elementor-widget-container\">\n\t\t\t\t\t\t\t\t\t<ul>\n<li><strong> Experiencia: <\/strong> Con m\u00e1s de dos d\u00e9cadas de experiencia, nos aseguramos de que nuestros expertos satisfagan todas sus necesidades.<\/li>\n<li><strong> Confianza del cliente: <\/strong> durante las \u00faltimas d\u00e9cadas, hemos ganado una gran confianza entre las personas que residen en Houston, Cypress y Katy.<\/li>\n<li><strong> Servicios de alta calidad: <\/strong> ya sea que necesite <strong> servicio de calefacci\u00f3n <\/strong> o cualquier otro servicio, nos aseguramos de que todos nuestros servicios sean de la mejor calidad.<\/li>\n<li><strong> Precios asequibles: <\/strong> nuestros servicios tienen un precio razonable y, por lo tanto, no tiene que preocuparse por su presupuesto.<\/li>\n<\/ul>\n\t\t\t\t\t\t\t\t<\/div>\n\t\t\t\t<\/div>\n\t\t\t\t<div class=\"elementor-element elementor-element-2c0e28f elementor-widget elementor-widget-heading\" data-id=\"2c0e28f\" data-element_type=\"widget\" data-e-type=\"widget\" data-widget_type=\"heading.default\">\n\t\t\t\t<div class=\"elementor-widget-container\">\n\t\t\t\t\t<h3 class=\"elementor-heading-title elementor-size-default\">Servicio de calefacci\u00f3n: servicio en Houston, TX y \u00e1reas circundantes<\/h3>\t\t\t\t<\/div>\n\t\t\t\t<\/div>\n\t\t\t\t\t<\/div>\n\t\t<\/div>\n\t\t\t\t\t<\/div>\n\t\t<\/section>\n\t\t\t\t<\/div>\n\t\t","protected":false},"excerpt":{"rendered":"<p>Servicio de calefacci\u00f3n en Houston, TX y \u00e1reas circundantes Para sobrevivir a los fr\u00edos inviernos en Houston, Cypress y Katy, debe tener un sistema de calefacci\u00f3n eficiente y completamente funcional. Pero, \u00bfc\u00f3mo se asegura de que su sistema de calefacci\u00f3n funcione a su m\u00e1xima capacidad? \u00bfC\u00f3mo se asegura de que no tendr\u00e1 aver\u00edas inesperadas en [&hellip;]<\/p>\n","protected":false},"author":105,"featured_media":0,"parent":16854,"menu_order":0,"comment_status":"closed","ping_status":"closed","template":"","meta":{"site-sidebar-layout":"no-sidebar","site-content-layout":"page-builder","ast-site-content-layout":"default","site-content-style":"default","site-sidebar-style":"default","ast-global-header-display":"","ast-banner-title-visibility":"","ast-main-header-display":"","ast-hfb-above-header-display":"","ast-hfb-below-header-display":"","ast-hfb-mobile-header-display":"","site-post-title":"disabled","ast-breadcrumbs-content":"","ast-featured-img":"disabled","footer-sml-layout":"","ast-disable-related-posts":"","theme-transparent-header-meta":"default","adv-header-id-meta":"","stick-header-meta":"","header-above-stick-meta":"","header-main-stick-meta":"","header-below-stick-meta":"","astra-migrate-meta-layouts":"default","ast-page-background-enabled":"default","ast-page-background-meta":{"desktop":{"background-color":"","background-image":"","background-repeat":"repeat","background-position":"center center","background-size":"auto","background-attachment":"scroll","background-type":"","background-media":"","overlay-type":"","overlay-color":"","overlay-opacity":"","overlay-gradient":""},"tablet":{"background-color":"","background-image":"","background-repeat":"repeat","background-position":"center center","background-size":"auto","background-attachment":"scroll","background-type":"","background-media":"","overlay-type":"","overlay-color":"","overlay-opacity":"","overlay-gradient":""},"mobile":{"background-color":"","background-image":"","background-repeat":"repeat","background-position":"center center","background-size":"auto","background-attachment":"scroll","background-type":"","background-media":"","overlay-type":"","overlay-color":"","overlay-opacity":"","overlay-gradient":""}},"ast-content-background-meta":{"desktop":{"background-color":"var(--ast-global-color-5)","background-image":"","background-repeat":"repeat","background-position":"center center","background-size":"auto","background-attachment":"scroll","background-type":"","background-media":"","overlay-type":"","overlay-color":"","overlay-opacity":"","overlay-gradient":""},"tablet":{"background-color":"var(--ast-global-color-5)","background-image":"","background-repeat":"repeat","background-position":"center center","background-size":"auto","background-attachment":"scroll","background-type":"","background-media":"","overlay-type":"","overlay-color":"","overlay-opacity":"","overlay-gradient":""},"mobile":{"background-color":"var(--ast-global-color-5)","background-image":"","background-repeat":"repeat","background-position":"center center","background-size":"auto","background-attachment":"scroll","background-type":"","background-media":"","overlay-type":"","overlay-color":"","overlay-opacity":"","overlay-gradient":""}},"footnotes":""},"class_list":["post-17172","page","type-page","status-publish","hentry"],"_links":{"self":[{"href":"https:\/\/www.maxcomfortac.com\/es\/wp-json\/wp\/v2\/pages\/17172","targetHints":{"allow":["GET"]}}],"collection":[{"href":"https:\/\/www.maxcomfortac.com\/es\/wp-json\/wp\/v2\/pages"}],"about":[{"href":"https:\/\/www.maxcomfortac.com\/es\/wp-json\/wp\/v2\/types\/page"}],"author":[{"embeddable":true,"href":"https:\/\/www.maxcomfortac.com\/es\/wp-json\/wp\/v2\/users\/105"}],"replies":[{"embeddable":true,"href":"https:\/\/www.maxcomfortac.com\/es\/wp-json\/wp\/v2\/comments?post=17172"}],"version-history":[{"count":0,"href":"https:\/\/www.maxcomfortac.com\/es\/wp-json\/wp\/v2\/pages\/17172\/revisions"}],"up":[{"embeddable":true,"href":"https:\/\/www.maxcomfortac.com\/es\/wp-json\/wp\/v2\/pages\/16854"}],"wp:attachment":[{"href":"https:\/\/www.maxcomfortac.com\/es\/wp-json\/wp\/v2\/media?parent=17172"}],"curies":[{"name":"wp","href":"https:\/\/api.w.org\/{rel}","templated":true}]}}