{"id":17170,"date":"2020-10-13T02:27:31","date_gmt":"2020-10-13T07:27:31","guid":{"rendered":"http:\/\/maxcomfortac.wpengine.com\/enfriamiento\/servicio-de-aire-acondicionado-en-houston-tx\/"},"modified":"2022-03-09T13:30:53","modified_gmt":"2022-03-09T18:30:53","slug":"servicio-de-aire-acondicionado-en-houston-tx","status":"publish","type":"page","link":"https:\/\/www.maxcomfortac.com\/es\/enfriamiento\/servicio-de-aire-acondicionado-en-houston-tx\/","title":{"rendered":"Servicio de aire acondicionado en Houston, TX"},"content":{"rendered":"\t\t<div data-elementor-type=\"wp-page\" data-elementor-id=\"17170\" class=\"elementor elementor-17170 elementor-17108\" data-elementor-post-type=\"page\">\n\t\t\t\t\t\t<section class=\"elementor-section elementor-top-section elementor-element elementor-element-e55202a elementor-section-boxed elementor-section-height-default elementor-section-height-default\" data-id=\"e55202a\" data-element_type=\"section\" data-e-type=\"section\">\n\t\t\t\t\t\t<div class=\"elementor-container elementor-column-gap-wider\">\n\t\t\t\t\t<div class=\"elementor-column elementor-col-100 elementor-top-column elementor-element elementor-element-197f6c9a\" data-id=\"197f6c9a\" data-element_type=\"column\" data-e-type=\"column\">\n\t\t\t<div class=\"elementor-widget-wrap elementor-element-populated\">\n\t\t\t\t\t\t<div class=\"elementor-element elementor-element-697baed3 elementor-widget elementor-widget-heading\" data-id=\"697baed3\" data-element_type=\"widget\" data-e-type=\"widget\" data-widget_type=\"heading.default\">\n\t\t\t\t<div class=\"elementor-widget-container\">\n\t\t\t\t\t<h2 class=\"elementor-heading-title elementor-size-default\">Servicio de aire acondicionado en Houston, TX y \u00e1reas circundantes<\/h2>\t\t\t\t<\/div>\n\t\t\t\t<\/div>\n\t\t\t\t<div class=\"elementor-element elementor-element-7da06da elementor-widget elementor-widget-text-editor\" data-id=\"7da06da\" data-element_type=\"widget\" data-e-type=\"widget\" data-widget_type=\"text-editor.default\">\n\t\t\t\t<div class=\"elementor-widget-container\">\n\t\t\t\t\t\t\t\t\tSi desea que su aire acondicionado funcione de manera \u00f3ptima, debe cuidarlo bien. Cuidar de su aire acondicionado es tan importante como cuidar otras cosas como su autom\u00f3vil o su refrigerador. Debe llamar a profesionales para un <strong> servicio de aire acondicionado <\/strong> regular para asegurarse de que todo est\u00e9 bien y de que su aire acondicionado funcione sin problemas. <a href=\"tel:832-256-5805\"> Ll\u00e1menos <\/a> para el servicio de aire acondicionado en Houston, Cypress, Katy, TX y \u00e1reas circundantes\n\nElegir la mejor empresa de puesta a punto de aire acondicionado puede ser un desaf\u00edo, pero con Max Comfort AC a su lado, no tiene que buscar m\u00e1s.\n\nMax Comfort AC es un proveedor experto de servicios de aire acondicionado que da un paso al frente para resolver todos los problemas de su sistema de enfriamiento. \u00a1Independientemente de los problemas que tenga con su aire acondicionado, estaremos all\u00ed lo antes posible para resolverlos!\t\t\t\t\t\t\t\t<\/div>\n\t\t\t\t<\/div>\n\t\t\t\t<div class=\"elementor-element elementor-element-f68cbc1 elementor-widget elementor-widget-image\" data-id=\"f68cbc1\" data-element_type=\"widget\" data-e-type=\"widget\" data-widget_type=\"image.default\">\n\t\t\t\t<div class=\"elementor-widget-container\">\n\t\t\t\t\t\t\t\t\t\t\t\t\t\t\t<img fetchpriority=\"high\" decoding=\"async\" width=\"724\" height=\"483\" src=\"https:\/\/www.maxcomfortac.com\/wp-content\/uploads\/2020\/10\/AC-Service.jpg\" class=\"attachment-large size-large wp-image-17225\" alt=\"AC Service  In Houston, Cypress, Katy, TX and Surrounding Areas\" srcset=\"https:\/\/www.maxcomfortac.com\/wp-content\/uploads\/2020\/10\/AC-Service.jpg 724w, https:\/\/www.maxcomfortac.com\/wp-content\/uploads\/2020\/10\/AC-Service-300x200.jpg 300w\" sizes=\"(max-width: 724px) 100vw, 724px\" \/>\t\t\t\t\t\t\t\t\t\t\t\t\t\t\t<\/div>\n\t\t\t\t<\/div>\n\t\t\t\t<div class=\"elementor-element elementor-element-66ade7b elementor-widget elementor-widget-heading\" data-id=\"66ade7b\" data-element_type=\"widget\" data-e-type=\"widget\" data-widget_type=\"heading.default\">\n\t\t\t\t<div class=\"elementor-widget-container\">\n\t\t\t\t\t<h3 class=\"elementor-heading-title elementor-size-default\">Nuestros servicios de aire acondicionado\n<\/h3>\t\t\t\t<\/div>\n\t\t\t\t<\/div>\n\t\t\t\t<div class=\"elementor-element elementor-element-b70f8ae elementor-widget elementor-widget-text-editor\" data-id=\"b70f8ae\" data-element_type=\"widget\" data-e-type=\"widget\" data-widget_type=\"text-editor.default\">\n\t\t\t\t<div class=\"elementor-widget-container\">\n\t\t\t\t\t\t\t\t\t<p>Un proveedor de servicios experto y reconocido en Houston, Cypress y Katy, Max Comfort AC garantiza que todas las necesidades de sus clientes se satisfagan con la debida diligencia. Contando con un equipo de los mejores y m\u00e1s expertos t\u00e9cnicos, brindamos las mejores soluciones para sus problemas de Aire Acondicionado. Todos nuestros t\u00e9cnicos cuentan con la licencia y el seguro necesarios para realizar nuestros servicios en Texas.<\/p><p>Los servicios de aire acondicionado que ofrece Max Comfort AC son:<\/p><ul><li><a href=\"https:\/\/www.maxcomfortac.com\/air-conditioning\/ac-tune-up-houston-tx\/\"> Sintonizaci\u00f3n de CA <\/a><\/li><li><a href=\"https:\/\/www.maxcomfortac.com\/air-conditioning\/ac-replacement\/\"> reemplazo de CA <\/a><\/li><li><a href=\"https:\/\/www.maxcomfortac.com\/air-conditioning\/ac-repair\/\"> Reparaci\u00f3n de CA <\/a><\/li><li><strong> Servicio de aire acondicionado. <\/strong><\/li><li><a href=\"https:\/\/www.maxcomfortac.com\/air-conditioning\/ac-installation\/\"> instalaci\u00f3n de CA <\/a><\/li><li><a href=\"https:\/\/www.maxcomfortac.com\/air-conditioning\/ac-maintenance\/\"> mantenimiento de CA <\/a><\/li><\/ul>\t\t\t\t\t\t\t\t<\/div>\n\t\t\t\t<\/div>\n\t\t\t\t<div class=\"elementor-element elementor-element-81b16cf elementor-widget elementor-widget-heading\" data-id=\"81b16cf\" data-element_type=\"widget\" data-e-type=\"widget\" data-widget_type=\"heading.default\">\n\t\t\t\t<div class=\"elementor-widget-container\">\n\t\t\t\t\t<h3 class=\"elementor-heading-title elementor-size-default\">\u00bfPor qu\u00e9 elegirnos?\n<\/h3>\t\t\t\t<\/div>\n\t\t\t\t<\/div>\n\t\t\t\t<div class=\"elementor-element elementor-element-d6a5ecd elementor-widget elementor-widget-text-editor\" data-id=\"d6a5ecd\" data-element_type=\"widget\" data-e-type=\"widget\" data-widget_type=\"text-editor.default\">\n\t\t\t\t<div class=\"elementor-widget-container\">\n\t\t\t\t\t\t\t\t\t<ul>\n<li> <strong> Experiencia: <\/strong> Max Comfort AC tiene m\u00e1s de dos d\u00e9cadas de experiencia brindando todos los servicios esenciales de aire acondicionado en diferentes partes de Texas. <\/li>\n<li> <strong> Excelencia: <\/strong> Trabajamos para superar las expectativas del cliente y, por lo tanto, todos nuestros servicios de <strong> Servicio de aire acondicionado <\/strong> se realizan con excelencia. <\/li>\n<li> <strong> T\u00e9cnicos capacitados: <\/strong> Nuestros t\u00e9cnicos est\u00e1n certificados y cuentan con una capacitaci\u00f3n rigurosa para resolver todos los problemas con su aire acondicionado, y es por eso que sobresalen en sus tareas. <\/li>\n<li> <strong> Satisfacci\u00f3n garantizada: <\/strong> le garantizamos una satisfacci\u00f3n del 100% a trav\u00e9s de nuestros servicios para que pueda tener una experiencia de cliente excepcional con nosotros. <\/li>\n<\/ul>\t\t\t\t\t\t\t\t<\/div>\n\t\t\t\t<\/div>\n\t\t\t\t<div class=\"elementor-element elementor-element-4ad98b7 elementor-widget elementor-widget-heading\" data-id=\"4ad98b7\" data-element_type=\"widget\" data-e-type=\"widget\" data-widget_type=\"heading.default\">\n\t\t\t\t<div class=\"elementor-widget-container\">\n\t\t\t\t\t<h3 class=\"elementor-heading-title elementor-size-default\"><a href=\"\/contact-us\/\"> Cont\u00e1ctenos <\/a> hoy para el servicio de aire acondicionado en Houston, Cypress, Katy, TX y \u00e1reas circundantes.\n<\/h3>\t\t\t\t<\/div>\n\t\t\t\t<\/div>\n\t\t\t\t\t<\/div>\n\t\t<\/div>\n\t\t\t\t\t<\/div>\n\t\t<\/section>\n\t\t\t\t<section class=\"elementor-section elementor-top-section elementor-element elementor-element-072a764 elementor-section-boxed elementor-section-height-default elementor-section-height-default\" data-id=\"072a764\" data-element_type=\"section\" data-e-type=\"section\">\n\t\t\t\t\t\t<div class=\"elementor-container elementor-column-gap-default\">\n\t\t\t\t\t<div class=\"elementor-column elementor-col-100 elementor-top-column elementor-element elementor-element-c026eca\" data-id=\"c026eca\" data-element_type=\"column\" data-e-type=\"column\">\n\t\t\t<div class=\"elementor-widget-wrap\">\n\t\t\t\t\t\t\t<\/div>\n\t\t<\/div>\n\t\t\t\t\t<\/div>\n\t\t<\/section>\n\t\t\t\t<\/div>\n\t\t","protected":false},"excerpt":{"rendered":"<p>Servicio de aire acondicionado en Houston, TX y \u00e1reas circundantes Si desea que su aire acondicionado funcione de manera \u00f3ptima, debe cuidarlo bien. Cuidar de su aire acondicionado es tan importante como cuidar otras cosas como su autom\u00f3vil o su refrigerador. Debe llamar a profesionales para un servicio de aire acondicionado regular para asegurarse de [&hellip;]<\/p>\n","protected":false},"author":105,"featured_media":0,"parent":16823,"menu_order":0,"comment_status":"closed","ping_status":"closed","template":"","meta":{"site-sidebar-layout":"no-sidebar","site-content-layout":"page-builder","ast-site-content-layout":"default","site-content-style":"default","site-sidebar-style":"default","ast-global-header-display":"","ast-banner-title-visibility":"","ast-main-header-display":"","ast-hfb-above-header-display":"","ast-hfb-below-header-display":"","ast-hfb-mobile-header-display":"","site-post-title":"disabled","ast-breadcrumbs-content":"","ast-featured-img":"disabled","footer-sml-layout":"","ast-disable-related-posts":"","theme-transparent-header-meta":"default","adv-header-id-meta":"","stick-header-meta":"","header-above-stick-meta":"","header-main-stick-meta":"","header-below-stick-meta":"","astra-migrate-meta-layouts":"default","ast-page-background-enabled":"default","ast-page-background-meta":{"desktop":{"background-color":"","background-image":"","background-repeat":"repeat","background-position":"center center","background-size":"auto","background-attachment":"scroll","background-type":"","background-media":"","overlay-type":"","overlay-color":"","overlay-opacity":"","overlay-gradient":""},"tablet":{"background-color":"","background-image":"","background-repeat":"repeat","background-position":"center center","background-size":"auto","background-attachment":"scroll","background-type":"","background-media":"","overlay-type":"","overlay-color":"","overlay-opacity":"","overlay-gradient":""},"mobile":{"background-color":"","background-image":"","background-repeat":"repeat","background-position":"center center","background-size":"auto","background-attachment":"scroll","background-type":"","background-media":"","overlay-type":"","overlay-color":"","overlay-opacity":"","overlay-gradient":""}},"ast-content-background-meta":{"desktop":{"background-color":"var(--ast-global-color-5)","background-image":"","background-repeat":"repeat","background-position":"center center","background-size":"auto","background-attachment":"scroll","background-type":"","background-media":"","overlay-type":"","overlay-color":"","overlay-opacity":"","overlay-gradient":""},"tablet":{"background-color":"var(--ast-global-color-5)","background-image":"","background-repeat":"repeat","background-position":"center center","background-size":"auto","background-attachment":"scroll","background-type":"","background-media":"","overlay-type":"","overlay-color":"","overlay-opacity":"","overlay-gradient":""},"mobile":{"background-color":"var(--ast-global-color-5)","background-image":"","background-repeat":"repeat","background-position":"center center","background-size":"auto","background-attachment":"scroll","background-type":"","background-media":"","overlay-type":"","overlay-color":"","overlay-opacity":"","overlay-gradient":""}},"footnotes":""},"class_list":["post-17170","page","type-page","status-publish","hentry"],"_links":{"self":[{"href":"https:\/\/www.maxcomfortac.com\/es\/wp-json\/wp\/v2\/pages\/17170","targetHints":{"allow":["GET"]}}],"collection":[{"href":"https:\/\/www.maxcomfortac.com\/es\/wp-json\/wp\/v2\/pages"}],"about":[{"href":"https:\/\/www.maxcomfortac.com\/es\/wp-json\/wp\/v2\/types\/page"}],"author":[{"embeddable":true,"href":"https:\/\/www.maxcomfortac.com\/es\/wp-json\/wp\/v2\/users\/105"}],"replies":[{"embeddable":true,"href":"https:\/\/www.maxcomfortac.com\/es\/wp-json\/wp\/v2\/comments?post=17170"}],"version-history":[{"count":0,"href":"https:\/\/www.maxcomfortac.com\/es\/wp-json\/wp\/v2\/pages\/17170\/revisions"}],"up":[{"embeddable":true,"href":"https:\/\/www.maxcomfortac.com\/es\/wp-json\/wp\/v2\/pages\/16823"}],"wp:attachment":[{"href":"https:\/\/www.maxcomfortac.com\/es\/wp-json\/wp\/v2\/media?parent=17170"}],"curies":[{"name":"wp","href":"https:\/\/api.w.org\/{rel}","templated":true}]}}