{"id":17169,"date":"2020-10-13T02:26:40","date_gmt":"2020-10-13T07:26:40","guid":{"rendered":"http:\/\/maxcomfortac.wpengine.com\/enfriamiento\/ac-tune-up-en-houston-tx\/"},"modified":"2020-10-13T02:26:40","modified_gmt":"2020-10-13T07:26:40","slug":"ac-tune-up-en-houston-tx","status":"publish","type":"page","link":"https:\/\/www.maxcomfortac.com\/es\/enfriamiento\/ac-tune-up-en-houston-tx\/","title":{"rendered":"AC Tune Up en Houston, TX"},"content":{"rendered":"\t\t<div data-elementor-type=\"wp-page\" data-elementor-id=\"17169\" class=\"elementor elementor-17169\" data-elementor-post-type=\"page\">\n\t\t\t\t\t\t<section class=\"elementor-section elementor-top-section elementor-element elementor-element-8050b7d elementor-section-boxed elementor-section-height-default elementor-section-height-default\" data-id=\"8050b7d\" data-element_type=\"section\" data-e-type=\"section\">\n\t\t\t\t\t\t<div class=\"elementor-container elementor-column-gap-wider\">\n\t\t\t\t\t<div class=\"elementor-column elementor-col-100 elementor-top-column elementor-element elementor-element-db6aca6\" data-id=\"db6aca6\" data-element_type=\"column\" data-e-type=\"column\">\n\t\t\t<div class=\"elementor-widget-wrap elementor-element-populated\">\n\t\t\t\t\t\t<div class=\"elementor-element elementor-element-628bea6 elementor-widget elementor-widget-heading\" data-id=\"628bea6\" data-element_type=\"widget\" data-e-type=\"widget\" data-widget_type=\"heading.default\">\n\t\t\t\t<div class=\"elementor-widget-container\">\n\t\t\t\t\t<h2 class=\"elementor-heading-title elementor-size-default\">AC Tune Up en Houston, TX y \u00e1reas circundantes<\/h2>\t\t\t\t<\/div>\n\t\t\t\t<\/div>\n\t\t\t\t<div class=\"elementor-element elementor-element-25c9474 elementor-widget elementor-widget-text-editor\" data-id=\"25c9474\" data-element_type=\"widget\" data-e-type=\"widget\" data-widget_type=\"text-editor.default\">\n\t\t\t\t<div class=\"elementor-widget-container\">\n\t\t\t\t\t\t\t\t\t<p>Si desea que su aire acondicionado funcione de manera \u00f3ptima, debe cuidarlo bien. Cuidar su aire acondicionado es tan importante como cuidar otras cosas como su autom\u00f3vil o su refrigerador. Debe llamar a los profesionales para una <strong> puesta a punto del aire acondicionado <\/strong> regular para asegurarse de que todo est\u00e9 bien y de que su aire acondicionado est\u00e9 funcionando sin problemas.<\/p>\n<p>Elegir la mejor empresa de puesta a punto de CA puede ser un desaf\u00edo, pero con Max Comfort AC a su lado, no tiene que buscar m\u00e1s.<\/p>\n<p>Max Comfort AC es un proveedor experto de servicios de CA que da un paso al frente para resolver todos los problemas de su sistema de enfriamiento. Independientemente de los problemas que tenga con su aire acondicionado, estaremos all\u00ed lo antes posible para resolverlos por usted.<\/p>\n\t\t\t\t\t\t\t\t<\/div>\n\t\t\t\t<\/div>\n\t\t\t\t<div class=\"elementor-element elementor-element-01346b5 elementor-widget elementor-widget-heading\" data-id=\"01346b5\" data-element_type=\"widget\" data-e-type=\"widget\" data-widget_type=\"heading.default\">\n\t\t\t\t<div class=\"elementor-widget-container\">\n\t\t\t\t\t<h3 class=\"elementor-heading-title elementor-size-default\">Nuestros servicios AC<\/h3>\t\t\t\t<\/div>\n\t\t\t\t<\/div>\n\t\t\t\t<div class=\"elementor-element elementor-element-6cd9224 elementor-widget elementor-widget-text-editor\" data-id=\"6cd9224\" data-element_type=\"widget\" data-e-type=\"widget\" data-widget_type=\"text-editor.default\">\n\t\t\t\t<div class=\"elementor-widget-container\">\n\t\t\t\t\t\t\t\t\t<p>Un proveedor de servicios experto y reconocido en Houston, Cypress y Katy, Max Comfort AC garantiza que todas las necesidades de sus clientes se satisfagan con la debida diligencia. Contando con un equipo de los mejores y m\u00e1s expertos t\u00e9cnicos, brindamos las mejores soluciones para sus problemas de CA. Todos nuestros t\u00e9cnicos cuentan con la licencia y el seguro necesarios para realizar nuestros servicios en Texas.<\/p>\n<p>Los servicios de aire acondicionado que ofrece Max Comfort AC son:<\/p>\n<ul>\n<li><strong> Optimizaci\u00f3n del aire acondicionado. <\/strong><\/li>\n<li>Reemplazo de aire acondicionado.<\/li>\n<li>Reparaci\u00f3n de aire acondicionado.<\/li>\n<li>Servicio de aire acondicionado.<\/li>\n<li>Instalaci\u00f3n de aire acondicionado.<\/li>\n<li>Mantenimiento de aire acondicionado.<\/li>\n<\/ul>\n\t\t\t\t\t\t\t\t<\/div>\n\t\t\t\t<\/div>\n\t\t\t\t<div class=\"elementor-element elementor-element-cf8badd elementor-widget elementor-widget-heading\" data-id=\"cf8badd\" data-element_type=\"widget\" data-e-type=\"widget\" data-widget_type=\"heading.default\">\n\t\t\t\t<div class=\"elementor-widget-container\">\n\t\t\t\t\t<h3 class=\"elementor-heading-title elementor-size-default\">\u00bfPor qu\u00e9 elegirnos?<\/h3>\t\t\t\t<\/div>\n\t\t\t\t<\/div>\n\t\t\t\t<div class=\"elementor-element elementor-element-15b71c5 elementor-widget elementor-widget-text-editor\" data-id=\"15b71c5\" data-element_type=\"widget\" data-e-type=\"widget\" data-widget_type=\"text-editor.default\">\n\t\t\t\t<div class=\"elementor-widget-container\">\n\t\t\t\t\t\t\t\t\t<ul>\n<li><strong> Experiencia: <\/strong> Max Comfort AC tiene m\u00e1s de dos d\u00e9cadas de experiencia brindando todos los servicios esenciales de aire acondicionado en diferentes partes de Texas.<\/li>\n<li><strong> Excelencia: <\/strong> trabajamos para superar las expectativas del cliente y, por lo tanto, todos nuestros servicios de <strong> puesta a punto de CA <\/strong> se realizan con excelencia.<\/li>\n<li><strong> T\u00e9cnicos capacitados: <\/strong> Nuestros t\u00e9cnicos est\u00e1n certificados y cuentan con una capacitaci\u00f3n rigurosa para resolver todos los problemas con su aire acondicionado, y es por eso que sobresalen en sus tareas.<\/li>\n<li><strong> Satisfacci\u00f3n garantizada: <\/strong> le garantizamos una satisfacci\u00f3n del 100% a trav\u00e9s de nuestros servicios para que pueda tener una experiencia de cliente excepcional con nosotros.<\/li>\n<\/ul>\n\t\t\t\t\t\t\t\t<\/div>\n\t\t\t\t<\/div>\n\t\t\t\t<div class=\"elementor-element elementor-element-56e6aeb elementor-widget elementor-widget-heading\" data-id=\"56e6aeb\" data-element_type=\"widget\" data-e-type=\"widget\" data-widget_type=\"heading.default\">\n\t\t\t\t<div class=\"elementor-widget-container\">\n\t\t\t\t\t<h3 class=\"elementor-heading-title elementor-size-default\">AC Tune Up - Servicio en Houston, TX y \u00e1reas circundantes<\/h3>\t\t\t\t<\/div>\n\t\t\t\t<\/div>\n\t\t\t\t\t<\/div>\n\t\t<\/div>\n\t\t\t\t\t<\/div>\n\t\t<\/section>\n\t\t\t\t<\/div>\n\t\t","protected":false},"excerpt":{"rendered":"<p>AC Tune Up en Houston, TX y \u00e1reas circundantes Si desea que su aire acondicionado funcione de manera \u00f3ptima, debe cuidarlo bien. Cuidar su aire acondicionado es tan importante como cuidar otras cosas como su autom\u00f3vil o su refrigerador. Debe llamar a los profesionales para una puesta a punto del aire acondicionado regular para asegurarse [&hellip;]<\/p>\n","protected":false},"author":105,"featured_media":0,"parent":16823,"menu_order":0,"comment_status":"closed","ping_status":"closed","template":"","meta":{"site-sidebar-layout":"no-sidebar","site-content-layout":"page-builder","ast-site-content-layout":"default","site-content-style":"default","site-sidebar-style":"default","ast-global-header-display":"","ast-banner-title-visibility":"","ast-main-header-display":"","ast-hfb-above-header-display":"","ast-hfb-below-header-display":"","ast-hfb-mobile-header-display":"","site-post-title":"disabled","ast-breadcrumbs-content":"","ast-featured-img":"disabled","footer-sml-layout":"","ast-disable-related-posts":"","theme-transparent-header-meta":"default","adv-header-id-meta":"","stick-header-meta":"","header-above-stick-meta":"","header-main-stick-meta":"","header-below-stick-meta":"","astra-migrate-meta-layouts":"default","ast-page-background-enabled":"default","ast-page-background-meta":{"desktop":{"background-color":"","background-image":"","background-repeat":"repeat","background-position":"center center","background-size":"auto","background-attachment":"scroll","background-type":"","background-media":"","overlay-type":"","overlay-color":"","overlay-opacity":"","overlay-gradient":""},"tablet":{"background-color":"","background-image":"","background-repeat":"repeat","background-position":"center center","background-size":"auto","background-attachment":"scroll","background-type":"","background-media":"","overlay-type":"","overlay-color":"","overlay-opacity":"","overlay-gradient":""},"mobile":{"background-color":"","background-image":"","background-repeat":"repeat","background-position":"center center","background-size":"auto","background-attachment":"scroll","background-type":"","background-media":"","overlay-type":"","overlay-color":"","overlay-opacity":"","overlay-gradient":""}},"ast-content-background-meta":{"desktop":{"background-color":"var(--ast-global-color-5)","background-image":"","background-repeat":"repeat","background-position":"center center","background-size":"auto","background-attachment":"scroll","background-type":"","background-media":"","overlay-type":"","overlay-color":"","overlay-opacity":"","overlay-gradient":""},"tablet":{"background-color":"var(--ast-global-color-5)","background-image":"","background-repeat":"repeat","background-position":"center center","background-size":"auto","background-attachment":"scroll","background-type":"","background-media":"","overlay-type":"","overlay-color":"","overlay-opacity":"","overlay-gradient":""},"mobile":{"background-color":"var(--ast-global-color-5)","background-image":"","background-repeat":"repeat","background-position":"center center","background-size":"auto","background-attachment":"scroll","background-type":"","background-media":"","overlay-type":"","overlay-color":"","overlay-opacity":"","overlay-gradient":""}},"footnotes":""},"class_list":["post-17169","page","type-page","status-publish","hentry"],"_links":{"self":[{"href":"https:\/\/www.maxcomfortac.com\/es\/wp-json\/wp\/v2\/pages\/17169","targetHints":{"allow":["GET"]}}],"collection":[{"href":"https:\/\/www.maxcomfortac.com\/es\/wp-json\/wp\/v2\/pages"}],"about":[{"href":"https:\/\/www.maxcomfortac.com\/es\/wp-json\/wp\/v2\/types\/page"}],"author":[{"embeddable":true,"href":"https:\/\/www.maxcomfortac.com\/es\/wp-json\/wp\/v2\/users\/105"}],"replies":[{"embeddable":true,"href":"https:\/\/www.maxcomfortac.com\/es\/wp-json\/wp\/v2\/comments?post=17169"}],"version-history":[{"count":0,"href":"https:\/\/www.maxcomfortac.com\/es\/wp-json\/wp\/v2\/pages\/17169\/revisions"}],"up":[{"embeddable":true,"href":"https:\/\/www.maxcomfortac.com\/es\/wp-json\/wp\/v2\/pages\/16823"}],"wp:attachment":[{"href":"https:\/\/www.maxcomfortac.com\/es\/wp-json\/wp\/v2\/media?parent=17169"}],"curies":[{"name":"wp","href":"https:\/\/api.w.org\/{rel}","templated":true}]}}