{"id":17168,"date":"2020-10-13T02:23:24","date_gmt":"2020-10-13T07:23:24","guid":{"rendered":"http:\/\/maxcomfortac.wpengine.com\/enfriamiento\/sintonizacion-y-mantenimiento-de-ca-en-houston-tx\/"},"modified":"2020-10-19T07:33:10","modified_gmt":"2020-10-19T12:33:10","slug":"sintonizacion-y-mantenimiento-de-ca-en-houston-tx","status":"publish","type":"page","link":"https:\/\/www.maxcomfortac.com\/es\/enfriamiento\/sintonizacion-y-mantenimiento-de-ca-en-houston-tx\/","title":{"rendered":"Sintonizaci\u00f3n y mantenimiento de CA en Houston, TX"},"content":{"rendered":"\t\t<div data-elementor-type=\"wp-page\" data-elementor-id=\"17168\" class=\"elementor elementor-17168 elementor-17150\" data-elementor-post-type=\"page\">\n\t\t\t\t\t\t<section class=\"elementor-section elementor-top-section elementor-element elementor-element-99813f6 elementor-section-boxed elementor-section-height-default elementor-section-height-default\" data-id=\"99813f6\" data-element_type=\"section\" data-e-type=\"section\">\n\t\t\t\t\t\t<div class=\"elementor-container elementor-column-gap-wider\">\n\t\t\t\t\t<div class=\"elementor-column elementor-col-100 elementor-top-column elementor-element elementor-element-ee429e8\" data-id=\"ee429e8\" data-element_type=\"column\" data-e-type=\"column\">\n\t\t\t<div class=\"elementor-widget-wrap elementor-element-populated\">\n\t\t\t\t\t\t<div class=\"elementor-element elementor-element-6daa2c7 elementor-widget elementor-widget-heading\" data-id=\"6daa2c7\" data-element_type=\"widget\" data-e-type=\"widget\" data-widget_type=\"heading.default\">\n\t\t\t\t<div class=\"elementor-widget-container\">\n\t\t\t\t\t<h2 class=\"elementor-heading-title elementor-size-default\">Sintonizaci\u00f3n y mantenimiento de CA en Houston, TX y \u00e1reas circundantes<\/h2>\t\t\t\t<\/div>\n\t\t\t\t<\/div>\n\t\t\t\t<div class=\"elementor-element elementor-element-69b099f elementor-widget elementor-widget-text-editor\" data-id=\"69b099f\" data-element_type=\"widget\" data-e-type=\"widget\" data-widget_type=\"text-editor.default\">\n\t\t\t\t<div class=\"elementor-widget-container\">\n\t\t\t\t\t\t\t\t\tLa mejor manera de proteger su aire acondicionado de todos los da\u00f1os y aver\u00edas inoportunas es ajust\u00e1ndolo y manteni\u00e9ndolo de vez en cuando. Aunque esto pueda parecer un proceso agotador, no lo es. <strong> Tune ups &amp; El mantenimiento <\/strong> es esencial para mantener su aire acondicionado en perfecto funcionamiento durante la temporada de verano. Obtener ayuda profesional para estos servicios es una opci\u00f3n recomendable.\n\nCon los expertos de Max Comfort AC a tu lado, no tienes que preocuparte por nada. Contamos con el conjunto de conocimientos y herramientas adecuados para ayudarlo con todos los servicios de mantenimiento esenciales. Le sugerimos que ajuste y mantenga su CA durante los meses de invierno, ya que no se utilizar\u00e1 durante esos meses. Contamos con servicios las 24 horas para ayudarlo con sus necesidades de aire acondicionado.\n\n\t\t\t\t\t\t\t\t<\/div>\n\t\t\t\t<\/div>\n\t\t\t\t<div class=\"elementor-element elementor-element-6c44bc9 elementor-widget elementor-widget-heading\" data-id=\"6c44bc9\" data-element_type=\"widget\" data-e-type=\"widget\" data-widget_type=\"heading.default\">\n\t\t\t\t<div class=\"elementor-widget-container\">\n\t\t\t\t\t<h3 class=\"elementor-heading-title elementor-size-default\">Nuestros servicios AC<\/h3>\t\t\t\t<\/div>\n\t\t\t\t<\/div>\n\t\t\t\t<div class=\"elementor-element elementor-element-cfc59aa elementor-widget elementor-widget-text-editor\" data-id=\"cfc59aa\" data-element_type=\"widget\" data-e-type=\"widget\" data-widget_type=\"text-editor.default\">\n\t\t\t\t<div class=\"elementor-widget-container\">\n\t\t\t\t\t\t\t\t\t<p>Max Comfort AC se encuentra entre los proveedores de servicios de aire acondicionado m\u00e1s queridos en diferentes \u00e1reas de Texas, a saber, Houston, Cypress y Katy. Si est\u00e1 buscando <strong> tune ups &amp; servicios de mantenimiento <\/strong>, siempre puede ponerse en contacto con nosotros. Nuestros expertos cuentan con una formaci\u00f3n completa para solucionar todos sus problemas.<\/p>\n<p>Los amplios servicios que brindan los profesionales de Max Comfort AC son:<\/p>\n<ul>\n<li>Puesta a punto de CA.<\/li>\n<li>Mantenimiento de aire acondicionado.<\/li>\n<li>Reparaci\u00f3n de aire acondicionado.<\/li>\n<li>Servicio de aire acondicionado.<\/li>\n<li>Reemplazo de aire acondicionado.<\/li>\n<li>Instalaci\u00f3n de aire acondicionado.<\/li>\n<\/ul>\n\t\t\t\t\t\t\t\t<\/div>\n\t\t\t\t<\/div>\n\t\t\t\t<div class=\"elementor-element elementor-element-50e94da elementor-widget elementor-widget-heading\" data-id=\"50e94da\" data-element_type=\"widget\" data-e-type=\"widget\" data-widget_type=\"heading.default\">\n\t\t\t\t<div class=\"elementor-widget-container\">\n\t\t\t\t\t<h3 class=\"elementor-heading-title elementor-size-default\">\u00bfPor qu\u00e9 elegirnos?<\/h3>\t\t\t\t<\/div>\n\t\t\t\t<\/div>\n\t\t\t\t<div class=\"elementor-element elementor-element-a66fb3b elementor-widget elementor-widget-text-editor\" data-id=\"a66fb3b\" data-element_type=\"widget\" data-e-type=\"widget\" data-widget_type=\"text-editor.default\">\n\t\t\t\t<div class=\"elementor-widget-container\">\n\t\t\t\t\t\t\t\t\t<ul>\n<li><strong> Soluciones expertas: <\/strong> Independientemente del problema con su CA, le proporcionaremos soluciones expertas para ellas y, por lo tanto, no tiene que preocuparse por nada.<\/li>\n<li><strong> F\u00e1cil disponibilidad: <\/strong> estamos f\u00e1cilmente disponibles y puede contactarnos en cualquier momento del d\u00eda y de la noche para solucionar sus problemas de aire acondicionado.<\/li>\n<li><strong> T\u00e9cnicos calificados: <\/strong> todos nuestros t\u00e9cnicos tienen los conocimientos adecuados para llevar a cabo todas las afinaciones y ajustes de CA esenciales. mantenimiento y otros servicios.<\/li>\n<li><strong> 100% de satisfacci\u00f3n: <\/strong> proporcionamos un 100% de satisfacci\u00f3n a todos nuestros clientes mediante servicios excepcionales en las \u00e1reas de Houston, Cypress y Katy.<\/li>\n<\/ul>\n\t\t\t\t\t\t\t\t<\/div>\n\t\t\t\t<\/div>\n\t\t\t\t<div class=\"elementor-element elementor-element-ab18c71 elementor-widget elementor-widget-heading\" data-id=\"ab18c71\" data-element_type=\"widget\" data-e-type=\"widget\" data-widget_type=\"heading.default\">\n\t\t\t\t<div class=\"elementor-widget-container\">\n\t\t\t\t\t<h3 class=\"elementor-heading-title elementor-size-default\">Sintonizaci\u00f3n y mantenimiento de CA: servicio de Houston, TX y \u00e1reas circundantes<\/h3>\t\t\t\t<\/div>\n\t\t\t\t<\/div>\n\t\t\t\t\t<\/div>\n\t\t<\/div>\n\t\t\t\t\t<\/div>\n\t\t<\/section>\n\t\t\t\t<\/div>\n\t\t","protected":false},"excerpt":{"rendered":"<p>Sintonizaci\u00f3n y mantenimiento de CA en Houston, TX y \u00e1reas circundantes La mejor manera de proteger su aire acondicionado de todos los da\u00f1os y aver\u00edas inoportunas es ajust\u00e1ndolo y manteni\u00e9ndolo de vez en cuando. Aunque esto pueda parecer un proceso agotador, no lo es. Tune ups &amp; El mantenimiento es esencial para mantener su aire [&hellip;]<\/p>\n","protected":false},"author":105,"featured_media":0,"parent":16823,"menu_order":0,"comment_status":"closed","ping_status":"closed","template":"","meta":{"site-sidebar-layout":"no-sidebar","site-content-layout":"page-builder","ast-site-content-layout":"default","site-content-style":"default","site-sidebar-style":"default","ast-global-header-display":"","ast-banner-title-visibility":"","ast-main-header-display":"","ast-hfb-above-header-display":"","ast-hfb-below-header-display":"","ast-hfb-mobile-header-display":"","site-post-title":"disabled","ast-breadcrumbs-content":"","ast-featured-img":"disabled","footer-sml-layout":"","ast-disable-related-posts":"","theme-transparent-header-meta":"default","adv-header-id-meta":"","stick-header-meta":"","header-above-stick-meta":"","header-main-stick-meta":"","header-below-stick-meta":"","astra-migrate-meta-layouts":"default","ast-page-background-enabled":"default","ast-page-background-meta":{"desktop":{"background-color":"","background-image":"","background-repeat":"repeat","background-position":"center center","background-size":"auto","background-attachment":"scroll","background-type":"","background-media":"","overlay-type":"","overlay-color":"","overlay-opacity":"","overlay-gradient":""},"tablet":{"background-color":"","background-image":"","background-repeat":"repeat","background-position":"center center","background-size":"auto","background-attachment":"scroll","background-type":"","background-media":"","overlay-type":"","overlay-color":"","overlay-opacity":"","overlay-gradient":""},"mobile":{"background-color":"","background-image":"","background-repeat":"repeat","background-position":"center center","background-size":"auto","background-attachment":"scroll","background-type":"","background-media":"","overlay-type":"","overlay-color":"","overlay-opacity":"","overlay-gradient":""}},"ast-content-background-meta":{"desktop":{"background-color":"var(--ast-global-color-5)","background-image":"","background-repeat":"repeat","background-position":"center center","background-size":"auto","background-attachment":"scroll","background-type":"","background-media":"","overlay-type":"","overlay-color":"","overlay-opacity":"","overlay-gradient":""},"tablet":{"background-color":"var(--ast-global-color-5)","background-image":"","background-repeat":"repeat","background-position":"center center","background-size":"auto","background-attachment":"scroll","background-type":"","background-media":"","overlay-type":"","overlay-color":"","overlay-opacity":"","overlay-gradient":""},"mobile":{"background-color":"var(--ast-global-color-5)","background-image":"","background-repeat":"repeat","background-position":"center center","background-size":"auto","background-attachment":"scroll","background-type":"","background-media":"","overlay-type":"","overlay-color":"","overlay-opacity":"","overlay-gradient":""}},"footnotes":""},"class_list":["post-17168","page","type-page","status-publish","hentry"],"_links":{"self":[{"href":"https:\/\/www.maxcomfortac.com\/es\/wp-json\/wp\/v2\/pages\/17168","targetHints":{"allow":["GET"]}}],"collection":[{"href":"https:\/\/www.maxcomfortac.com\/es\/wp-json\/wp\/v2\/pages"}],"about":[{"href":"https:\/\/www.maxcomfortac.com\/es\/wp-json\/wp\/v2\/types\/page"}],"author":[{"embeddable":true,"href":"https:\/\/www.maxcomfortac.com\/es\/wp-json\/wp\/v2\/users\/105"}],"replies":[{"embeddable":true,"href":"https:\/\/www.maxcomfortac.com\/es\/wp-json\/wp\/v2\/comments?post=17168"}],"version-history":[{"count":0,"href":"https:\/\/www.maxcomfortac.com\/es\/wp-json\/wp\/v2\/pages\/17168\/revisions"}],"up":[{"embeddable":true,"href":"https:\/\/www.maxcomfortac.com\/es\/wp-json\/wp\/v2\/pages\/16823"}],"wp:attachment":[{"href":"https:\/\/www.maxcomfortac.com\/es\/wp-json\/wp\/v2\/media?parent=17168"}],"curies":[{"name":"wp","href":"https:\/\/api.w.org\/{rel}","templated":true}]}}