{"id":17166,"date":"2020-10-13T01:53:02","date_gmt":"2020-10-13T06:53:02","guid":{"rendered":"http:\/\/maxcomfortac.wpengine.com\/compania-de-hvac-en-houston-tx\/"},"modified":"2020-10-13T01:54:54","modified_gmt":"2020-10-13T06:54:54","slug":"compania-de-hvac-en-houston-tx","status":"publish","type":"page","link":"https:\/\/www.maxcomfortac.com\/es\/compania-de-hvac-en-houston-tx\/","title":{"rendered":"Compa\u00f1\u00eda de HVAC en Houston, TX"},"content":{"rendered":"\t\t<div data-elementor-type=\"wp-page\" data-elementor-id=\"17166\" class=\"elementor elementor-17166 elementor-17151\" data-elementor-post-type=\"page\">\n\t\t\t\t\t\t<section class=\"elementor-section elementor-top-section elementor-element elementor-element-9c707b9 elementor-section-boxed elementor-section-height-default elementor-section-height-default\" data-id=\"9c707b9\" data-element_type=\"section\" data-e-type=\"section\">\n\t\t\t\t\t\t<div class=\"elementor-container elementor-column-gap-wider\">\n\t\t\t\t\t<div class=\"elementor-column elementor-col-100 elementor-top-column elementor-element elementor-element-ed821ae\" data-id=\"ed821ae\" data-element_type=\"column\" data-e-type=\"column\">\n\t\t\t<div class=\"elementor-widget-wrap elementor-element-populated\">\n\t\t\t\t\t\t<div class=\"elementor-element elementor-element-584e8f4 elementor-widget elementor-widget-heading\" data-id=\"584e8f4\" data-element_type=\"widget\" data-e-type=\"widget\" data-widget_type=\"heading.default\">\n\t\t\t\t<div class=\"elementor-widget-container\">\n\t\t\t\t\t<h2 class=\"elementor-heading-title elementor-size-default\">Compa\u00f1\u00eda de HVAC en Houston, TX y \u00e1reas circundantes<\/h2>\t\t\t\t<\/div>\n\t\t\t\t<\/div>\n\t\t\t\t<div class=\"elementor-element elementor-element-56b0b7c elementor-widget elementor-widget-text-editor\" data-id=\"56b0b7c\" data-element_type=\"widget\" data-e-type=\"widget\" data-widget_type=\"text-editor.default\">\n\t\t\t\t<div class=\"elementor-widget-container\">\n\t\t\t\t\t\t\t\t\t<p>Como todas las otras cosas preciosas en su hogar, su sistema de HVAC tambi\u00e9n es esencial. A pesar de que es un producto que dura mucho tiempo, debe saber que el mal mantenimiento del sistema HVAC puede acortar su capacidad operativa. Para asegurarse de que funcione de manera eficiente y en su mejor capacidad, debe ponerse en contacto con los expertos de la mejor <strong> empresa de HVAC <\/strong> de su \u00e1rea.<\/p>\n<p>Si es residente de Houston, Cypress o Katy, entonces no necesita buscar ninguna otra <strong> compa\u00f1\u00eda de HVAC <\/strong> ya que tiene Max Comfort AC a su lado. Entre las empresas l\u00edderes de HVAC en Texas, Max Comfort AC est\u00e1 equipado con el mejor equipo de t\u00e9cnicos que poseen un gran conocimiento sobre todas las partes de su sistema HVAC. Si tiene alg\u00fan problema, \u00a1Max Comfort AC estar\u00e1 aqu\u00ed para ayudarlo!<\/p>\n\t\t\t\t\t\t\t\t<\/div>\n\t\t\t\t<\/div>\n\t\t\t\t<div class=\"elementor-element elementor-element-59ea7ef elementor-widget elementor-widget-heading\" data-id=\"59ea7ef\" data-element_type=\"widget\" data-e-type=\"widget\" data-widget_type=\"heading.default\">\n\t\t\t\t<div class=\"elementor-widget-container\">\n\t\t\t\t\t<h3 class=\"elementor-heading-title elementor-size-default\">Nuestros servicios HVAC<\/h3>\t\t\t\t<\/div>\n\t\t\t\t<\/div>\n\t\t\t\t<div class=\"elementor-element elementor-element-06b9472 elementor-widget elementor-widget-text-editor\" data-id=\"06b9472\" data-element_type=\"widget\" data-e-type=\"widget\" data-widget_type=\"text-editor.default\">\n\t\t\t\t<div class=\"elementor-widget-container\">\n\t\t\t\t\t\t\t\t\t<p>Mantener su sistema HVAC por su cuenta no es tan f\u00e1cil como parece. Debe tener muchos conocimientos t\u00e9cnicos para asegurarse de que su sistema HVAC funcione de manera \u00f3ptima. Por tanto, llamar a expertos de la mejor <strong> empresa HVAC <\/strong> es lo recomendable. Contamos con conocimientos especializados sobre los sistemas HVAC, por eso podemos ayudar a mejorar su funcionamiento.<\/p>\n<p>Los distintos servicios que ofrece Max Comfort AC son:<\/p>\n<ul>\n<li>Calefacci\u00f3n &amp; instalaci\u00f3n de refrigeraci\u00f3n.<\/li>\n<li>Calefacci\u00f3n &amp; mantenimiento de refrigeraci\u00f3n.<\/li>\n<li>Calefacci\u00f3n &amp; reparaci\u00f3n de refrigeraci\u00f3n.<\/li>\n<li>Calefacci\u00f3n &amp; reemplazo de enfriamiento.<\/li>\n<li>Calefacci\u00f3n &amp; puesta a punto de enfriamiento.<\/li>\n<li>Calefacci\u00f3n &amp; servicio de enfriamiento.<\/li>\n<\/ul>\n\t\t\t\t\t\t\t\t<\/div>\n\t\t\t\t<\/div>\n\t\t\t\t<div class=\"elementor-element elementor-element-fccfa3f elementor-widget elementor-widget-heading\" data-id=\"fccfa3f\" data-element_type=\"widget\" data-e-type=\"widget\" data-widget_type=\"heading.default\">\n\t\t\t\t<div class=\"elementor-widget-container\">\n\t\t\t\t\t<h3 class=\"elementor-heading-title elementor-size-default\">\u00bfPor qu\u00e9 elegirnos?<\/h3>\t\t\t\t<\/div>\n\t\t\t\t<\/div>\n\t\t\t\t<div class=\"elementor-element elementor-element-d2f8278 elementor-widget elementor-widget-text-editor\" data-id=\"d2f8278\" data-element_type=\"widget\" data-e-type=\"widget\" data-widget_type=\"text-editor.default\">\n\t\t\t\t<div class=\"elementor-widget-container\">\n\t\t\t\t\t\t\t\t\t<ul>\n<li><strong> Servicios confiables: <\/strong> llevamos m\u00e1s de dos d\u00e9cadas brindando servicios a clientes en Texas. Somos conocidos por nuestros servicios confiables.<\/li>\n<li><strong> Respuesta r\u00e1pida: <\/strong> nuestra <strong> empresa de HVAC <\/strong> se asegura de que lleguen a su hogar en poco tiempo.<\/li>\n<li><strong> T\u00e9cnicos expertos: <\/strong> todos nuestros t\u00e9cnicos tienen los conocimientos, habilidades y certificaciones adecuados para llevar a cabo los servicios requeridos.<\/li>\n<li><strong> Precios razonables: <\/strong> seguimos una estrategia de precios razonables para adaptarse a todos los presupuestos de nuestros clientes.<\/li>\n<\/ul>\n\t\t\t\t\t\t\t\t<\/div>\n\t\t\t\t<\/div>\n\t\t\t\t<div class=\"elementor-element elementor-element-3df8910 elementor-widget elementor-widget-heading\" data-id=\"3df8910\" data-element_type=\"widget\" data-e-type=\"widget\" data-widget_type=\"heading.default\">\n\t\t\t\t<div class=\"elementor-widget-container\">\n\t\t\t\t\t<h3 class=\"elementor-heading-title elementor-size-default\">Compa\u00f1\u00eda de HVAC: servicio en Houston, TX y \u00e1reas circundantes<\/h3>\t\t\t\t<\/div>\n\t\t\t\t<\/div>\n\t\t\t\t\t<\/div>\n\t\t<\/div>\n\t\t\t\t\t<\/div>\n\t\t<\/section>\n\t\t\t\t<\/div>\n\t\t","protected":false},"excerpt":{"rendered":"<p>Compa\u00f1\u00eda de HVAC en Houston, TX y \u00e1reas circundantes Como todas las otras cosas preciosas en su hogar, su sistema de HVAC tambi\u00e9n es esencial. A pesar de que es un producto que dura mucho tiempo, debe saber que el mal mantenimiento del sistema HVAC puede acortar su capacidad operativa. Para asegurarse de que funcione [&hellip;]<\/p>\n","protected":false},"author":105,"featured_media":0,"parent":0,"menu_order":0,"comment_status":"closed","ping_status":"closed","template":"","meta":{"site-sidebar-layout":"no-sidebar","site-content-layout":"page-builder","ast-site-content-layout":"default","site-content-style":"default","site-sidebar-style":"default","ast-global-header-display":"","ast-banner-title-visibility":"","ast-main-header-display":"","ast-hfb-above-header-display":"","ast-hfb-below-header-display":"","ast-hfb-mobile-header-display":"","site-post-title":"disabled","ast-breadcrumbs-content":"","ast-featured-img":"disabled","footer-sml-layout":"","ast-disable-related-posts":"","theme-transparent-header-meta":"default","adv-header-id-meta":"","stick-header-meta":"","header-above-stick-meta":"","header-main-stick-meta":"","header-below-stick-meta":"","astra-migrate-meta-layouts":"default","ast-page-background-enabled":"default","ast-page-background-meta":{"desktop":{"background-color":"","background-image":"","background-repeat":"repeat","background-position":"center center","background-size":"auto","background-attachment":"scroll","background-type":"","background-media":"","overlay-type":"","overlay-color":"","overlay-opacity":"","overlay-gradient":""},"tablet":{"background-color":"","background-image":"","background-repeat":"repeat","background-position":"center center","background-size":"auto","background-attachment":"scroll","background-type":"","background-media":"","overlay-type":"","overlay-color":"","overlay-opacity":"","overlay-gradient":""},"mobile":{"background-color":"","background-image":"","background-repeat":"repeat","background-position":"center center","background-size":"auto","background-attachment":"scroll","background-type":"","background-media":"","overlay-type":"","overlay-color":"","overlay-opacity":"","overlay-gradient":""}},"ast-content-background-meta":{"desktop":{"background-color":"var(--ast-global-color-5)","background-image":"","background-repeat":"repeat","background-position":"center center","background-size":"auto","background-attachment":"scroll","background-type":"","background-media":"","overlay-type":"","overlay-color":"","overlay-opacity":"","overlay-gradient":""},"tablet":{"background-color":"var(--ast-global-color-5)","background-image":"","background-repeat":"repeat","background-position":"center center","background-size":"auto","background-attachment":"scroll","background-type":"","background-media":"","overlay-type":"","overlay-color":"","overlay-opacity":"","overlay-gradient":""},"mobile":{"background-color":"var(--ast-global-color-5)","background-image":"","background-repeat":"repeat","background-position":"center center","background-size":"auto","background-attachment":"scroll","background-type":"","background-media":"","overlay-type":"","overlay-color":"","overlay-opacity":"","overlay-gradient":""}},"footnotes":""},"class_list":["post-17166","page","type-page","status-publish","hentry"],"_links":{"self":[{"href":"https:\/\/www.maxcomfortac.com\/es\/wp-json\/wp\/v2\/pages\/17166","targetHints":{"allow":["GET"]}}],"collection":[{"href":"https:\/\/www.maxcomfortac.com\/es\/wp-json\/wp\/v2\/pages"}],"about":[{"href":"https:\/\/www.maxcomfortac.com\/es\/wp-json\/wp\/v2\/types\/page"}],"author":[{"embeddable":true,"href":"https:\/\/www.maxcomfortac.com\/es\/wp-json\/wp\/v2\/users\/105"}],"replies":[{"embeddable":true,"href":"https:\/\/www.maxcomfortac.com\/es\/wp-json\/wp\/v2\/comments?post=17166"}],"version-history":[{"count":0,"href":"https:\/\/www.maxcomfortac.com\/es\/wp-json\/wp\/v2\/pages\/17166\/revisions"}],"wp:attachment":[{"href":"https:\/\/www.maxcomfortac.com\/es\/wp-json\/wp\/v2\/media?parent=17166"}],"curies":[{"name":"wp","href":"https:\/\/api.w.org\/{rel}","templated":true}]}}