{"id":16895,"date":"2020-10-06T03:01:57","date_gmt":"2020-10-06T08:01:57","guid":{"rendered":"http:\/\/maxcomfortac.wpengine.com\/calculadora-seer\/"},"modified":"2020-10-13T03:14:39","modified_gmt":"2020-10-13T08:14:39","slug":"calculadora-seer","status":"publish","type":"page","link":"https:\/\/www.maxcomfortac.com\/es\/calculadora-seer\/","title":{"rendered":"Calculadora SEER"},"content":{"rendered":"\t\t<div data-elementor-type=\"wp-page\" data-elementor-id=\"16895\" class=\"elementor elementor-16895\" data-elementor-post-type=\"page\">\n\t\t\t\t\t\t<section class=\"elementor-section elementor-top-section elementor-element elementor-element-7489f5ed elementor-section-boxed elementor-section-height-default elementor-section-height-default\" data-id=\"7489f5ed\" data-element_type=\"section\" data-e-type=\"section\">\n\t\t\t\t\t\t<div class=\"elementor-container elementor-column-gap-default\">\n\t\t\t\t\t<div class=\"elementor-column elementor-col-50 elementor-top-column elementor-element elementor-element-784b8c74\" data-id=\"784b8c74\" data-element_type=\"column\" data-e-type=\"column\">\n\t\t\t<div class=\"elementor-widget-wrap elementor-element-populated\">\n\t\t\t\t\t\t<div class=\"elementor-element elementor-element-53d4f6f7 elementor-widget elementor-widget-text-editor\" data-id=\"53d4f6f7\" data-element_type=\"widget\" data-e-type=\"widget\" data-widget_type=\"text-editor.default\">\n\t\t\t\t<div class=\"elementor-widget-container\">\n\t\t\t\t\t\t\t\t\t<h4>Conozca las matem\u00e1ticas para guardar<\/h4>\n<p><img fetchpriority=\"high\" decoding=\"async\" src=\"https:\/\/www.maxcomfortac.com\/wp-content\/uploads\/2018\/10\/a3_energy-efficient.png\" alt=\"\" width=\"900\" height=\"300\" \/> <br \/>En 2006, el precio minorista promedio de la electricidad era de 10,40 \u00a2 por kilovatio hora. <sup> <a href=\"https:\/\/www.eia.gov\/ totalenergy \/ data \/ month \/ pdf \/ sec9_11.pdf \" target=\" _ blank \" rel=\" noopener \"> 1 <\/a> <\/sup> Para mayo de 2018, ese precio aument\u00f3 a 13,15 \u00a2 por kilovatio hora. <sup> 2 <\/sup> \u00a1Eso es un aumento del 26.44% en sus costos de electricidad! <br \/>Con las tarifas en aumento, \u00bfc\u00f3mo puede mantenerse fresco y c\u00f3modo en su hogar y gastar menos en costos de servicios p\u00fablicos? Su respuesta puede depender de un equipo HVAC nuevo y de bajo consumo y su <em> \u00cdndice de eficiencia energ\u00e9tica estacional <\/em> o SEER. <br \/>Los acondicionadores de aire y las bombas de calor reciben una clasificaci\u00f3n SEER relacionada con la eficiencia energ\u00e9tica y el rendimiento de la unidad para enfriar. Pero, \u00bfqu\u00e9 es SEER exactamente y por qu\u00e9 deber\u00eda importarle a usted?<\/p>\n\t\t\t\t\t\t\t\t<\/div>\n\t\t\t\t<\/div>\n\t\t\t\t\t<\/div>\n\t\t<\/div>\n\t\t\t\t<div class=\"elementor-column elementor-col-50 elementor-top-column elementor-element elementor-element-712cea2\" data-id=\"712cea2\" data-element_type=\"column\" data-e-type=\"column\">\n\t\t\t<div class=\"elementor-widget-wrap elementor-element-populated\">\n\t\t\t\t\t\t<div class=\"elementor-element elementor-element-29e4aec elementor-widget elementor-widget-html\" data-id=\"29e4aec\" data-element_type=\"widget\" data-e-type=\"widget\" data-widget_type=\"html.default\">\n\t\t\t\t<div class=\"elementor-widget-container\">\n\t\t\t\t\t<iframe data-src=\"https:\/\/www.ciwebgroup.com\/wp-content\/themes\/astra-child\/seer-calculator\/calculator.html\" width = \"500px\" height = \"400px\" src=\"data:image\/svg+xml;base64,PHN2ZyB3aWR0aD0iMSIgaGVpZ2h0PSIxIiB4bWxucz0iaHR0cDovL3d3dy53My5vcmcvMjAwMC9zdmciPjwvc3ZnPg==\" class=\"lazyload\" data-load-mode=\"1\"> <\/iframe>\r\nEstas son estimaciones, los resultados variar\u00e1n.\t\t\t\t<\/div>\n\t\t\t\t<\/div>\n\t\t\t\t\t<\/div>\n\t\t<\/div>\n\t\t\t\t\t<\/div>\n\t\t<\/section>\n\t\t\t\t<\/div>\n\t\t","protected":false},"excerpt":{"rendered":"<p>\u00bfEst\u00e1 comprando un nuevo sistema de HVAC? Calcula SEER y ahorra dinero. Estas son estimaciones, los resultados pueden variar.<\/p>\n","protected":false},"author":105,"featured_media":16896,"parent":0,"menu_order":0,"comment_status":"closed","ping_status":"closed","template":"","meta":{"site-sidebar-layout":"default","site-content-layout":"default","ast-site-content-layout":"default","site-content-style":"default","site-sidebar-style":"default","ast-global-header-display":"","ast-banner-title-visibility":"","ast-main-header-display":"","ast-hfb-above-header-display":"","ast-hfb-below-header-display":"","ast-hfb-mobile-header-display":"","site-post-title":"","ast-breadcrumbs-content":"","ast-featured-img":"","footer-sml-layout":"","ast-disable-related-posts":"","theme-transparent-header-meta":"default","adv-header-id-meta":"","stick-header-meta":"","header-above-stick-meta":"","header-main-stick-meta":"","header-below-stick-meta":"","astra-migrate-meta-layouts":"default","ast-page-background-enabled":"default","ast-page-background-meta":{"desktop":{"background-color":"","background-image":"","background-repeat":"repeat","background-position":"center center","background-size":"auto","background-attachment":"scroll","background-type":"","background-media":"","overlay-type":"","overlay-color":"","overlay-opacity":"","overlay-gradient":""},"tablet":{"background-color":"","background-image":"","background-repeat":"repeat","background-position":"center center","background-size":"auto","background-attachment":"scroll","background-type":"","background-media":"","overlay-type":"","overlay-color":"","overlay-opacity":"","overlay-gradient":""},"mobile":{"background-color":"","background-image":"","background-repeat":"repeat","background-position":"center center","background-size":"auto","background-attachment":"scroll","background-type":"","background-media":"","overlay-type":"","overlay-color":"","overlay-opacity":"","overlay-gradient":""}},"ast-content-background-meta":{"desktop":{"background-color":"var(--ast-global-color-5)","background-image":"","background-repeat":"repeat","background-position":"center center","background-size":"auto","background-attachment":"scroll","background-type":"","background-media":"","overlay-type":"","overlay-color":"","overlay-opacity":"","overlay-gradient":""},"tablet":{"background-color":"var(--ast-global-color-5)","background-image":"","background-repeat":"repeat","background-position":"center center","background-size":"auto","background-attachment":"scroll","background-type":"","background-media":"","overlay-type":"","overlay-color":"","overlay-opacity":"","overlay-gradient":""},"mobile":{"background-color":"var(--ast-global-color-5)","background-image":"","background-repeat":"repeat","background-position":"center center","background-size":"auto","background-attachment":"scroll","background-type":"","background-media":"","overlay-type":"","overlay-color":"","overlay-opacity":"","overlay-gradient":""}},"footnotes":""},"class_list":["post-16895","page","type-page","status-publish","has-post-thumbnail","hentry"],"_links":{"self":[{"href":"https:\/\/www.maxcomfortac.com\/es\/wp-json\/wp\/v2\/pages\/16895","targetHints":{"allow":["GET"]}}],"collection":[{"href":"https:\/\/www.maxcomfortac.com\/es\/wp-json\/wp\/v2\/pages"}],"about":[{"href":"https:\/\/www.maxcomfortac.com\/es\/wp-json\/wp\/v2\/types\/page"}],"author":[{"embeddable":true,"href":"https:\/\/www.maxcomfortac.com\/es\/wp-json\/wp\/v2\/users\/105"}],"replies":[{"embeddable":true,"href":"https:\/\/www.maxcomfortac.com\/es\/wp-json\/wp\/v2\/comments?post=16895"}],"version-history":[{"count":0,"href":"https:\/\/www.maxcomfortac.com\/es\/wp-json\/wp\/v2\/pages\/16895\/revisions"}],"wp:featuredmedia":[{"embeddable":true,"href":"https:\/\/www.maxcomfortac.com\/es\/wp-json\/wp\/v2\/media\/16896"}],"wp:attachment":[{"href":"https:\/\/www.maxcomfortac.com\/es\/wp-json\/wp\/v2\/media?parent=16895"}],"curies":[{"name":"wp","href":"https:\/\/api.w.org\/{rel}","templated":true}]}}