{"id":16889,"date":"2020-10-06T02:52:21","date_gmt":"2020-10-06T07:52:21","guid":{"rendered":"http:\/\/maxcomfortac.wpengine.com\/servicios\/calidad-del-aire-interior\/"},"modified":"2020-10-13T05:42:18","modified_gmt":"2020-10-13T10:42:18","slug":"calidad-del-aire-interior","status":"publish","type":"page","link":"https:\/\/www.maxcomfortac.com\/es\/servicios\/calidad-del-aire-interior\/","title":{"rendered":"Calidad del Aire Interior"},"content":{"rendered":"\t\t<div data-elementor-type=\"wp-page\" data-elementor-id=\"16889\" class=\"elementor elementor-16889 elementor-211\" data-elementor-post-type=\"page\">\n\t\t\t\t\t\t<section class=\"elementor-section elementor-top-section elementor-element elementor-element-42cb20c0 elementor-section-boxed elementor-section-height-default elementor-section-height-default\" data-id=\"42cb20c0\" data-element_type=\"section\" data-e-type=\"section\">\n\t\t\t\t\t\t<div class=\"elementor-container elementor-column-gap-wider\">\n\t\t\t\t\t<div class=\"elementor-column elementor-col-100 elementor-top-column elementor-element elementor-element-3d15a664\" data-id=\"3d15a664\" data-element_type=\"column\" data-e-type=\"column\">\n\t\t\t<div class=\"elementor-widget-wrap elementor-element-populated\">\n\t\t\t\t\t\t<div class=\"elementor-element elementor-element-3d945706 elementor-widget elementor-widget-heading\" data-id=\"3d945706\" data-element_type=\"widget\" data-e-type=\"widget\" data-widget_type=\"heading.default\">\n\t\t\t\t<div class=\"elementor-widget-container\">\n\t\t\t\t\t<h2 class=\"elementor-heading-title elementor-size-default\">Calidad del Aire Interior en Houston<\/h2>\t\t\t\t<\/div>\n\t\t\t\t<\/div>\n\t\t\t\t<div class=\"elementor-element elementor-element-1d325ab elementor-widget elementor-widget-image\" data-id=\"1d325ab\" data-element_type=\"widget\" data-e-type=\"widget\" data-widget_type=\"image.default\">\n\t\t\t\t<div class=\"elementor-widget-container\">\n\t\t\t\t\t\t\t\t\t\t\t\t\t\t\t<img fetchpriority=\"high\" decoding=\"async\" width=\"768\" height=\"490\" src=\"https:\/\/www.maxcomfortac.com\/wp-content\/uploads\/2020\/09\/Indoor-Air-Quality-768x490.jpg\" class=\"attachment-medium_large size-medium_large wp-image-16538\" alt=\"Indoor Air Quality\" srcset=\"https:\/\/www.maxcomfortac.com\/wp-content\/uploads\/2020\/09\/Indoor-Air-Quality-768x490.jpg 768w, https:\/\/www.maxcomfortac.com\/wp-content\/uploads\/2020\/09\/Indoor-Air-Quality-300x191.jpg 300w, https:\/\/www.maxcomfortac.com\/wp-content\/uploads\/2020\/09\/Indoor-Air-Quality-1024x653.jpg 1024w, https:\/\/www.maxcomfortac.com\/wp-content\/uploads\/2020\/09\/Indoor-Air-Quality-1536x979.jpg 1536w, https:\/\/www.maxcomfortac.com\/wp-content\/uploads\/2020\/09\/Indoor-Air-Quality.jpg 1600w\" sizes=\"(max-width: 768px) 100vw, 768px\" \/>\t\t\t\t\t\t\t\t\t\t\t\t\t\t\t<\/div>\n\t\t\t\t<\/div>\n\t\t\t\t<div class=\"elementor-element elementor-element-141ef5c7 elementor-widget elementor-widget-text-editor\" data-id=\"141ef5c7\" data-element_type=\"widget\" data-e-type=\"widget\" data-widget_type=\"text-editor.default\">\n\t\t\t\t<div class=\"elementor-widget-container\">\n\t\t\t\t\t\t\t\t\t<p>Usted cuenta con que su hogar ser\u00e1 un refugio c\u00f3modo y, cuando no lo sea, es hora de investigar. Si su hogar no le hace sentir bien, es posible que tenga una mala calidad del aire interior.<\/p>\n<p>La contaminaci\u00f3n del aire interior puede causar problemas de salud graves, que incluyen:<\/p>\n<ul>\n<li>Dolores de cabeza\u00a0<\/li>\n<li>Fatiga<\/li>\n<li>Dolor de ojos<\/li>\n<li>Ardor de nariz<\/li>\n<li>Empeoramiento de alergias<\/li>\n<li>Problemas respiratorios<\/li>\n<li>Gripe s\u00edntomas similares<\/li>\n<li>Enfermedad card\u00edaca<\/li>\n<li>C\u00e1ncer<\/li>\n<li>Otras afecciones graves a largo plazo<\/li>\n<li>Muerte, cuando hay presencia de mon\u00f3xido de carbono u otros contaminantes en altas concentraciones.<\/li>\n<\/ul>\n<p>\u00bfQu\u00e9 tan saludable es el aire dentro de su hogar?<\/p>\n<p>Programe una consulta gratuita para discutir sus inquietudes sobre la calidad del aire interior (IAQ). Dependiendo de sus necesidades, podemos analizar su hogar en busca de puntos con problemas de infiltraci\u00f3n de aire, recomendar o instalar equipos de IAQ y crear un plan de acci\u00f3n para hacer que su aire sea seguro y limpio.<\/p>\n<p>Nuestros expertos saben c\u00f3mo ayudar a su familia \u00a1Respire aire limpio y saludable!<\/p>\n\t\t\t\t\t\t\t\t<\/div>\n\t\t\t\t<\/div>\n\t\t\t\t<div class=\"elementor-element elementor-element-b1bbb98 elementor-widget elementor-widget-heading\" data-id=\"b1bbb98\" data-element_type=\"widget\" data-e-type=\"widget\" data-widget_type=\"heading.default\">\n\t\t\t\t<div class=\"elementor-widget-container\">\n\t\t\t\t\t<h3 class=\"elementor-heading-title elementor-size-default\">Mejore su salud y comodidad con servicios \u00f3ptimos de calidad del aire interior<\/h3>\t\t\t\t<\/div>\n\t\t\t\t<\/div>\n\t\t\t\t<div class=\"elementor-element elementor-element-ee7e32b elementor-widget elementor-widget-text-editor\" data-id=\"ee7e32b\" data-element_type=\"widget\" data-e-type=\"widget\" data-widget_type=\"text-editor.default\">\n\t\t\t\t<div class=\"elementor-widget-container\">\n\t\t\t\t\t\t\t\t\t<p>Asegure aire puro y respirable con el especialista en <strong> Calidad del aire interior <\/strong> m\u00e1s confiable, Max Comfort AC, en Texas. Nuestro equipo capacitado inspeccionar\u00e1, diagnosticar\u00e1 y brindar\u00e1 las mejores soluciones a todos los problemas de filtraci\u00f3n de aire que pueda enfrentar.<\/p>\n\t\t\t\t\t\t\t\t<\/div>\n\t\t\t\t<\/div>\n\t\t\t\t<div class=\"elementor-element elementor-element-24239a1 elementor-widget elementor-widget-heading\" data-id=\"24239a1\" data-element_type=\"widget\" data-e-type=\"widget\" data-widget_type=\"heading.default\">\n\t\t\t\t<div class=\"elementor-widget-container\">\n\t\t\t\t\t<h4 class=\"elementor-heading-title elementor-size-default\">Factores que reducen la calidad del aire interior<\/h4>\t\t\t\t<\/div>\n\t\t\t\t<\/div>\n\t\t\t\t<div class=\"elementor-element elementor-element-6f156ae elementor-widget elementor-widget-text-editor\" data-id=\"6f156ae\" data-element_type=\"widget\" data-e-type=\"widget\" data-widget_type=\"text-editor.default\">\n\t\t\t\t<div class=\"elementor-widget-container\">\n\t\t\t\t\t\t\t\t\t<p>Los productos de tabaco, los productos de limpieza del hogar y los aparatos de combusti\u00f3n que queman combustible son fuentes de contaminaci\u00f3n del aire en su hogar. M\u00e1s importante a\u00fan, la <strong> calidad del aire interior <\/strong> tambi\u00e9n puede degradarse debido al aislamiento de amianto da\u00f1ado y al mal funcionamiento de los sistemas centrales de HVAC. Nuestro equipo experimentado analiza la calidad del aire de su hogar y sugiere los cambios necesarios.<\/p>\n\t\t\t\t\t\t\t\t<\/div>\n\t\t\t\t<\/div>\n\t\t\t\t<div class=\"elementor-element elementor-element-4818118 elementor-widget elementor-widget-heading\" data-id=\"4818118\" data-element_type=\"widget\" data-e-type=\"widget\" data-widget_type=\"heading.default\">\n\t\t\t\t<div class=\"elementor-widget-container\">\n\t\t\t\t\t<h4 class=\"elementor-heading-title elementor-size-default\">\u00bfQu\u00e9 sucede cuando la calidad del aire disminuye?<\/h4>\t\t\t\t<\/div>\n\t\t\t\t<\/div>\n\t\t\t\t<div class=\"elementor-element elementor-element-d52dbf8 elementor-widget elementor-widget-text-editor\" data-id=\"d52dbf8\" data-element_type=\"widget\" data-e-type=\"widget\" data-widget_type=\"text-editor.default\">\n\t\t\t\t<div class=\"elementor-widget-container\">\n\t\t\t\t\t\t\t\t\t<p>Los efectos sobre la salud de los contaminantes del aire interior pueden ser inmediatos. Tambi\u00e9n puede experimentar su impacto a\u00f1os despu\u00e9s. La irritaci\u00f3n de los ojos, los dolores de cabeza y la fatiga son los efectos m\u00e1s comunes que se pueden tratar f\u00e1cilmente. Pero causa bronquitis, enfermedades respiratorias y cardiopat\u00edas que pueden ser fatales.<\/p>\n\t\t\t\t\t\t\t\t<\/div>\n\t\t\t\t<\/div>\n\t\t\t\t<div class=\"elementor-element elementor-element-134e042 elementor-widget elementor-widget-heading\" data-id=\"134e042\" data-element_type=\"widget\" data-e-type=\"widget\" data-widget_type=\"heading.default\">\n\t\t\t\t<div class=\"elementor-widget-container\">\n\t\t\t\t\t<h4 class=\"elementor-heading-title elementor-size-default\">\u00bfQu\u00e9 puedes hacer entonces?<\/h4>\t\t\t\t<\/div>\n\t\t\t\t<\/div>\n\t\t\t\t<div class=\"elementor-element elementor-element-928f161 elementor-widget elementor-widget-text-editor\" data-id=\"928f161\" data-element_type=\"widget\" data-e-type=\"widget\" data-widget_type=\"text-editor.default\">\n\t\t\t\t<div class=\"elementor-widget-container\">\n\t\t\t\t\t\t\t\t\t<p>Si necesita un entorno interno m\u00e1s saludable, nuestros profesionales en Houston, Cypress y Katy pueden ayudarlo a encontrar la soluci\u00f3n perfecta para sus problemas de <strong> calidad del aire interior <\/strong> 24 \u00d7 7. Nuestros servicios incluyen:<\/p>\n<ul>\n<li>Mejora de IAQ.<\/li>\n<li>Pruebas de IAQ.<\/li>\n<li>Encontrar fuentes de contaminaci\u00f3n.<\/li>\n<li>Sistemas purificadores de aire.\u00a0<\/li>\n<li>Purificador de aire en conducto.<\/li>\n<\/ul>\n\t\t\t\t\t\t\t\t<\/div>\n\t\t\t\t<\/div>\n\t\t\t\t<div class=\"elementor-element elementor-element-3269185 elementor-widget elementor-widget-heading\" data-id=\"3269185\" data-element_type=\"widget\" data-e-type=\"widget\" data-widget_type=\"heading.default\">\n\t\t\t\t<div class=\"elementor-widget-container\">\n\t\t\t\t\t<h4 class=\"elementor-heading-title elementor-size-default\">\u00bfPor qu\u00e9 elegirnos?<\/h4>\t\t\t\t<\/div>\n\t\t\t\t<\/div>\n\t\t\t\t<div class=\"elementor-element elementor-element-81c5879 elementor-widget elementor-widget-text-editor\" data-id=\"81c5879\" data-element_type=\"widget\" data-e-type=\"widget\" data-widget_type=\"text-editor.default\">\n\t\t\t\t<div class=\"elementor-widget-container\">\n\t\t\t\t\t\t\t\t\t<ul>\n<li><strong> Habilidades incomparables y a\u00f1os de experiencia <\/strong> <br \/>Con 20 a\u00f1os de experiencia en la industria del aire acondicionado, los servicios de Max Comfort AC son nada menos que perfectos.<\/li>\n<li><strong> Servicio integral de mejora de la calidad del aire. <\/strong> <br \/>Ya sea que tenga un purificador de aire para toda la casa, un purificador port\u00e1til o un filtro de aire, prometemos mantenerlo en su hogar 100% contaminado y libre de contaminaci\u00f3n. &lt;\/ li&gt;<\/li>\n<li><strong> Equipo de t\u00e9cnicos expertos. <\/strong> <br \/>Nuestro equipo certificado y capacitado puede ofrecer sus servicios r\u00e1pidos y sin complicaciones que duran mucho tiempo.<\/li>\n<li><strong> Competitivo precios y garant\u00eda de los productos. <\/strong> <br \/>Nos centramos en el cliente y entendemos el valor del tiempo y el dinero. Por lo tanto, nuestros servicios son econ\u00f3micos y los productos que utilizamos tienen una garant\u00eda de diez a\u00f1os.<\/li>\n<\/ul>\n\t\t\t\t\t\t\t\t<\/div>\n\t\t\t\t<\/div>\n\t\t\t\t\t<\/div>\n\t\t<\/div>\n\t\t\t\t\t<\/div>\n\t\t<\/section>\n\t\t\t\t<section class=\"elementor-section elementor-top-section elementor-element elementor-element-4b0a9ce elementor-section-boxed elementor-section-height-default elementor-section-height-default\" data-id=\"4b0a9ce\" data-element_type=\"section\" data-e-type=\"section\">\n\t\t\t\t\t\t<div class=\"elementor-container elementor-column-gap-default\">\n\t\t\t\t\t<div class=\"elementor-column elementor-col-100 elementor-top-column elementor-element elementor-element-67867b5d\" data-id=\"67867b5d\" data-element_type=\"column\" data-e-type=\"column\">\n\t\t\t<div class=\"elementor-widget-wrap elementor-element-populated\">\n\t\t\t\t\t\t<div class=\"elementor-element elementor-element-7cdbe129 elementor-widget elementor-widget-heading\" data-id=\"7cdbe129\" data-element_type=\"widget\" data-e-type=\"widget\" data-widget_type=\"heading.default\">\n\t\t\t\t<div class=\"elementor-widget-container\">\n\t\t\t\t\t<h2 class=\"elementor-heading-title elementor-size-default\">Nuestros servicios<\/h2>\t\t\t\t<\/div>\n\t\t\t\t<\/div>\n\t\t\t\t<section class=\"elementor-section elementor-inner-section elementor-element elementor-element-3b258907 elementor-section-boxed elementor-section-height-default elementor-section-height-default\" data-id=\"3b258907\" data-element_type=\"section\" data-e-type=\"section\">\n\t\t\t\t\t\t<div class=\"elementor-container elementor-column-gap-default\">\n\t\t\t\t\t<div class=\"elementor-column elementor-col-33 elementor-inner-column elementor-element elementor-element-312ac4f\" data-id=\"312ac4f\" data-element_type=\"column\" data-e-type=\"column\">\n\t\t\t<div class=\"elementor-widget-wrap elementor-element-populated\">\n\t\t\t\t\t\t<div class=\"elementor-element elementor-element-2137fbeb elementor-invisible elementor-widget elementor-widget-image\" data-id=\"2137fbeb\" data-element_type=\"widget\" data-e-type=\"widget\" data-settings=\"{&quot;_animation&quot;:&quot;zoomIn&quot;}\" data-widget_type=\"image.default\">\n\t\t\t\t<div class=\"elementor-widget-container\">\n\t\t\t\t\t\t\t\t\t\t\t\t\t\t\t<img decoding=\"async\" width=\"400\" height=\"400\" data-src=\"https:\/\/www.maxcomfortac.com\/wp-content\/uploads\/2020\/10\/Air-Duct-Cleaning-Gallery-1.jpg\" class=\"attachment-large size-large wp-image-17117 lazyload\" alt=\"\" data-srcset=\"https:\/\/www.maxcomfortac.com\/wp-content\/uploads\/2020\/10\/Air-Duct-Cleaning-Gallery-1.jpg 400w, https:\/\/www.maxcomfortac.com\/wp-content\/uploads\/2020\/10\/Air-Duct-Cleaning-Gallery-1-300x300.jpg 300w, https:\/\/www.maxcomfortac.com\/wp-content\/uploads\/2020\/10\/Air-Duct-Cleaning-Gallery-1-150x150.jpg 150w\" data-sizes=\"(max-width: 400px) 100vw, 400px\" src=\"data:image\/svg+xml;base64,PHN2ZyB3aWR0aD0iMSIgaGVpZ2h0PSIxIiB4bWxucz0iaHR0cDovL3d3dy53My5vcmcvMjAwMC9zdmciPjwvc3ZnPg==\" style=\"--smush-placeholder-width: 400px; --smush-placeholder-aspect-ratio: 400\/400;\" \/>\t\t\t\t\t\t\t\t\t\t\t\t\t\t\t<\/div>\n\t\t\t\t<\/div>\n\t\t\t\t<div class=\"elementor-element elementor-element-6d2e410 elementor-widget elementor-widget-text-editor\" data-id=\"6d2e410\" data-element_type=\"widget\" data-e-type=\"widget\" data-widget_type=\"text-editor.default\">\n\t\t\t\t<div class=\"elementor-widget-container\">\n\t\t\t\t\t\t\t\t\t<div style=\"text-align: center;\">Air Duct Cleaning<\/div>\n\t\t\t\t\t\t\t\t<\/div>\n\t\t\t\t<\/div>\n\t\t\t\t<div class=\"elementor-element elementor-element-458528b9 elementor-align-center elementor-widget elementor-widget-button\" data-id=\"458528b9\" data-element_type=\"widget\" data-e-type=\"widget\" data-widget_type=\"button.default\">\n\t\t\t\t<div class=\"elementor-widget-container\">\n\t\t\t\t\t\t\t\t\t<div class=\"elementor-button-wrapper\">\n\t\t\t\t\t<a class=\"elementor-button elementor-button-link elementor-size-sm\" href=\"https:\/\/www.maxcomfortac.com\/es\/servicios\/limpieza-de-conductos-de-aire\/\">\n\t\t\t\t\t\t<span class=\"elementor-button-content-wrapper\">\n\t\t\t\t\t\t\t\t\t<span class=\"elementor-button-text\">M\u00e1s informaci\u00f3n<\/span>\n\t\t\t\t\t<\/span>\n\t\t\t\t\t<\/a>\n\t\t\t\t<\/div>\n\t\t\t\t\t\t\t\t<\/div>\n\t\t\t\t<\/div>\n\t\t\t\t\t<\/div>\n\t\t<\/div>\n\t\t\t\t<div class=\"elementor-column elementor-col-33 elementor-inner-column elementor-element elementor-element-369cc052\" data-id=\"369cc052\" data-element_type=\"column\" data-e-type=\"column\">\n\t\t\t<div class=\"elementor-widget-wrap elementor-element-populated\">\n\t\t\t\t\t\t<div class=\"elementor-element elementor-element-2b54caab elementor-invisible elementor-widget elementor-widget-image\" data-id=\"2b54caab\" data-element_type=\"widget\" data-e-type=\"widget\" data-settings=\"{&quot;_animation&quot;:&quot;zoomIn&quot;}\" data-widget_type=\"image.default\">\n\t\t\t\t<div class=\"elementor-widget-container\">\n\t\t\t\t\t\t\t\t\t\t\t\t\t\t\t<img decoding=\"async\" width=\"400\" height=\"400\" data-src=\"https:\/\/www.maxcomfortac.com\/wp-content\/uploads\/2020\/10\/Diagnostic-Maintenance-Gallery.jpg\" class=\"attachment-large size-large wp-image-17086 lazyload\" alt=\"\" data-srcset=\"https:\/\/www.maxcomfortac.com\/wp-content\/uploads\/2020\/10\/Diagnostic-Maintenance-Gallery.jpg 400w, https:\/\/www.maxcomfortac.com\/wp-content\/uploads\/2020\/10\/Diagnostic-Maintenance-Gallery-300x300.jpg 300w, https:\/\/www.maxcomfortac.com\/wp-content\/uploads\/2020\/10\/Diagnostic-Maintenance-Gallery-150x150.jpg 150w\" data-sizes=\"(max-width: 400px) 100vw, 400px\" src=\"data:image\/svg+xml;base64,PHN2ZyB3aWR0aD0iMSIgaGVpZ2h0PSIxIiB4bWxucz0iaHR0cDovL3d3dy53My5vcmcvMjAwMC9zdmciPjwvc3ZnPg==\" style=\"--smush-placeholder-width: 400px; --smush-placeholder-aspect-ratio: 400\/400;\" \/>\t\t\t\t\t\t\t\t\t\t\t\t\t\t\t<\/div>\n\t\t\t\t<\/div>\n\t\t\t\t<div class=\"elementor-element elementor-element-4b094a68 elementor-widget elementor-widget-text-editor\" data-id=\"4b094a68\" data-element_type=\"widget\" data-e-type=\"widget\" data-widget_type=\"text-editor.default\">\n\t\t\t\t<div class=\"elementor-widget-container\">\n\t\t\t\t\t\t\t\t\t<div style=\"text-align: center;\">Diagn\u00f3stico y Mantenimiento<\/div>\n\t\t\t\t\t\t\t\t<\/div>\n\t\t\t\t<\/div>\n\t\t\t\t<div class=\"elementor-element elementor-element-9aed9b2 elementor-align-center elementor-widget elementor-widget-button\" data-id=\"9aed9b2\" data-element_type=\"widget\" data-e-type=\"widget\" data-widget_type=\"button.default\">\n\t\t\t\t<div class=\"elementor-widget-container\">\n\t\t\t\t\t\t\t\t\t<div class=\"elementor-button-wrapper\">\n\t\t\t\t\t<a class=\"elementor-button elementor-button-link elementor-size-sm\" href=\"https:\/\/www.maxcomfortac.com\/es\/servicios\/diagnostico-y-mantenimiento\/\">\n\t\t\t\t\t\t<span class=\"elementor-button-content-wrapper\">\n\t\t\t\t\t\t\t\t\t<span class=\"elementor-button-text\">M\u00e1s informaci\u00f3n<\/span>\n\t\t\t\t\t<\/span>\n\t\t\t\t\t<\/a>\n\t\t\t\t<\/div>\n\t\t\t\t\t\t\t\t<\/div>\n\t\t\t\t<\/div>\n\t\t\t\t\t<\/div>\n\t\t<\/div>\n\t\t\t\t<div class=\"elementor-column elementor-col-33 elementor-inner-column elementor-element elementor-element-2d7571ce\" data-id=\"2d7571ce\" data-element_type=\"column\" data-e-type=\"column\">\n\t\t\t<div class=\"elementor-widget-wrap\">\n\t\t\t\t\t\t\t<\/div>\n\t\t<\/div>\n\t\t\t\t\t<\/div>\n\t\t<\/section>\n\t\t\t\t\t<\/div>\n\t\t<\/div>\n\t\t\t\t\t<\/div>\n\t\t<\/section>\n\t\t\t\t<\/div>\n\t\t","protected":false},"excerpt":{"rendered":"<h4>Calidad del Aire Interior<\/h4>\n<p>La calidad del aire interior de su hogar es importante para la seguridad de su hogar, la calidad de salud de su familia y el ahorro de costos de energ\u00eda. Obtenga m\u00e1s informaci\u00f3n sobre la importancia de los sistemas asequibles adecuados disponibles. \u00a1Haga una prueba en su casa y comience a respirar mejor hoy!<\/p>\n","protected":false},"author":105,"featured_media":0,"parent":16883,"menu_order":0,"comment_status":"closed","ping_status":"closed","template":"","meta":{"site-sidebar-layout":"default","site-content-layout":"default","ast-site-content-layout":"default","site-content-style":"default","site-sidebar-style":"default","ast-global-header-display":"","ast-banner-title-visibility":"","ast-main-header-display":"","ast-hfb-above-header-display":"","ast-hfb-below-header-display":"","ast-hfb-mobile-header-display":"","site-post-title":"disabled","ast-breadcrumbs-content":"","ast-featured-img":"disabled","footer-sml-layout":"","ast-disable-related-posts":"","theme-transparent-header-meta":"default","adv-header-id-meta":"","stick-header-meta":"","header-above-stick-meta":"","header-main-stick-meta":"","header-below-stick-meta":"","astra-migrate-meta-layouts":"default","ast-page-background-enabled":"default","ast-page-background-meta":{"desktop":{"background-color":"","background-image":"","background-repeat":"repeat","background-position":"center center","background-size":"auto","background-attachment":"scroll","background-type":"","background-media":"","overlay-type":"","overlay-color":"","overlay-opacity":"","overlay-gradient":""},"tablet":{"background-color":"","background-image":"","background-repeat":"repeat","background-position":"center center","background-size":"auto","background-attachment":"scroll","background-type":"","background-media":"","overlay-type":"","overlay-color":"","overlay-opacity":"","overlay-gradient":""},"mobile":{"background-color":"","background-image":"","background-repeat":"repeat","background-position":"center center","background-size":"auto","background-attachment":"scroll","background-type":"","background-media":"","overlay-type":"","overlay-color":"","overlay-opacity":"","overlay-gradient":""}},"ast-content-background-meta":{"desktop":{"background-color":"var(--ast-global-color-5)","background-image":"","background-repeat":"repeat","background-position":"center center","background-size":"auto","background-attachment":"scroll","background-type":"","background-media":"","overlay-type":"","overlay-color":"","overlay-opacity":"","overlay-gradient":""},"tablet":{"background-color":"var(--ast-global-color-5)","background-image":"","background-repeat":"repeat","background-position":"center center","background-size":"auto","background-attachment":"scroll","background-type":"","background-media":"","overlay-type":"","overlay-color":"","overlay-opacity":"","overlay-gradient":""},"mobile":{"background-color":"var(--ast-global-color-5)","background-image":"","background-repeat":"repeat","background-position":"center center","background-size":"auto","background-attachment":"scroll","background-type":"","background-media":"","overlay-type":"","overlay-color":"","overlay-opacity":"","overlay-gradient":""}},"footnotes":""},"class_list":["post-16889","page","type-page","status-publish","hentry"],"_links":{"self":[{"href":"https:\/\/www.maxcomfortac.com\/es\/wp-json\/wp\/v2\/pages\/16889","targetHints":{"allow":["GET"]}}],"collection":[{"href":"https:\/\/www.maxcomfortac.com\/es\/wp-json\/wp\/v2\/pages"}],"about":[{"href":"https:\/\/www.maxcomfortac.com\/es\/wp-json\/wp\/v2\/types\/page"}],"author":[{"embeddable":true,"href":"https:\/\/www.maxcomfortac.com\/es\/wp-json\/wp\/v2\/users\/105"}],"replies":[{"embeddable":true,"href":"https:\/\/www.maxcomfortac.com\/es\/wp-json\/wp\/v2\/comments?post=16889"}],"version-history":[{"count":0,"href":"https:\/\/www.maxcomfortac.com\/es\/wp-json\/wp\/v2\/pages\/16889\/revisions"}],"up":[{"embeddable":true,"href":"https:\/\/www.maxcomfortac.com\/es\/wp-json\/wp\/v2\/pages\/16883"}],"wp:attachment":[{"href":"https:\/\/www.maxcomfortac.com\/es\/wp-json\/wp\/v2\/media?parent=16889"}],"curies":[{"name":"wp","href":"https:\/\/api.w.org\/{rel}","templated":true}]}}