{"id":16887,"date":"2020-10-06T02:44:26","date_gmt":"2020-10-06T07:44:26","guid":{"rendered":"http:\/\/maxcomfortac.wpengine.com\/servicios\/automatizacion-del-hogar\/"},"modified":"2020-10-13T03:14:02","modified_gmt":"2020-10-13T08:14:02","slug":"automatizacion-del-hogar","status":"publish","type":"page","link":"https:\/\/www.maxcomfortac.com\/es\/servicios\/automatizacion-del-hogar\/","title":{"rendered":"Automatizaci\u00f3n del hogar"},"content":{"rendered":"\t\t<div data-elementor-type=\"wp-page\" data-elementor-id=\"16887\" class=\"elementor elementor-16887 elementor-16068\" data-elementor-post-type=\"page\">\n\t\t\t\t\t\t<section class=\"elementor-section elementor-top-section elementor-element elementor-element-541a589e elementor-section-boxed elementor-section-height-default elementor-section-height-default\" data-id=\"541a589e\" data-element_type=\"section\" data-e-type=\"section\">\n\t\t\t\t\t\t<div class=\"elementor-container elementor-column-gap-default\">\n\t\t\t\t\t<div class=\"elementor-column elementor-col-100 elementor-top-column elementor-element elementor-element-b83e403\" data-id=\"b83e403\" data-element_type=\"column\" data-e-type=\"column\">\n\t\t\t<div class=\"elementor-widget-wrap elementor-element-populated\">\n\t\t\t\t\t\t\t<\/div>\n\t\t<\/div>\n\t\t\t\t\t<\/div>\n\t\t<\/section>\n\t\t\t\t<section class=\"elementor-section elementor-top-section elementor-element elementor-element-45f8d9f5 elementor-section-boxed elementor-section-height-default elementor-section-height-default\" data-id=\"45f8d9f5\" data-element_type=\"section\" data-e-type=\"section\">\n\t\t\t\t\t\t<div class=\"elementor-container elementor-column-gap-wider\">\n\t\t\t\t\t<div class=\"elementor-column elementor-col-100 elementor-top-column elementor-element elementor-element-719e94ca\" data-id=\"719e94ca\" data-element_type=\"column\" data-e-type=\"column\">\n\t\t\t<div class=\"elementor-widget-wrap elementor-element-populated\">\n\t\t\t\t\t\t<div class=\"elementor-element elementor-element-5d935ff6 elementor-widget elementor-widget-heading\" data-id=\"5d935ff6\" data-element_type=\"widget\" data-e-type=\"widget\" data-widget_type=\"heading.default\">\n\t\t\t\t<div class=\"elementor-widget-container\">\n\t\t\t\t\t<h2 class=\"elementor-heading-title elementor-size-default\">Automatizaci\u00f3n del hogar en Houston<\/h2>\t\t\t\t<\/div>\n\t\t\t\t<\/div>\n\t\t\t\t<div class=\"elementor-element elementor-element-2c5fc465 elementor-widget elementor-widget-image\" data-id=\"2c5fc465\" data-element_type=\"widget\" data-e-type=\"widget\" data-widget_type=\"image.default\">\n\t\t\t\t<div class=\"elementor-widget-container\">\n\t\t\t\t\t\t\t\t\t\t\t\t\t\t\t<img fetchpriority=\"high\" decoding=\"async\" width=\"768\" height=\"369\" src=\"https:\/\/www.maxcomfortac.com\/wp-content\/uploads\/2020\/10\/Home-Automation-1-768x369.jpg\" class=\"attachment-medium_large size-medium_large wp-image-17115\" alt=\"Automatizaci\u00f3n del hogar\" srcset=\"https:\/\/www.maxcomfortac.com\/wp-content\/uploads\/2020\/10\/Home-Automation-1-768x369.jpg 768w, https:\/\/www.maxcomfortac.com\/wp-content\/uploads\/2020\/10\/Home-Automation-1-300x144.jpg 300w, https:\/\/www.maxcomfortac.com\/wp-content\/uploads\/2020\/10\/Home-Automation-1-1024x492.jpg 1024w, https:\/\/www.maxcomfortac.com\/wp-content\/uploads\/2020\/10\/Home-Automation-1.jpg 1536w\" sizes=\"(max-width: 768px) 100vw, 768px\" \/>\t\t\t\t\t\t\t\t\t\t\t\t\t\t\t<\/div>\n\t\t\t\t<\/div>\n\t\t\t\t<div class=\"elementor-element elementor-element-68b5551b elementor-widget elementor-widget-text-editor\" data-id=\"68b5551b\" data-element_type=\"widget\" data-e-type=\"widget\" data-widget_type=\"text-editor.default\">\n\t\t\t\t<div class=\"elementor-widget-container\">\n\t\t\t\t\t\t\t\t\t<p>El coraz\u00f3n de una casa inteligente verdaderamente conectada<\/p>\n<p>\u00bfSab\u00eda que, con solo agregar algunos dispositivos de automatizaci\u00f3n del hogar, su familia puede sentirse m\u00e1s segura y en control?<\/p>\n<p>Cree un sistema de automatizaci\u00f3n del hogar personalizado que se adapte a su estilo de vida. La tecnolog\u00eda contin\u00faa adapt\u00e1ndose y evolucionando para adaptarse mejor a nuestras necesidades, y las &#8220;casas inteligentes&#8221; automatizadas se est\u00e1n volviendo cada vez m\u00e1s populares. Los hogares inteligentes permiten a los miembros del hogar controlar la mayor\u00eda de las funciones de su hogar con solo presionar un bot\u00f3n desde casi cualquier dispositivo.<\/p>\n<p>Ofrecemos los \u00faltimos avances tecnol\u00f3gicos para el hogar que lo ayudar\u00e1n a crear la casa de sus sue\u00f1os.<\/p>\n\t\t\t\t\t\t\t\t<\/div>\n\t\t\t\t<\/div>\n\t\t\t\t\t<\/div>\n\t\t<\/div>\n\t\t\t\t\t<\/div>\n\t\t<\/section>\n\t\t\t\t<\/div>\n\t\t","protected":false},"excerpt":{"rendered":"<p>Automatizaci\u00f3n del hogar en Houston El coraz\u00f3n de una casa inteligente verdaderamente conectada \u00bfSab\u00eda que, con solo agregar algunos dispositivos de automatizaci\u00f3n del hogar, su familia puede sentirse m\u00e1s segura y en control? Cree un sistema de automatizaci\u00f3n del hogar personalizado que se adapte a su estilo de vida. La tecnolog\u00eda contin\u00faa adapt\u00e1ndose y evolucionando [&hellip;]<\/p>\n","protected":false},"author":105,"featured_media":0,"parent":16883,"menu_order":0,"comment_status":"closed","ping_status":"closed","template":"","meta":{"site-sidebar-layout":"default","site-content-layout":"default","ast-site-content-layout":"default","site-content-style":"default","site-sidebar-style":"default","ast-global-header-display":"","ast-banner-title-visibility":"","ast-main-header-display":"","ast-hfb-above-header-display":"","ast-hfb-below-header-display":"","ast-hfb-mobile-header-display":"","site-post-title":"","ast-breadcrumbs-content":"","ast-featured-img":"","footer-sml-layout":"","ast-disable-related-posts":"","theme-transparent-header-meta":"default","adv-header-id-meta":"","stick-header-meta":"","header-above-stick-meta":"","header-main-stick-meta":"","header-below-stick-meta":"","astra-migrate-meta-layouts":"default","ast-page-background-enabled":"default","ast-page-background-meta":{"desktop":{"background-color":"","background-image":"","background-repeat":"repeat","background-position":"center center","background-size":"auto","background-attachment":"scroll","background-type":"","background-media":"","overlay-type":"","overlay-color":"","overlay-opacity":"","overlay-gradient":""},"tablet":{"background-color":"","background-image":"","background-repeat":"repeat","background-position":"center center","background-size":"auto","background-attachment":"scroll","background-type":"","background-media":"","overlay-type":"","overlay-color":"","overlay-opacity":"","overlay-gradient":""},"mobile":{"background-color":"","background-image":"","background-repeat":"repeat","background-position":"center center","background-size":"auto","background-attachment":"scroll","background-type":"","background-media":"","overlay-type":"","overlay-color":"","overlay-opacity":"","overlay-gradient":""}},"ast-content-background-meta":{"desktop":{"background-color":"var(--ast-global-color-5)","background-image":"","background-repeat":"repeat","background-position":"center center","background-size":"auto","background-attachment":"scroll","background-type":"","background-media":"","overlay-type":"","overlay-color":"","overlay-opacity":"","overlay-gradient":""},"tablet":{"background-color":"var(--ast-global-color-5)","background-image":"","background-repeat":"repeat","background-position":"center center","background-size":"auto","background-attachment":"scroll","background-type":"","background-media":"","overlay-type":"","overlay-color":"","overlay-opacity":"","overlay-gradient":""},"mobile":{"background-color":"var(--ast-global-color-5)","background-image":"","background-repeat":"repeat","background-position":"center center","background-size":"auto","background-attachment":"scroll","background-type":"","background-media":"","overlay-type":"","overlay-color":"","overlay-opacity":"","overlay-gradient":""}},"footnotes":""},"class_list":["post-16887","page","type-page","status-publish","hentry"],"_links":{"self":[{"href":"https:\/\/www.maxcomfortac.com\/es\/wp-json\/wp\/v2\/pages\/16887","targetHints":{"allow":["GET"]}}],"collection":[{"href":"https:\/\/www.maxcomfortac.com\/es\/wp-json\/wp\/v2\/pages"}],"about":[{"href":"https:\/\/www.maxcomfortac.com\/es\/wp-json\/wp\/v2\/types\/page"}],"author":[{"embeddable":true,"href":"https:\/\/www.maxcomfortac.com\/es\/wp-json\/wp\/v2\/users\/105"}],"replies":[{"embeddable":true,"href":"https:\/\/www.maxcomfortac.com\/es\/wp-json\/wp\/v2\/comments?post=16887"}],"version-history":[{"count":0,"href":"https:\/\/www.maxcomfortac.com\/es\/wp-json\/wp\/v2\/pages\/16887\/revisions"}],"up":[{"embeddable":true,"href":"https:\/\/www.maxcomfortac.com\/es\/wp-json\/wp\/v2\/pages\/16883"}],"wp:attachment":[{"href":"https:\/\/www.maxcomfortac.com\/es\/wp-json\/wp\/v2\/media?parent=16887"}],"curies":[{"name":"wp","href":"https:\/\/api.w.org\/{rel}","templated":true}]}}