{"id":16886,"date":"2020-10-06T02:39:10","date_gmt":"2020-10-06T07:39:10","guid":{"rendered":"http:\/\/maxcomfortac.wpengine.com\/servicios\/instalacion-de-bomba-de-calor\/"},"modified":"2020-10-13T01:58:36","modified_gmt":"2020-10-13T06:58:36","slug":"instalacion-de-bomba-de-calor","status":"publish","type":"page","link":"https:\/\/www.maxcomfortac.com\/es\/servicios\/instalacion-de-bomba-de-calor\/","title":{"rendered":"Instalaci\u00f3n De Bomba De Calor"},"content":{"rendered":"\t\t<div data-elementor-type=\"wp-page\" data-elementor-id=\"16886\" class=\"elementor elementor-16886 elementor-16539\" data-elementor-post-type=\"page\">\n\t\t\t\t\t\t<section class=\"elementor-section elementor-top-section elementor-element elementor-element-1adca12c elementor-section-boxed elementor-section-height-default elementor-section-height-default\" data-id=\"1adca12c\" data-element_type=\"section\" data-e-type=\"section\">\n\t\t\t\t\t\t<div class=\"elementor-container elementor-column-gap-wider\">\n\t\t\t\t\t<div class=\"elementor-column elementor-col-100 elementor-top-column elementor-element elementor-element-887c3f7\" data-id=\"887c3f7\" data-element_type=\"column\" data-e-type=\"column\">\n\t\t\t<div class=\"elementor-widget-wrap elementor-element-populated\">\n\t\t\t\t\t\t<div class=\"elementor-element elementor-element-12fdf9e8 elementor-widget elementor-widget-heading\" data-id=\"12fdf9e8\" data-element_type=\"widget\" data-e-type=\"widget\" data-widget_type=\"heading.default\">\n\t\t\t\t<div class=\"elementor-widget-container\">\n\t\t\t\t\t<h2 class=\"elementor-heading-title elementor-size-default\">Instalaci\u00f3n De Bomba De Calor<\/h2>\t\t\t\t<\/div>\n\t\t\t\t<\/div>\n\t\t\t\t<div class=\"elementor-element elementor-element-465ec521 elementor-widget elementor-widget-image\" data-id=\"465ec521\" data-element_type=\"widget\" data-e-type=\"widget\" data-widget_type=\"image.default\">\n\t\t\t\t<div class=\"elementor-widget-container\">\n\t\t\t\t\t\t\t\t\t\t\t\t\t\t\t<img fetchpriority=\"high\" decoding=\"async\" width=\"1024\" height=\"653\" src=\"https:\/\/www.maxcomfortac.com\/wp-content\/uploads\/2020\/09\/HeatPump-1024x653.jpg\" class=\"attachment-large size-large wp-image-16541\" alt=\"Heat Pump\" srcset=\"https:\/\/www.maxcomfortac.com\/wp-content\/uploads\/2020\/09\/HeatPump-1024x653.jpg 1024w, https:\/\/www.maxcomfortac.com\/wp-content\/uploads\/2020\/09\/HeatPump-300x191.jpg 300w, https:\/\/www.maxcomfortac.com\/wp-content\/uploads\/2020\/09\/HeatPump-768x490.jpg 768w, https:\/\/www.maxcomfortac.com\/wp-content\/uploads\/2020\/09\/HeatPump-1536x979.jpg 1536w, https:\/\/www.maxcomfortac.com\/wp-content\/uploads\/2020\/09\/HeatPump.jpg 1600w\" sizes=\"(max-width: 1024px) 100vw, 1024px\" \/>\t\t\t\t\t\t\t\t\t\t\t\t\t\t\t<\/div>\n\t\t\t\t<\/div>\n\t\t\t\t<div class=\"elementor-element elementor-element-4e12ab5f elementor-widget elementor-widget-text-editor\" data-id=\"4e12ab5f\" data-element_type=\"widget\" data-e-type=\"widget\" data-widget_type=\"text-editor.default\">\n\t\t\t\t<div class=\"elementor-widget-container\">\n\t\t\t\t\t\t\t\t\t<p>Una bomba de calor puede ser una adici\u00f3n muy beneficiosa para su hogar, ya que sirve como una alternativa a un aire acondicionado central para mantenerlo c\u00f3modo cuando las temperaturas se calientan. Al trabajar con nosotros, puede saber si una bomba de calor es adecuada para su hogar despu\u00e9s de una auditor\u00eda completa de energ\u00eda en el hogar, lo que puede ser rentable con ahorros continuos para sus costos de calefacci\u00f3n y refrigeraci\u00f3n.<\/p>\n<p>Si tiene experiencia con bombas de calor y est\u00e1 buscando un nuevo modelo para mejorar la comodidad de su hogar, cuente con los servicios de <a href=\"\/\">Max Comfort AC<\/a>. Ofrecemos reemplazo experto de la bomba de calor. Podemos actualizarlo con los \u00faltimos modelos de bomba de calor y ayudarlo a elegir el mejor sistema nuevo para sus necesidades. \u00a1Entonces mejoraremos la comodidad de su hogar con un nuevo sistema de bomba de calor!<\/p>\n\t\t\t\t\t\t\t\t<\/div>\n\t\t\t\t<\/div>\n\t\t\t\t\t<\/div>\n\t\t<\/div>\n\t\t\t\t\t<\/div>\n\t\t<\/section>\n\t\t\t\t<\/div>\n\t\t","protected":false},"excerpt":{"rendered":"<p>Instalaci\u00f3n De Bomba De Calor Una bomba de calor puede ser una adici\u00f3n muy beneficiosa para su hogar, ya que sirve como una alternativa a un aire acondicionado central para mantenerlo c\u00f3modo cuando las temperaturas se calientan. Al trabajar con nosotros, puede saber si una bomba de calor es adecuada para su hogar despu\u00e9s de [&hellip;]<\/p>\n","protected":false},"author":105,"featured_media":0,"parent":16883,"menu_order":0,"comment_status":"closed","ping_status":"closed","template":"","meta":{"site-sidebar-layout":"no-sidebar","site-content-layout":"page-builder","ast-site-content-layout":"default","site-content-style":"default","site-sidebar-style":"default","ast-global-header-display":"","ast-banner-title-visibility":"","ast-main-header-display":"","ast-hfb-above-header-display":"","ast-hfb-below-header-display":"","ast-hfb-mobile-header-display":"","site-post-title":"disabled","ast-breadcrumbs-content":"","ast-featured-img":"disabled","footer-sml-layout":"","ast-disable-related-posts":"","theme-transparent-header-meta":"default","adv-header-id-meta":"","stick-header-meta":"","header-above-stick-meta":"","header-main-stick-meta":"","header-below-stick-meta":"","astra-migrate-meta-layouts":"default","ast-page-background-enabled":"default","ast-page-background-meta":{"desktop":{"background-color":"","background-image":"","background-repeat":"repeat","background-position":"center center","background-size":"auto","background-attachment":"scroll","background-type":"","background-media":"","overlay-type":"","overlay-color":"","overlay-opacity":"","overlay-gradient":""},"tablet":{"background-color":"","background-image":"","background-repeat":"repeat","background-position":"center center","background-size":"auto","background-attachment":"scroll","background-type":"","background-media":"","overlay-type":"","overlay-color":"","overlay-opacity":"","overlay-gradient":""},"mobile":{"background-color":"","background-image":"","background-repeat":"repeat","background-position":"center center","background-size":"auto","background-attachment":"scroll","background-type":"","background-media":"","overlay-type":"","overlay-color":"","overlay-opacity":"","overlay-gradient":""}},"ast-content-background-meta":{"desktop":{"background-color":"var(--ast-global-color-5)","background-image":"","background-repeat":"repeat","background-position":"center center","background-size":"auto","background-attachment":"scroll","background-type":"","background-media":"","overlay-type":"","overlay-color":"","overlay-opacity":"","overlay-gradient":""},"tablet":{"background-color":"var(--ast-global-color-5)","background-image":"","background-repeat":"repeat","background-position":"center center","background-size":"auto","background-attachment":"scroll","background-type":"","background-media":"","overlay-type":"","overlay-color":"","overlay-opacity":"","overlay-gradient":""},"mobile":{"background-color":"var(--ast-global-color-5)","background-image":"","background-repeat":"repeat","background-position":"center center","background-size":"auto","background-attachment":"scroll","background-type":"","background-media":"","overlay-type":"","overlay-color":"","overlay-opacity":"","overlay-gradient":""}},"footnotes":""},"class_list":["post-16886","page","type-page","status-publish","hentry"],"_links":{"self":[{"href":"https:\/\/www.maxcomfortac.com\/es\/wp-json\/wp\/v2\/pages\/16886","targetHints":{"allow":["GET"]}}],"collection":[{"href":"https:\/\/www.maxcomfortac.com\/es\/wp-json\/wp\/v2\/pages"}],"about":[{"href":"https:\/\/www.maxcomfortac.com\/es\/wp-json\/wp\/v2\/types\/page"}],"author":[{"embeddable":true,"href":"https:\/\/www.maxcomfortac.com\/es\/wp-json\/wp\/v2\/users\/105"}],"replies":[{"embeddable":true,"href":"https:\/\/www.maxcomfortac.com\/es\/wp-json\/wp\/v2\/comments?post=16886"}],"version-history":[{"count":0,"href":"https:\/\/www.maxcomfortac.com\/es\/wp-json\/wp\/v2\/pages\/16886\/revisions"}],"up":[{"embeddable":true,"href":"https:\/\/www.maxcomfortac.com\/es\/wp-json\/wp\/v2\/pages\/16883"}],"wp:attachment":[{"href":"https:\/\/www.maxcomfortac.com\/es\/wp-json\/wp\/v2\/media?parent=16886"}],"curies":[{"name":"wp","href":"https:\/\/api.w.org\/{rel}","templated":true}]}}