{"id":16884,"date":"2020-10-06T02:05:32","date_gmt":"2020-10-06T07:05:32","guid":{"rendered":"http:\/\/maxcomfortac.wpengine.com\/servicios\/diagnostico-y-mantenimiento\/"},"modified":"2020-10-13T01:58:30","modified_gmt":"2020-10-13T06:58:30","slug":"diagnostico-y-mantenimiento","status":"publish","type":"page","link":"https:\/\/www.maxcomfortac.com\/es\/servicios\/diagnostico-y-mantenimiento\/","title":{"rendered":"Diagn\u00f3stico y Mantenimiento"},"content":{"rendered":"\t\t<div data-elementor-type=\"wp-page\" data-elementor-id=\"16884\" class=\"elementor elementor-16884 elementor-16552\" data-elementor-post-type=\"page\">\n\t\t\t\t\t\t<section class=\"elementor-section elementor-top-section elementor-element elementor-element-6721df3b elementor-section-boxed elementor-section-height-default elementor-section-height-default\" data-id=\"6721df3b\" data-element_type=\"section\" data-e-type=\"section\">\n\t\t\t\t\t\t<div class=\"elementor-container elementor-column-gap-wider\">\n\t\t\t\t\t<div class=\"elementor-column elementor-col-100 elementor-top-column elementor-element elementor-element-45865003\" data-id=\"45865003\" data-element_type=\"column\" data-e-type=\"column\">\n\t\t\t<div class=\"elementor-widget-wrap elementor-element-populated\">\n\t\t\t\t\t\t<div class=\"elementor-element elementor-element-46e3714b elementor-widget elementor-widget-heading\" data-id=\"46e3714b\" data-element_type=\"widget\" data-e-type=\"widget\" data-widget_type=\"heading.default\">\n\t\t\t\t<div class=\"elementor-widget-container\">\n\t\t\t\t\t<h2 class=\"elementor-heading-title elementor-size-default\">Diagn\u00f3stico y Mantenimiento En Houston <\/h2>\t\t\t\t<\/div>\n\t\t\t\t<\/div>\n\t\t\t\t<div class=\"elementor-element elementor-element-7be90a57 elementor-widget elementor-widget-text-editor\" data-id=\"7be90a57\" data-element_type=\"widget\" data-e-type=\"widget\" data-widget_type=\"text-editor.default\">\n\t\t\t\t<div class=\"elementor-widget-container\">\n\t\t\t\t\t\t\t\t\t<p><img fetchpriority=\"high\" decoding=\"async\" class=\"size-medium wp-image-16524 alignright\" src=\"https:\/\/www.maxcomfortac.com\/wp-content\/uploads\/2020\/09\/Diagnostic-Maintenance-Gallery-300x300.jpg\" alt=\"Diagnostic Maintenance\" width=\"300\" height=\"300\" srcset=\"https:\/\/www.maxcomfortac.com\/wp-content\/uploads\/2020\/09\/Diagnostic-Maintenance-Gallery-300x300.jpg 300w, https:\/\/www.maxcomfortac.com\/wp-content\/uploads\/2020\/09\/Diagnostic-Maintenance-Gallery-150x150.jpg 150w, https:\/\/www.maxcomfortac.com\/wp-content\/uploads\/2020\/09\/Diagnostic-Maintenance-Gallery.jpg 400w\" sizes=\"(max-width: 300px) 100vw, 300px\" \/>Recomendamos un mantenimiento preventivo anual en sus sistemas de calefacci\u00f3n y refrigeraci\u00f3n para garantizar la confiabilidad, eficiencia y seguridad. No conducir\u00eda su autom\u00f3vil 25,000 millas sin cambiar el aceite. \u00a1La misma l\u00f3gica es v\u00e1lida para el sistema de calefacci\u00f3n y refrigeraci\u00f3n de su hogar!<\/p>\n<p>Contamos con t\u00e9cnicos calificados para diagnosticar problemas en:<\/p>\n<ul>\n<li>Bomba de Calor<\/li>\n<li>HVAC<\/li>\n<li>y M\u00e1s<\/li>\n<\/ul>\n\t\t\t\t\t\t\t\t<\/div>\n\t\t\t\t<\/div>\n\t\t\t\t\t<\/div>\n\t\t<\/div>\n\t\t\t\t\t<\/div>\n\t\t<\/section>\n\t\t\t\t<\/div>\n\t\t","protected":false},"excerpt":{"rendered":"<p>Diagn\u00f3stico y Mantenimiento En Houston Recomendamos un mantenimiento preventivo anual en sus sistemas de calefacci\u00f3n y refrigeraci\u00f3n para garantizar la confiabilidad, eficiencia y seguridad. No conducir\u00eda su autom\u00f3vil 25,000 millas sin cambiar el aceite. \u00a1La misma l\u00f3gica es v\u00e1lida para el sistema de calefacci\u00f3n y refrigeraci\u00f3n de su hogar! Contamos con t\u00e9cnicos calificados para diagnosticar [&hellip;]<\/p>\n","protected":false},"author":105,"featured_media":0,"parent":16883,"menu_order":0,"comment_status":"closed","ping_status":"closed","template":"","meta":{"site-sidebar-layout":"no-sidebar","site-content-layout":"page-builder","ast-site-content-layout":"default","site-content-style":"default","site-sidebar-style":"default","ast-global-header-display":"","ast-banner-title-visibility":"","ast-main-header-display":"","ast-hfb-above-header-display":"","ast-hfb-below-header-display":"","ast-hfb-mobile-header-display":"","site-post-title":"disabled","ast-breadcrumbs-content":"","ast-featured-img":"disabled","footer-sml-layout":"","ast-disable-related-posts":"","theme-transparent-header-meta":"default","adv-header-id-meta":"","stick-header-meta":"","header-above-stick-meta":"","header-main-stick-meta":"","header-below-stick-meta":"","astra-migrate-meta-layouts":"default","ast-page-background-enabled":"default","ast-page-background-meta":{"desktop":{"background-color":"","background-image":"","background-repeat":"repeat","background-position":"center center","background-size":"auto","background-attachment":"scroll","background-type":"","background-media":"","overlay-type":"","overlay-color":"","overlay-opacity":"","overlay-gradient":""},"tablet":{"background-color":"","background-image":"","background-repeat":"repeat","background-position":"center center","background-size":"auto","background-attachment":"scroll","background-type":"","background-media":"","overlay-type":"","overlay-color":"","overlay-opacity":"","overlay-gradient":""},"mobile":{"background-color":"","background-image":"","background-repeat":"repeat","background-position":"center center","background-size":"auto","background-attachment":"scroll","background-type":"","background-media":"","overlay-type":"","overlay-color":"","overlay-opacity":"","overlay-gradient":""}},"ast-content-background-meta":{"desktop":{"background-color":"var(--ast-global-color-5)","background-image":"","background-repeat":"repeat","background-position":"center center","background-size":"auto","background-attachment":"scroll","background-type":"","background-media":"","overlay-type":"","overlay-color":"","overlay-opacity":"","overlay-gradient":""},"tablet":{"background-color":"var(--ast-global-color-5)","background-image":"","background-repeat":"repeat","background-position":"center center","background-size":"auto","background-attachment":"scroll","background-type":"","background-media":"","overlay-type":"","overlay-color":"","overlay-opacity":"","overlay-gradient":""},"mobile":{"background-color":"var(--ast-global-color-5)","background-image":"","background-repeat":"repeat","background-position":"center center","background-size":"auto","background-attachment":"scroll","background-type":"","background-media":"","overlay-type":"","overlay-color":"","overlay-opacity":"","overlay-gradient":""}},"footnotes":""},"class_list":["post-16884","page","type-page","status-publish","hentry"],"_links":{"self":[{"href":"https:\/\/www.maxcomfortac.com\/es\/wp-json\/wp\/v2\/pages\/16884","targetHints":{"allow":["GET"]}}],"collection":[{"href":"https:\/\/www.maxcomfortac.com\/es\/wp-json\/wp\/v2\/pages"}],"about":[{"href":"https:\/\/www.maxcomfortac.com\/es\/wp-json\/wp\/v2\/types\/page"}],"author":[{"embeddable":true,"href":"https:\/\/www.maxcomfortac.com\/es\/wp-json\/wp\/v2\/users\/105"}],"replies":[{"embeddable":true,"href":"https:\/\/www.maxcomfortac.com\/es\/wp-json\/wp\/v2\/comments?post=16884"}],"version-history":[{"count":0,"href":"https:\/\/www.maxcomfortac.com\/es\/wp-json\/wp\/v2\/pages\/16884\/revisions"}],"up":[{"embeddable":true,"href":"https:\/\/www.maxcomfortac.com\/es\/wp-json\/wp\/v2\/pages\/16883"}],"wp:attachment":[{"href":"https:\/\/www.maxcomfortac.com\/es\/wp-json\/wp\/v2\/media?parent=16884"}],"curies":[{"name":"wp","href":"https:\/\/api.w.org\/{rel}","templated":true}]}}