{"id":16882,"date":"2020-10-06T01:41:40","date_gmt":"2020-10-06T06:41:40","guid":{"rendered":"http:\/\/maxcomfortac.wpengine.com\/limpieza-de-conductos-de-aire\/"},"modified":"2020-10-13T01:58:11","modified_gmt":"2020-10-13T06:58:11","slug":"limpieza-de-conductos-de-aire","status":"publish","type":"page","link":"https:\/\/www.maxcomfortac.com\/es\/servicios\/limpieza-de-conductos-de-aire\/","title":{"rendered":"Limpieza de conductos de aire"},"content":{"rendered":"\t\t<div data-elementor-type=\"wp-page\" data-elementor-id=\"16882\" class=\"elementor elementor-16882 elementor-16548\" data-elementor-post-type=\"page\">\n\t\t\t\t\t\t<section class=\"elementor-section elementor-top-section elementor-element elementor-element-5a3e28ad elementor-section-boxed elementor-section-height-default elementor-section-height-default\" data-id=\"5a3e28ad\" data-element_type=\"section\" data-e-type=\"section\">\n\t\t\t\t\t\t<div class=\"elementor-container elementor-column-gap-wider\">\n\t\t\t\t\t<div class=\"elementor-column elementor-col-100 elementor-top-column elementor-element elementor-element-3d1c661b\" data-id=\"3d1c661b\" data-element_type=\"column\" data-e-type=\"column\">\n\t\t\t<div class=\"elementor-widget-wrap elementor-element-populated\">\n\t\t\t\t\t\t<div class=\"elementor-element elementor-element-581c0db1 elementor-widget elementor-widget-heading\" data-id=\"581c0db1\" data-element_type=\"widget\" data-e-type=\"widget\" data-widget_type=\"heading.default\">\n\t\t\t\t<div class=\"elementor-widget-container\">\n\t\t\t\t\t<h2 class=\"elementor-heading-title elementor-size-default\">Limpieza de conductos de aire en Houston <\/h2>\t\t\t\t<\/div>\n\t\t\t\t<\/div>\n\t\t\t\t<div class=\"elementor-element elementor-element-1ba641b5 elementor-widget elementor-widget-text-editor\" data-id=\"1ba641b5\" data-element_type=\"widget\" data-e-type=\"widget\" data-widget_type=\"text-editor.default\">\n\t\t\t\t<div class=\"elementor-widget-container\">\n\t\t\t\t\t\t\t\t\t<p><img fetchpriority=\"high\" decoding=\"async\" class=\"size-medium wp-image-16522 alignright\" src=\"https:\/\/www.maxcomfortac.com\/wp-content\/uploads\/2020\/09\/Air-Duct-Cleaning-Gallery-300x300.jpg\" alt=\"Air Duct Cleaning\" width=\"300\" height=\"300\" srcset=\"https:\/\/www.maxcomfortac.com\/wp-content\/uploads\/2020\/09\/Air-Duct-Cleaning-Gallery-300x300.jpg 300w, https:\/\/www.maxcomfortac.com\/wp-content\/uploads\/2020\/09\/Air-Duct-Cleaning-Gallery-150x150.jpg 150w, https:\/\/www.maxcomfortac.com\/wp-content\/uploads\/2020\/09\/Air-Duct-Cleaning-Gallery.jpg 400w\" sizes=\"(max-width: 300px) 100vw, 300px\" \/><\/p>\n<p>\u00bfCu\u00e1ndo fue la \u00faltima vez que limpiaron sus conductos de aire?<\/p>\n<p>Si usted o alguien de su familia sufre de asma o alergias, puede estar considerando limpiar los conductos de calefacci\u00f3n y refrigeraci\u00f3n de su hogar. Pero incluso si no tiene problemas de salud especiales, la limpieza de sus conductos puede resultarle atractiva a un nivel intuitivo.<\/p>\n<p>Cada a\u00f1o, el hogar promedio recolecta hasta 40 libras de suciedad, polvo y al\u00e9rgenos en sus conductos de aire. Y, cada vez que usa su calefacci\u00f3n o aire acondicionado, estos contaminantes circulan por su hogar, lo que agrava las afecciones respiratorias como el asma. Por eso es importante invertir en un servicio profesional de limpieza de conductos de aire.<\/p>\n\t\t\t\t\t\t\t\t<\/div>\n\t\t\t\t<\/div>\n\t\t\t\t\t<\/div>\n\t\t<\/div>\n\t\t\t\t\t<\/div>\n\t\t<\/section>\n\t\t\t\t<\/div>\n\t\t","protected":false},"excerpt":{"rendered":"<p>Limpieza de conductos de aire en Houston \u00bfCu\u00e1ndo fue la \u00faltima vez que limpiaron sus conductos de aire? Si usted o alguien de su familia sufre de asma o alergias, puede estar considerando limpiar los conductos de calefacci\u00f3n y refrigeraci\u00f3n de su hogar. Pero incluso si no tiene problemas de salud especiales, la limpieza de [&hellip;]<\/p>\n","protected":false},"author":105,"featured_media":0,"parent":16883,"menu_order":0,"comment_status":"closed","ping_status":"closed","template":"","meta":{"site-sidebar-layout":"no-sidebar","site-content-layout":"page-builder","ast-site-content-layout":"default","site-content-style":"default","site-sidebar-style":"default","ast-global-header-display":"","ast-banner-title-visibility":"","ast-main-header-display":"","ast-hfb-above-header-display":"","ast-hfb-below-header-display":"","ast-hfb-mobile-header-display":"","site-post-title":"disabled","ast-breadcrumbs-content":"","ast-featured-img":"disabled","footer-sml-layout":"","ast-disable-related-posts":"","theme-transparent-header-meta":"default","adv-header-id-meta":"","stick-header-meta":"","header-above-stick-meta":"","header-main-stick-meta":"","header-below-stick-meta":"","astra-migrate-meta-layouts":"default","ast-page-background-enabled":"default","ast-page-background-meta":{"desktop":{"background-color":"","background-image":"","background-repeat":"repeat","background-position":"center center","background-size":"auto","background-attachment":"scroll","background-type":"","background-media":"","overlay-type":"","overlay-color":"","overlay-opacity":"","overlay-gradient":""},"tablet":{"background-color":"","background-image":"","background-repeat":"repeat","background-position":"center center","background-size":"auto","background-attachment":"scroll","background-type":"","background-media":"","overlay-type":"","overlay-color":"","overlay-opacity":"","overlay-gradient":""},"mobile":{"background-color":"","background-image":"","background-repeat":"repeat","background-position":"center center","background-size":"auto","background-attachment":"scroll","background-type":"","background-media":"","overlay-type":"","overlay-color":"","overlay-opacity":"","overlay-gradient":""}},"ast-content-background-meta":{"desktop":{"background-color":"var(--ast-global-color-5)","background-image":"","background-repeat":"repeat","background-position":"center center","background-size":"auto","background-attachment":"scroll","background-type":"","background-media":"","overlay-type":"","overlay-color":"","overlay-opacity":"","overlay-gradient":""},"tablet":{"background-color":"var(--ast-global-color-5)","background-image":"","background-repeat":"repeat","background-position":"center center","background-size":"auto","background-attachment":"scroll","background-type":"","background-media":"","overlay-type":"","overlay-color":"","overlay-opacity":"","overlay-gradient":""},"mobile":{"background-color":"var(--ast-global-color-5)","background-image":"","background-repeat":"repeat","background-position":"center center","background-size":"auto","background-attachment":"scroll","background-type":"","background-media":"","overlay-type":"","overlay-color":"","overlay-opacity":"","overlay-gradient":""}},"footnotes":""},"class_list":["post-16882","page","type-page","status-publish","hentry"],"_links":{"self":[{"href":"https:\/\/www.maxcomfortac.com\/es\/wp-json\/wp\/v2\/pages\/16882","targetHints":{"allow":["GET"]}}],"collection":[{"href":"https:\/\/www.maxcomfortac.com\/es\/wp-json\/wp\/v2\/pages"}],"about":[{"href":"https:\/\/www.maxcomfortac.com\/es\/wp-json\/wp\/v2\/types\/page"}],"author":[{"embeddable":true,"href":"https:\/\/www.maxcomfortac.com\/es\/wp-json\/wp\/v2\/users\/105"}],"replies":[{"embeddable":true,"href":"https:\/\/www.maxcomfortac.com\/es\/wp-json\/wp\/v2\/comments?post=16882"}],"version-history":[{"count":0,"href":"https:\/\/www.maxcomfortac.com\/es\/wp-json\/wp\/v2\/pages\/16882\/revisions"}],"up":[{"embeddable":true,"href":"https:\/\/www.maxcomfortac.com\/es\/wp-json\/wp\/v2\/pages\/16883"}],"wp:attachment":[{"href":"https:\/\/www.maxcomfortac.com\/es\/wp-json\/wp\/v2\/media?parent=16882"}],"curies":[{"name":"wp","href":"https:\/\/api.w.org\/{rel}","templated":true}]}}