{"id":16881,"date":"2020-10-06T01:17:33","date_gmt":"2020-10-06T06:17:33","guid":{"rendered":"http:\/\/maxcomfortac.wpengine.com\/productos\/unidades-empaquetadas\/"},"modified":"2020-11-02T06:34:23","modified_gmt":"2020-11-02T11:34:23","slug":"unidades-empaquetadas","status":"publish","type":"page","link":"https:\/\/www.maxcomfortac.com\/es\/productos\/unidades-empaquetadas\/","title":{"rendered":"Unidades Empaquetadas"},"content":{"rendered":"\t\t<div data-elementor-type=\"wp-page\" data-elementor-id=\"16881\" class=\"elementor elementor-16881 elementor-16632\" data-elementor-post-type=\"page\">\n\t\t\t\t\t\t<section class=\"elementor-section elementor-top-section elementor-element elementor-element-0e41de0 elementor-section-boxed elementor-section-height-default elementor-section-height-default\" data-id=\"0e41de0\" data-element_type=\"section\" data-e-type=\"section\">\n\t\t\t\t\t\t<div class=\"elementor-container elementor-column-gap-default\">\n\t\t\t\t\t<div class=\"elementor-column elementor-col-100 elementor-top-column elementor-element elementor-element-0ac3084\" data-id=\"0ac3084\" data-element_type=\"column\" data-e-type=\"column\">\n\t\t\t<div class=\"elementor-widget-wrap elementor-element-populated\">\n\t\t\t\t\t\t<div class=\"elementor-element elementor-element-e4ad4e1 elementor-widget elementor-widget-heading\" data-id=\"e4ad4e1\" data-element_type=\"widget\" data-e-type=\"widget\" data-widget_type=\"heading.default\">\n\t\t\t\t<div class=\"elementor-widget-container\">\n\t\t\t\t\t<h2 class=\"elementor-heading-title elementor-size-default\">Unidades empaquetadas en Houston, Cypress, Katy, TX y \u00e1reas circundantes<\/h2>\t\t\t\t<\/div>\n\t\t\t\t<\/div>\n\t\t\t\t<div class=\"elementor-element elementor-element-63ece78 elementor-widget elementor-widget-image\" data-id=\"63ece78\" data-element_type=\"widget\" data-e-type=\"widget\" data-widget_type=\"image.default\">\n\t\t\t\t<div class=\"elementor-widget-container\">\n\t\t\t\t\t\t\t\t\t\t\t\t\t\t\t<img fetchpriority=\"high\" decoding=\"async\" width=\"1024\" height=\"768\" src=\"https:\/\/www.maxcomfortac.com\/wp-content\/uploads\/2020\/09\/packaged_units_services_in_houston_texas.jpg\" class=\"attachment-large size-large wp-image-16635\" alt=\"packaged_units_services_in_houston_texas\" srcset=\"https:\/\/www.maxcomfortac.com\/wp-content\/uploads\/2020\/09\/packaged_units_services_in_houston_texas.jpg 1024w, https:\/\/www.maxcomfortac.com\/wp-content\/uploads\/2020\/09\/packaged_units_services_in_houston_texas-300x225.jpg 300w, https:\/\/www.maxcomfortac.com\/wp-content\/uploads\/2020\/09\/packaged_units_services_in_houston_texas-768x576.jpg 768w\" sizes=\"(max-width: 1024px) 100vw, 1024px\" \/>\t\t\t\t\t\t\t\t\t\t\t\t\t\t\t<\/div>\n\t\t\t\t<\/div>\n\t\t\t\t<div class=\"elementor-element elementor-element-d5f1d23 elementor-widget elementor-widget-text-editor\" data-id=\"d5f1d23\" data-element_type=\"widget\" data-e-type=\"widget\" data-widget_type=\"text-editor.default\">\n\t\t\t\t<div class=\"elementor-widget-container\">\n\t\t\t\t\t\t\t\t\t<p>Innumerables empresas comerciales e industriales en el \u00e1rea de Houston conf\u00edan en unidades empaquetadas en la azotea para obtener la calefacci\u00f3n y la refrigeraci\u00f3n que necesitan. Y aunque estos sistemas son sin duda algunos de los m\u00e1s efectivos, es el equipo de servicio el que proporciona su instalaci\u00f3n, mantenimiento y m\u00e1s, lo que garantizar\u00e1 que obtenga un resultado \u00f3ptimo de su inversi\u00f3n.<\/p>\n<p>Nuestra l\u00ednea completa de sistemas empaquetados incluye: acondicionadores de aire empaquetados, hornos de gas y acondicionadores de aire empaquetados, bombas de calor empaquetadas y calor h\u00edbrido empacado.<\/p>\n<p>Estos sistemas aut\u00f3nomos est\u00e1n ubicados fuera de la casa, montados en el suelo o en el techo y conducidos a la casa.<\/p>\n\t\t\t\t\t\t\t\t<\/div>\n\t\t\t\t<\/div>\n\t\t\t\t\t<\/div>\n\t\t<\/div>\n\t\t\t\t\t<\/div>\n\t\t<\/section>\n\t\t\t\t<section class=\"elementor-section elementor-top-section elementor-element elementor-element-fe11a31 elementor-section-boxed elementor-section-height-default elementor-section-height-default\" data-id=\"fe11a31\" data-element_type=\"section\" data-e-type=\"section\">\n\t\t\t\t\t\t<div class=\"elementor-container elementor-column-gap-default\">\n\t\t\t\t\t<div class=\"elementor-column elementor-col-100 elementor-top-column elementor-element elementor-element-d29c6c2\" data-id=\"d29c6c2\" data-element_type=\"column\" data-e-type=\"column\">\n\t\t\t<div class=\"elementor-widget-wrap elementor-element-populated\">\n\t\t\t\t\t\t<div class=\"elementor-element elementor-element-4d1046c elementor-widget elementor-widget-heading\" data-id=\"4d1046c\" data-element_type=\"widget\" data-e-type=\"widget\" data-widget_type=\"heading.default\">\n\t\t\t\t<div class=\"elementor-widget-container\">\n\t\t\t\t\t<h3 class=\"elementor-heading-title elementor-size-default\">- Nuestros productos -<\/h3>\t\t\t\t<\/div>\n\t\t\t\t<\/div>\n\t\t\t\t\t<\/div>\n\t\t<\/div>\n\t\t\t\t\t<\/div>\n\t\t<\/section>\n\t\t\t\t<section class=\"elementor-section elementor-top-section elementor-element elementor-element-3936a5a elementor-section-height-default elementor-section-boxed elementor-section-height-default\" data-id=\"3936a5a\" data-element_type=\"section\" data-e-type=\"section\">\n\t\t\t\t\t\t<div class=\"elementor-container elementor-column-gap-default\">\n\t\t\t\t\t<div class=\"elementor-column elementor-col-25 elementor-top-column elementor-element elementor-element-26d5f668\" data-id=\"26d5f668\" data-element_type=\"column\" data-e-type=\"column\" data-settings=\"{&quot;background_background&quot;:&quot;classic&quot;}\">\n\t\t\t<div class=\"elementor-widget-wrap elementor-element-populated\">\n\t\t\t\t\t\t<div class=\"elementor-element elementor-element-7c871217 elementor-widget elementor-widget-image\" data-id=\"7c871217\" data-element_type=\"widget\" data-e-type=\"widget\" data-widget_type=\"image.default\">\n\t\t\t\t<div class=\"elementor-widget-container\">\n\t\t\t\t\t\t\t\t\t\t\t\t\t\t\t<img decoding=\"async\" width=\"330\" height=\"330\" data-src=\"https:\/\/www.maxcomfortac.com\/wp-content\/uploads\/2020\/10\/Air-Conditioning-Product-1-1-1.jpg\" class=\"attachment-large size-large wp-image-17361 lazyload\" alt=\"\" data-srcset=\"https:\/\/www.maxcomfortac.com\/wp-content\/uploads\/2020\/10\/Air-Conditioning-Product-1-1-1.jpg 330w, https:\/\/www.maxcomfortac.com\/wp-content\/uploads\/2020\/10\/Air-Conditioning-Product-1-1-1-300x300.jpg 300w, https:\/\/www.maxcomfortac.com\/wp-content\/uploads\/2020\/10\/Air-Conditioning-Product-1-1-1-150x150.jpg 150w\" data-sizes=\"(max-width: 330px) 100vw, 330px\" src=\"data:image\/svg+xml;base64,PHN2ZyB3aWR0aD0iMSIgaGVpZ2h0PSIxIiB4bWxucz0iaHR0cDovL3d3dy53My5vcmcvMjAwMC9zdmciPjwvc3ZnPg==\" style=\"--smush-placeholder-width: 330px; --smush-placeholder-aspect-ratio: 330\/330;\" \/>\t\t\t\t\t\t\t\t\t\t\t\t\t\t\t<\/div>\n\t\t\t\t<\/div>\n\t\t\t\t<div class=\"elementor-element elementor-element-4eb9801a elementor-widget elementor-widget-text-editor\" data-id=\"4eb9801a\" data-element_type=\"widget\" data-e-type=\"widget\" data-widget_type=\"text-editor.default\">\n\t\t\t\t<div class=\"elementor-widget-container\">\n\t\t\t\t\t\t\t\t\t<h6 style = \"text-align: center;\"> <a href=\"https:\/\/www.maxcomfortac.com\/es\/productos\/aire-acondicionado\/\"> <strong> Aire acondicionado <\/strong> <\/a> <\/h6>\n\t\t\t\t\t\t\t\t<\/div>\n\t\t\t\t<\/div>\n\t\t\t\t\t<\/div>\n\t\t<\/div>\n\t\t\t\t<div class=\"elementor-column elementor-col-25 elementor-inner-column elementor-element elementor-element-3fc09ba8\" data-id=\"3fc09ba8\" data-element_type=\"column\" data-e-type=\"column\" data-settings=\"{&quot;background_background&quot;:&quot;classic&quot;}\">\n\t\t\t<div class=\"elementor-widget-wrap elementor-element-populated\">\n\t\t\t\t\t\t<div class=\"elementor-element elementor-element-b7ad1fa elementor-widget elementor-widget-image\" data-id=\"b7ad1fa\" data-element_type=\"widget\" data-e-type=\"widget\" data-widget_type=\"image.default\">\n\t\t\t\t<div class=\"elementor-widget-container\">\n\t\t\t\t\t\t\t\t\t\t\t\t\t\t\t<img decoding=\"async\" width=\"330\" height=\"330\" data-src=\"https:\/\/www.maxcomfortac.com\/wp-content\/uploads\/2020\/10\/Heat-Pump-Product-1-1-1.jpg\" class=\"attachment-large size-large wp-image-17363 lazyload\" alt=\"\" data-srcset=\"https:\/\/www.maxcomfortac.com\/wp-content\/uploads\/2020\/10\/Heat-Pump-Product-1-1-1.jpg 330w, https:\/\/www.maxcomfortac.com\/wp-content\/uploads\/2020\/10\/Heat-Pump-Product-1-1-1-300x300.jpg 300w, https:\/\/www.maxcomfortac.com\/wp-content\/uploads\/2020\/10\/Heat-Pump-Product-1-1-1-150x150.jpg 150w\" data-sizes=\"(max-width: 330px) 100vw, 330px\" src=\"data:image\/svg+xml;base64,PHN2ZyB3aWR0aD0iMSIgaGVpZ2h0PSIxIiB4bWxucz0iaHR0cDovL3d3dy53My5vcmcvMjAwMC9zdmciPjwvc3ZnPg==\" style=\"--smush-placeholder-width: 330px; --smush-placeholder-aspect-ratio: 330\/330;\" \/>\t\t\t\t\t\t\t\t\t\t\t\t\t\t\t<\/div>\n\t\t\t\t<\/div>\n\t\t\t\t<div class=\"elementor-element elementor-element-49451426 elementor-widget elementor-widget-text-editor\" data-id=\"49451426\" data-element_type=\"widget\" data-e-type=\"widget\" data-widget_type=\"text-editor.default\">\n\t\t\t\t<div class=\"elementor-widget-container\">\n\t\t\t\t\t\t\t\t\t<h6 style = \"text-align: center;\"> <a href=\"https:\/\/www.maxcomfortac.com\/es\/productos\/bomba-de-calor\/\"> Bomba de calor <\/a> <\/h6>\n\t\t\t\t\t\t\t\t<\/div>\n\t\t\t\t<\/div>\n\t\t\t\t\t<\/div>\n\t\t<\/div>\n\t\t\t\t<div class=\"elementor-column elementor-col-25 elementor-inner-column elementor-element elementor-element-4ebbe44b\" data-id=\"4ebbe44b\" data-element_type=\"column\" data-e-type=\"column\" data-settings=\"{&quot;background_background&quot;:&quot;classic&quot;}\">\n\t\t\t<div class=\"elementor-widget-wrap elementor-element-populated\">\n\t\t\t\t\t\t<div class=\"elementor-element elementor-element-1d10ddee elementor-widget elementor-widget-image\" data-id=\"1d10ddee\" data-element_type=\"widget\" data-e-type=\"widget\" data-widget_type=\"image.default\">\n\t\t\t\t<div class=\"elementor-widget-container\">\n\t\t\t\t\t\t\t\t\t\t\t\t\t\t\t<img decoding=\"async\" width=\"330\" height=\"330\" data-src=\"https:\/\/www.maxcomfortac.com\/wp-content\/uploads\/2020\/10\/Gas-Furnaces-Product-1-1-1.jpg\" class=\"attachment-large size-large wp-image-17365 lazyload\" alt=\"\" data-srcset=\"https:\/\/www.maxcomfortac.com\/wp-content\/uploads\/2020\/10\/Gas-Furnaces-Product-1-1-1.jpg 330w, https:\/\/www.maxcomfortac.com\/wp-content\/uploads\/2020\/10\/Gas-Furnaces-Product-1-1-1-300x300.jpg 300w, https:\/\/www.maxcomfortac.com\/wp-content\/uploads\/2020\/10\/Gas-Furnaces-Product-1-1-1-150x150.jpg 150w\" data-sizes=\"(max-width: 330px) 100vw, 330px\" src=\"data:image\/svg+xml;base64,PHN2ZyB3aWR0aD0iMSIgaGVpZ2h0PSIxIiB4bWxucz0iaHR0cDovL3d3dy53My5vcmcvMjAwMC9zdmciPjwvc3ZnPg==\" style=\"--smush-placeholder-width: 330px; --smush-placeholder-aspect-ratio: 330\/330;\" \/>\t\t\t\t\t\t\t\t\t\t\t\t\t\t\t<\/div>\n\t\t\t\t<\/div>\n\t\t\t\t<div class=\"elementor-element elementor-element-4ffc7b57 elementor-widget elementor-widget-text-editor\" data-id=\"4ffc7b57\" data-element_type=\"widget\" data-e-type=\"widget\" data-widget_type=\"text-editor.default\">\n\t\t\t\t<div class=\"elementor-widget-container\">\n\t\t\t\t\t\t\t\t\t<h6 style = \"text-align: center;\"> <a href=\"https:\/\/www.maxcomfortac.com\/es\/productos\/horno-de-gas\/\"> Hornos de gas <\/a> <\/h6>\n\t\t\t\t\t\t\t\t<\/div>\n\t\t\t\t<\/div>\n\t\t\t\t\t<\/div>\n\t\t<\/div>\n\t\t\t\t<div class=\"elementor-column elementor-col-25 elementor-inner-column elementor-element elementor-element-7aec0b0d\" data-id=\"7aec0b0d\" data-element_type=\"column\" data-e-type=\"column\" data-settings=\"{&quot;background_background&quot;:&quot;classic&quot;}\">\n\t\t\t<div class=\"elementor-widget-wrap elementor-element-populated\">\n\t\t\t\t\t\t<div class=\"elementor-element elementor-element-282f5b5 elementor-widget elementor-widget-image\" data-id=\"282f5b5\" data-element_type=\"widget\" data-e-type=\"widget\" data-widget_type=\"image.default\">\n\t\t\t\t<div class=\"elementor-widget-container\">\n\t\t\t\t\t\t\t\t\t\t\t\t\t\t\t<img decoding=\"async\" width=\"330\" height=\"330\" data-src=\"https:\/\/www.maxcomfortac.com\/wp-content\/uploads\/2020\/10\/Packaged-Units-Product-1-1-1.jpg\" class=\"attachment-large size-large wp-image-17367 lazyload\" alt=\"\" data-srcset=\"https:\/\/www.maxcomfortac.com\/wp-content\/uploads\/2020\/10\/Packaged-Units-Product-1-1-1.jpg 330w, https:\/\/www.maxcomfortac.com\/wp-content\/uploads\/2020\/10\/Packaged-Units-Product-1-1-1-300x300.jpg 300w, https:\/\/www.maxcomfortac.com\/wp-content\/uploads\/2020\/10\/Packaged-Units-Product-1-1-1-150x150.jpg 150w\" data-sizes=\"(max-width: 330px) 100vw, 330px\" src=\"data:image\/svg+xml;base64,PHN2ZyB3aWR0aD0iMSIgaGVpZ2h0PSIxIiB4bWxucz0iaHR0cDovL3d3dy53My5vcmcvMjAwMC9zdmciPjwvc3ZnPg==\" style=\"--smush-placeholder-width: 330px; --smush-placeholder-aspect-ratio: 330\/330;\" \/>\t\t\t\t\t\t\t\t\t\t\t\t\t\t\t<\/div>\n\t\t\t\t<\/div>\n\t\t\t\t<div class=\"elementor-element elementor-element-bbc4afc elementor-widget elementor-widget-text-editor\" data-id=\"bbc4afc\" data-element_type=\"widget\" data-e-type=\"widget\" data-widget_type=\"text-editor.default\">\n\t\t\t\t<div class=\"elementor-widget-container\">\n\t\t\t\t\t\t\t\t\t<h6 style = \"text-align: center;\"> <a href=\"https:\/\/www.maxcomfortac.com\/es\/productos\/unidades-empaquetadas\/\"> Unidades empaquetadas <\/a> <\/h6>\n\t\t\t\t\t\t\t\t<\/div>\n\t\t\t\t<\/div>\n\t\t\t\t\t<\/div>\n\t\t<\/div>\n\t\t\t\t\t<\/div>\n\t\t<\/section>\n\t\t\t\t<section class=\"elementor-section elementor-top-section elementor-element elementor-element-a050226 elementor-section-boxed elementor-section-height-default elementor-section-height-default\" data-id=\"a050226\" data-element_type=\"section\" data-e-type=\"section\">\n\t\t\t\t\t\t<div class=\"elementor-container elementor-column-gap-default\">\n\t\t\t\t\t<div class=\"elementor-column elementor-col-100 elementor-top-column elementor-element elementor-element-eaaeeb6\" data-id=\"eaaeeb6\" data-element_type=\"column\" data-e-type=\"column\">\n\t\t\t<div class=\"elementor-widget-wrap elementor-element-populated\">\n\t\t\t\t\t\t<div class=\"elementor-element elementor-element-bda3116 elementor-widget elementor-widget-heading\" data-id=\"bda3116\" data-element_type=\"widget\" data-e-type=\"widget\" data-widget_type=\"heading.default\">\n\t\t\t\t<div class=\"elementor-widget-container\">\n\t\t\t\t\t<h3 class=\"elementor-heading-title elementor-size-default\"><a href=\"https:\/\/www.maxcomfortac.com\/es\/contacto\/\"> Comun\u00edquese con nosotros <\/a> hoy mismo para conocer las unidades empaquetadas en Houston, Cypress, Katy, TX y \u00e1reas circundantes.<\/h3>\t\t\t\t<\/div>\n\t\t\t\t<\/div>\n\t\t\t\t\t<\/div>\n\t\t<\/div>\n\t\t\t\t\t<\/div>\n\t\t<\/section>\n\t\t\t\t<\/div>\n\t\t","protected":false},"excerpt":{"rendered":"<p>Unidades empaquetadas en Houston, Cypress, Katy, TX y \u00e1reas circundantes Innumerables empresas comerciales e industriales en el \u00e1rea de Houston conf\u00edan en unidades empaquetadas en la azotea para obtener la calefacci\u00f3n y la refrigeraci\u00f3n que necesitan. Y aunque estos sistemas son sin duda algunos de los m\u00e1s efectivos, es el equipo de servicio el que [&hellip;]<\/p>\n","protected":false},"author":105,"featured_media":0,"parent":16867,"menu_order":0,"comment_status":"closed","ping_status":"closed","template":"","meta":{"site-sidebar-layout":"no-sidebar","site-content-layout":"page-builder","ast-site-content-layout":"default","site-content-style":"default","site-sidebar-style":"default","ast-global-header-display":"","ast-banner-title-visibility":"","ast-main-header-display":"","ast-hfb-above-header-display":"","ast-hfb-below-header-display":"","ast-hfb-mobile-header-display":"","site-post-title":"disabled","ast-breadcrumbs-content":"","ast-featured-img":"disabled","footer-sml-layout":"","ast-disable-related-posts":"","theme-transparent-header-meta":"default","adv-header-id-meta":"","stick-header-meta":"","header-above-stick-meta":"","header-main-stick-meta":"","header-below-stick-meta":"","astra-migrate-meta-layouts":"default","ast-page-background-enabled":"default","ast-page-background-meta":{"desktop":{"background-color":"","background-image":"","background-repeat":"repeat","background-position":"center center","background-size":"auto","background-attachment":"scroll","background-type":"","background-media":"","overlay-type":"","overlay-color":"","overlay-opacity":"","overlay-gradient":""},"tablet":{"background-color":"","background-image":"","background-repeat":"repeat","background-position":"center center","background-size":"auto","background-attachment":"scroll","background-type":"","background-media":"","overlay-type":"","overlay-color":"","overlay-opacity":"","overlay-gradient":""},"mobile":{"background-color":"","background-image":"","background-repeat":"repeat","background-position":"center center","background-size":"auto","background-attachment":"scroll","background-type":"","background-media":"","overlay-type":"","overlay-color":"","overlay-opacity":"","overlay-gradient":""}},"ast-content-background-meta":{"desktop":{"background-color":"var(--ast-global-color-5)","background-image":"","background-repeat":"repeat","background-position":"center center","background-size":"auto","background-attachment":"scroll","background-type":"","background-media":"","overlay-type":"","overlay-color":"","overlay-opacity":"","overlay-gradient":""},"tablet":{"background-color":"var(--ast-global-color-5)","background-image":"","background-repeat":"repeat","background-position":"center center","background-size":"auto","background-attachment":"scroll","background-type":"","background-media":"","overlay-type":"","overlay-color":"","overlay-opacity":"","overlay-gradient":""},"mobile":{"background-color":"var(--ast-global-color-5)","background-image":"","background-repeat":"repeat","background-position":"center center","background-size":"auto","background-attachment":"scroll","background-type":"","background-media":"","overlay-type":"","overlay-color":"","overlay-opacity":"","overlay-gradient":""}},"footnotes":""},"class_list":["post-16881","page","type-page","status-publish","hentry"],"_links":{"self":[{"href":"https:\/\/www.maxcomfortac.com\/es\/wp-json\/wp\/v2\/pages\/16881","targetHints":{"allow":["GET"]}}],"collection":[{"href":"https:\/\/www.maxcomfortac.com\/es\/wp-json\/wp\/v2\/pages"}],"about":[{"href":"https:\/\/www.maxcomfortac.com\/es\/wp-json\/wp\/v2\/types\/page"}],"author":[{"embeddable":true,"href":"https:\/\/www.maxcomfortac.com\/es\/wp-json\/wp\/v2\/users\/105"}],"replies":[{"embeddable":true,"href":"https:\/\/www.maxcomfortac.com\/es\/wp-json\/wp\/v2\/comments?post=16881"}],"version-history":[{"count":0,"href":"https:\/\/www.maxcomfortac.com\/es\/wp-json\/wp\/v2\/pages\/16881\/revisions"}],"up":[{"embeddable":true,"href":"https:\/\/www.maxcomfortac.com\/es\/wp-json\/wp\/v2\/pages\/16867"}],"wp:attachment":[{"href":"https:\/\/www.maxcomfortac.com\/es\/wp-json\/wp\/v2\/media?parent=16881"}],"curies":[{"name":"wp","href":"https:\/\/api.w.org\/{rel}","templated":true}]}}