{"id":16858,"date":"2020-10-05T23:56:49","date_gmt":"2020-10-06T04:56:49","guid":{"rendered":"http:\/\/maxcomfortac.wpengine.com\/calefaccion\/reparacion-de-calefaccion\/"},"modified":"2020-10-13T02:55:31","modified_gmt":"2020-10-13T07:55:31","slug":"reparacion","status":"publish","type":"page","link":"https:\/\/www.maxcomfortac.com\/es\/calefaccion\/reparacion\/","title":{"rendered":"Reparaci\u00f3n de calefacci\u00f3n"},"content":{"rendered":"\t\t<div data-elementor-type=\"wp-page\" data-elementor-id=\"16858\" class=\"elementor elementor-16858 elementor-16487\" data-elementor-post-type=\"page\">\n\t\t\t\t\t\t<section class=\"elementor-section elementor-top-section elementor-element elementor-element-e62bfe2 elementor-section-boxed elementor-section-height-default elementor-section-height-default\" data-id=\"e62bfe2\" data-element_type=\"section\" data-e-type=\"section\">\n\t\t\t\t\t\t<div class=\"elementor-container elementor-column-gap-wider\">\n\t\t\t\t\t<div class=\"elementor-column elementor-col-100 elementor-top-column elementor-element elementor-element-3e4aec04\" data-id=\"3e4aec04\" data-element_type=\"column\" data-e-type=\"column\">\n\t\t\t<div class=\"elementor-widget-wrap elementor-element-populated\">\n\t\t\t\t\t\t<div class=\"elementor-element elementor-element-3aad3986 elementor-widget elementor-widget-heading\" data-id=\"3aad3986\" data-element_type=\"widget\" data-e-type=\"widget\" data-widget_type=\"heading.default\">\n\t\t\t\t<div class=\"elementor-widget-container\">\n\t\t\t\t\t<h2 class=\"elementor-heading-title elementor-size-default\">Reparaci\u00f3n de calefacci\u00f3n en Houston <\/h2>\t\t\t\t<\/div>\n\t\t\t\t<\/div>\n\t\t\t\t<div class=\"elementor-element elementor-element-1b764a7d elementor-widget elementor-widget-image\" data-id=\"1b764a7d\" data-element_type=\"widget\" data-e-type=\"widget\" data-widget_type=\"image.default\">\n\t\t\t\t<div class=\"elementor-widget-container\">\n\t\t\t\t\t\t\t\t\t\t\t\t\t\t\t<img fetchpriority=\"high\" decoding=\"async\" width=\"768\" height=\"490\" src=\"https:\/\/www.maxcomfortac.com\/wp-content\/uploads\/2020\/09\/Heating-Repair-Interior-768x490.jpg\" class=\"attachment-medium_large size-medium_large wp-image-16493\" alt=\"\" srcset=\"https:\/\/www.maxcomfortac.com\/wp-content\/uploads\/2020\/09\/Heating-Repair-Interior-768x490.jpg 768w, https:\/\/www.maxcomfortac.com\/wp-content\/uploads\/2020\/09\/Heating-Repair-Interior-300x191.jpg 300w, https:\/\/www.maxcomfortac.com\/wp-content\/uploads\/2020\/09\/Heating-Repair-Interior-1024x653.jpg 1024w, https:\/\/www.maxcomfortac.com\/wp-content\/uploads\/2020\/09\/Heating-Repair-Interior-1536x979.jpg 1536w, https:\/\/www.maxcomfortac.com\/wp-content\/uploads\/2020\/09\/Heating-Repair-Interior.jpg 1600w\" sizes=\"(max-width: 768px) 100vw, 768px\" \/>\t\t\t\t\t\t\t\t\t\t\t\t\t\t\t<\/div>\n\t\t\t\t<\/div>\n\t\t\t\t<div class=\"elementor-element elementor-element-366d36af elementor-widget elementor-widget-text-editor\" data-id=\"366d36af\" data-element_type=\"widget\" data-e-type=\"widget\" data-widget_type=\"text-editor.default\">\n\t\t\t\t<div class=\"elementor-widget-container\">\n\t\t\t\t\t\t\t\t\t<p>Cuando las temperaturas en Houston comienzan a bajar, la mayor\u00eda de las personas asumen que solo necesitan ajustar el termostato para mantener una temperatura agradable en el interior. Pero cuando deje de funcionar correctamente, tendr\u00e1 que confiar en expertos en calefacci\u00f3n en los que pueda confiar.<\/p>\n<p>Nos especializamos en la reparaci\u00f3n de hornos para mantener su hogar acogedor durante todo el a\u00f1o.<\/p>\n<p>Estamos aqu\u00ed para ayudar con todo, desde peque\u00f1os problemas como un filtro sucio hasta fallas catastr\u00f3ficas como un intercambiador de calor agrietado<\/p>\n<p>La vida sin un sistema de calefacci\u00f3n completamente funcional durante los meses fr\u00edos en Houston, Cypress y Katy es bastante inc\u00f3modo. Sin embargo, nunca se sabe cu\u00e1ndo su sistema de calefacci\u00f3n podr\u00eda necesitar una reparaci\u00f3n urgente. Incluso si repara su sistema de calefacci\u00f3n en los meses de verano, hay momentos en los que enfrentar\u00e1 problemas durante los meses de invierno.<\/p>\n<p>\u00bfQu\u00e9 hace ahora? Debe comunicarse con la mejor compa\u00f1\u00eda de <strong> reparaci\u00f3n de calefacci\u00f3n <\/strong> en Texas.<\/p>\n<p>Max Comfort AC se encuentra entre las mejores y l\u00edderes en compa\u00f1\u00edas de HVAC en Texas que brinda servicios excepcionales a todos sus clientes que viven en Houston. Cypress y Katy. Estamos equipados con un equipo de t\u00e9cnicos capacitados que tienen la experiencia y los conocimientos necesarios para ayudarlo con las necesidades de su sistema de calefacci\u00f3n.<\/p>\n\t\t\t\t\t\t\t\t<\/div>\n\t\t\t\t<\/div>\n\t\t\t\t<div class=\"elementor-element elementor-element-e185646 elementor-widget elementor-widget-heading\" data-id=\"e185646\" data-element_type=\"widget\" data-e-type=\"widget\" data-widget_type=\"heading.default\">\n\t\t\t\t<div class=\"elementor-widget-container\">\n\t\t\t\t\t<h3 class=\"elementor-heading-title elementor-size-default\">Nuestros servicios de calefacci\u00f3n<\/h3>\t\t\t\t<\/div>\n\t\t\t\t<\/div>\n\t\t\t\t<div class=\"elementor-element elementor-element-2cc164f elementor-widget elementor-widget-text-editor\" data-id=\"2cc164f\" data-element_type=\"widget\" data-e-type=\"widget\" data-widget_type=\"text-editor.default\">\n\t\t\t\t<div class=\"elementor-widget-container\">\n\t\t\t\t\t\t\t\t\t<p>Un proveedor de servicios experto en Texas durante m\u00e1s de dos d\u00e9cadas, Max Comfort AC es su compa\u00f1\u00eda de referencia para todos los problemas de su sistema de calefacci\u00f3n. Ya sea que necesite servicios r\u00e1pidos o atenci\u00f3n al cliente experta, la empresa sabe c\u00f3mo tratar bien a sus clientes. Con la reputaci\u00f3n de elevar continuamente el est\u00e1ndar de los servicios de HVAC, Max Comfort AC garantiza que obtenga los mejores servicios a precios asequibles.<\/p>\n<p>La amplia gama de servicios de calefacci\u00f3n que ofrece Max Comfort AC son:<\/p>\n<ul>\n<li><strong> Reparaci\u00f3n de calefacci\u00f3n. <\/strong><\/li>\n<li>Instalaci\u00f3n de calefacci\u00f3n.<\/li>\n<li>Mantenimiento de calefacci\u00f3n.<\/li>\n<li>Reemplazo de calefacci\u00f3n.<\/li>\n<li>Puesta a punto de la calefacci\u00f3n.<\/li>\n<\/ul>\n\t\t\t\t\t\t\t\t<\/div>\n\t\t\t\t<\/div>\n\t\t\t\t<div class=\"elementor-element elementor-element-5a04a15 elementor-widget elementor-widget-heading\" data-id=\"5a04a15\" data-element_type=\"widget\" data-e-type=\"widget\" data-widget_type=\"heading.default\">\n\t\t\t\t<div class=\"elementor-widget-container\">\n\t\t\t\t\t<h3 class=\"elementor-heading-title elementor-size-default\">\u00bfPor qu\u00e9 elegirnos?<\/h3>\t\t\t\t<\/div>\n\t\t\t\t<\/div>\n\t\t\t\t<div class=\"elementor-element elementor-element-61cff71 elementor-widget elementor-widget-text-editor\" data-id=\"61cff71\" data-element_type=\"widget\" data-e-type=\"widget\" data-widget_type=\"text-editor.default\">\n\t\t\t\t<div class=\"elementor-widget-container\">\n\t\t\t\t\t\t\t\t\t<ul>\n<li><strong> Confort y seguridad: <\/strong> Max Comfort AC tiene como objetivo brindarle la m\u00e1xima comodidad y seguridad con su amplia gama de servicios de calefacci\u00f3n.<\/li>\n<li><strong> Precios asequibles : <\/strong> Ya sea que se trate de <strong> reparaci\u00f3n de calefacci\u00f3n <\/strong> o cualquier otro servicio del sistema de calefacci\u00f3n, nos aseguramos de que nuestras pol\u00edticas de precios se ajusten a su presupuesto.<\/li>\n<li><strong> Sin costo adicional: <\/strong> No cobramos nada m\u00e1s all\u00e1 del precio mencionado por nuestros servicios y, por lo tanto, no tiene que preocuparse por los cargos ocultos.<\/li>\n<li><strong> Servicios de emergencia: <\/strong> es posible que necesite un reparaci\u00f3n de emergencia, y es por eso que estamos abiertos las 24 horas del d\u00eda, los 7 d\u00edas de la semana para ayudarlo en momentos de emergencia.<\/li>\n<\/ul>\n\t\t\t\t\t\t\t\t<\/div>\n\t\t\t\t<\/div>\n\t\t\t\t\t<\/div>\n\t\t<\/div>\n\t\t\t\t\t<\/div>\n\t\t<\/section>\n\t\t\t\t<section class=\"elementor-section elementor-top-section elementor-element elementor-element-f2b5212 elementor-section-boxed elementor-section-height-default elementor-section-height-default\" data-id=\"f2b5212\" data-element_type=\"section\" data-e-type=\"section\">\n\t\t\t\t\t\t<div class=\"elementor-container elementor-column-gap-default\">\n\t\t\t\t\t<div class=\"elementor-column elementor-col-100 elementor-top-column elementor-element elementor-element-f909a44\" data-id=\"f909a44\" data-element_type=\"column\" data-e-type=\"column\">\n\t\t\t<div class=\"elementor-widget-wrap elementor-element-populated\">\n\t\t\t\t\t\t<div class=\"elementor-element elementor-element-3aca5589 elementor-widget elementor-widget-heading\" data-id=\"3aca5589\" data-element_type=\"widget\" data-e-type=\"widget\" data-widget_type=\"heading.default\">\n\t\t\t\t<div class=\"elementor-widget-container\">\n\t\t\t\t\t<h2 class=\"elementor-heading-title elementor-size-default\">Servicios<\/h2>\t\t\t\t<\/div>\n\t\t\t\t<\/div>\n\t\t\t\t<section class=\"elementor-section elementor-inner-section elementor-element elementor-element-4907829e elementor-section-boxed elementor-section-height-default elementor-section-height-default\" data-id=\"4907829e\" data-element_type=\"section\" data-e-type=\"section\">\n\t\t\t\t\t\t<div class=\"elementor-container elementor-column-gap-default\">\n\t\t\t\t\t<div class=\"elementor-column elementor-col-50 elementor-inner-column elementor-element elementor-element-17dc2f57\" data-id=\"17dc2f57\" data-element_type=\"column\" data-e-type=\"column\">\n\t\t\t<div class=\"elementor-widget-wrap elementor-element-populated\">\n\t\t\t\t\t\t<div class=\"elementor-element elementor-element-e4d2c49 elementor-invisible elementor-widget elementor-widget-image\" data-id=\"e4d2c49\" data-element_type=\"widget\" data-e-type=\"widget\" data-settings=\"{&quot;_animation&quot;:&quot;zoomIn&quot;}\" data-widget_type=\"image.default\">\n\t\t\t\t<div class=\"elementor-widget-container\">\n\t\t\t\t\t\t\t\t\t\t\t\t\t\t\t<img decoding=\"async\" data-src=\"https:\/\/www.maxcomfortac.com\/wp-content\/uploads\/2020\/09\/Heating-Installation-2.jpg\" title=\"\" alt=\"\" src=\"data:image\/svg+xml;base64,PHN2ZyB3aWR0aD0iMSIgaGVpZ2h0PSIxIiB4bWxucz0iaHR0cDovL3d3dy53My5vcmcvMjAwMC9zdmciPjwvc3ZnPg==\" class=\"lazyload\" style=\"--smush-placeholder-width: 800px; --smush-placeholder-aspect-ratio: 800\/700;\" \/>\t\t\t\t\t\t\t\t\t\t\t\t\t\t\t<\/div>\n\t\t\t\t<\/div>\n\t\t\t\t<div class=\"elementor-element elementor-element-60b6cf65 elementor-widget elementor-widget-text-editor\" data-id=\"60b6cf65\" data-element_type=\"widget\" data-e-type=\"widget\" data-widget_type=\"text-editor.default\">\n\t\t\t\t<div class=\"elementor-widget-container\">\n\t\t\t\t\t\t\t\t\t<div style=\"text-align: center;\">Instalaci\u00f3n de calefacci\u00f3n<\/div>\n\t\t\t\t\t\t\t\t<\/div>\n\t\t\t\t<\/div>\n\t\t\t\t<div class=\"elementor-element elementor-element-263d79b8 elementor-align-center elementor-widget elementor-widget-button\" data-id=\"263d79b8\" data-element_type=\"widget\" data-e-type=\"widget\" data-widget_type=\"button.default\">\n\t\t\t\t<div class=\"elementor-widget-container\">\n\t\t\t\t\t\t\t\t\t<div class=\"elementor-button-wrapper\">\n\t\t\t\t\t<a class=\"elementor-button elementor-button-link elementor-size-sm\" href=\"https:\/\/www.maxcomfortac.com\/es\/calefaccion\/instalacion\/\">\n\t\t\t\t\t\t<span class=\"elementor-button-content-wrapper\">\n\t\t\t\t\t\t\t\t\t<span class=\"elementor-button-text\">Lee mas<\/span>\n\t\t\t\t\t<\/span>\n\t\t\t\t\t<\/a>\n\t\t\t\t<\/div>\n\t\t\t\t\t\t\t\t<\/div>\n\t\t\t\t<\/div>\n\t\t\t\t\t<\/div>\n\t\t<\/div>\n\t\t\t\t<div class=\"elementor-column elementor-col-50 elementor-inner-column elementor-element elementor-element-521bc616\" data-id=\"521bc616\" data-element_type=\"column\" data-e-type=\"column\">\n\t\t\t<div class=\"elementor-widget-wrap elementor-element-populated\">\n\t\t\t\t\t\t<div class=\"elementor-element elementor-element-25d72e95 elementor-invisible elementor-widget elementor-widget-image\" data-id=\"25d72e95\" data-element_type=\"widget\" data-e-type=\"widget\" data-settings=\"{&quot;_animation&quot;:&quot;zoomIn&quot;}\" data-widget_type=\"image.default\">\n\t\t\t\t<div class=\"elementor-widget-container\">\n\t\t\t\t\t\t\t\t\t\t\t\t\t\t\t<img decoding=\"async\" data-src=\"https:\/\/www.maxcomfortac.com\/wp-content\/uploads\/2020\/09\/Heating-Replacement-2.jpg\" title=\"\" alt=\"\" src=\"data:image\/svg+xml;base64,PHN2ZyB3aWR0aD0iMSIgaGVpZ2h0PSIxIiB4bWxucz0iaHR0cDovL3d3dy53My5vcmcvMjAwMC9zdmciPjwvc3ZnPg==\" class=\"lazyload\" style=\"--smush-placeholder-width: 800px; --smush-placeholder-aspect-ratio: 800\/700;\" \/>\t\t\t\t\t\t\t\t\t\t\t\t\t\t\t<\/div>\n\t\t\t\t<\/div>\n\t\t\t\t<div class=\"elementor-element elementor-element-5b7af196 elementor-widget elementor-widget-text-editor\" data-id=\"5b7af196\" data-element_type=\"widget\" data-e-type=\"widget\" data-widget_type=\"text-editor.default\">\n\t\t\t\t<div class=\"elementor-widget-container\">\n\t\t\t\t\t\t\t\t\t<div style=\"text-align: center;\">Reemplazo de calefacci\u00f3n<\/div>\n\t\t\t\t\t\t\t\t<\/div>\n\t\t\t\t<\/div>\n\t\t\t\t<div class=\"elementor-element elementor-element-72c92fa5 elementor-align-center elementor-widget elementor-widget-button\" data-id=\"72c92fa5\" data-element_type=\"widget\" data-e-type=\"widget\" data-widget_type=\"button.default\">\n\t\t\t\t<div class=\"elementor-widget-container\">\n\t\t\t\t\t\t\t\t\t<div class=\"elementor-button-wrapper\">\n\t\t\t\t\t<a class=\"elementor-button elementor-button-link elementor-size-sm\" href=\"https:\/\/www.maxcomfortac.com\/es\/calefaccion\/reemplazo\/\">\n\t\t\t\t\t\t<span class=\"elementor-button-content-wrapper\">\n\t\t\t\t\t\t\t\t\t<span class=\"elementor-button-text\">Lee mas<\/span>\n\t\t\t\t\t<\/span>\n\t\t\t\t\t<\/a>\n\t\t\t\t<\/div>\n\t\t\t\t\t\t\t\t<\/div>\n\t\t\t\t<\/div>\n\t\t\t\t\t<\/div>\n\t\t<\/div>\n\t\t\t\t\t<\/div>\n\t\t<\/section>\n\t\t\t\t<section class=\"elementor-section elementor-inner-section elementor-element elementor-element-65e65c1c elementor-section-boxed elementor-section-height-default elementor-section-height-default\" data-id=\"65e65c1c\" data-element_type=\"section\" data-e-type=\"section\">\n\t\t\t\t\t\t<div class=\"elementor-container elementor-column-gap-default\">\n\t\t\t\t\t<div class=\"elementor-column elementor-col-50 elementor-inner-column elementor-element elementor-element-473f68c6\" data-id=\"473f68c6\" data-element_type=\"column\" data-e-type=\"column\">\n\t\t\t<div class=\"elementor-widget-wrap elementor-element-populated\">\n\t\t\t\t\t\t<div class=\"elementor-element elementor-element-18a64dd3 elementor-invisible elementor-widget elementor-widget-image\" data-id=\"18a64dd3\" data-element_type=\"widget\" data-e-type=\"widget\" data-settings=\"{&quot;_animation&quot;:&quot;zoomIn&quot;}\" data-widget_type=\"image.default\">\n\t\t\t\t<div class=\"elementor-widget-container\">\n\t\t\t\t\t\t\t\t\t\t\t\t\t\t\t<img decoding=\"async\" data-src=\"https:\/\/www.maxcomfortac.com\/wp-content\/uploads\/2020\/09\/Heating-Maintenance-2.jpg\" title=\"\" alt=\"\" src=\"data:image\/svg+xml;base64,PHN2ZyB3aWR0aD0iMSIgaGVpZ2h0PSIxIiB4bWxucz0iaHR0cDovL3d3dy53My5vcmcvMjAwMC9zdmciPjwvc3ZnPg==\" class=\"lazyload\" style=\"--smush-placeholder-width: 800px; --smush-placeholder-aspect-ratio: 800\/700;\" \/>\t\t\t\t\t\t\t\t\t\t\t\t\t\t\t<\/div>\n\t\t\t\t<\/div>\n\t\t\t\t<div class=\"elementor-element elementor-element-7b07ed55 elementor-widget elementor-widget-text-editor\" data-id=\"7b07ed55\" data-element_type=\"widget\" data-e-type=\"widget\" data-widget_type=\"text-editor.default\">\n\t\t\t\t<div class=\"elementor-widget-container\">\n\t\t\t\t\t\t\t\t\t<div style=\"text-align: center;\">Mantenimiento de calefacci\u00f3n<\/div>\n\t\t\t\t\t\t\t\t<\/div>\n\t\t\t\t<\/div>\n\t\t\t\t<div class=\"elementor-element elementor-element-6b3f10c7 elementor-align-center elementor-widget elementor-widget-button\" data-id=\"6b3f10c7\" data-element_type=\"widget\" data-e-type=\"widget\" data-widget_type=\"button.default\">\n\t\t\t\t<div class=\"elementor-widget-container\">\n\t\t\t\t\t\t\t\t\t<div class=\"elementor-button-wrapper\">\n\t\t\t\t\t<a class=\"elementor-button elementor-button-link elementor-size-sm\" href=\"https:\/\/www.maxcomfortac.com\/es\/calefaccion\/mantenimiento\/\">\n\t\t\t\t\t\t<span class=\"elementor-button-content-wrapper\">\n\t\t\t\t\t\t\t\t\t<span class=\"elementor-button-text\">Lee mas<\/span>\n\t\t\t\t\t<\/span>\n\t\t\t\t\t<\/a>\n\t\t\t\t<\/div>\n\t\t\t\t\t\t\t\t<\/div>\n\t\t\t\t<\/div>\n\t\t\t\t\t<\/div>\n\t\t<\/div>\n\t\t\t\t<div class=\"elementor-column elementor-col-50 elementor-inner-column elementor-element elementor-element-6fbcfe0c\" data-id=\"6fbcfe0c\" data-element_type=\"column\" data-e-type=\"column\">\n\t\t\t<div class=\"elementor-widget-wrap elementor-element-populated\">\n\t\t\t\t\t\t<div class=\"elementor-element elementor-element-717f08ee elementor-invisible elementor-widget elementor-widget-image\" data-id=\"717f08ee\" data-element_type=\"widget\" data-e-type=\"widget\" data-settings=\"{&quot;_animation&quot;:&quot;zoomIn&quot;}\" data-widget_type=\"image.default\">\n\t\t\t\t<div class=\"elementor-widget-container\">\n\t\t\t\t\t\t\t\t\t\t\t\t\t\t\t<img decoding=\"async\" data-src=\"https:\/\/www.maxcomfortac.com\/wp-content\/uploads\/2020\/09\/Energy-saving-Calculator-2.jpg\" title=\"\" alt=\"\" src=\"data:image\/svg+xml;base64,PHN2ZyB3aWR0aD0iMSIgaGVpZ2h0PSIxIiB4bWxucz0iaHR0cDovL3d3dy53My5vcmcvMjAwMC9zdmciPjwvc3ZnPg==\" class=\"lazyload\" style=\"--smush-placeholder-width: 800px; --smush-placeholder-aspect-ratio: 800\/700;\" \/>\t\t\t\t\t\t\t\t\t\t\t\t\t\t\t<\/div>\n\t\t\t\t<\/div>\n\t\t\t\t<div class=\"elementor-element elementor-element-23d1fff elementor-widget elementor-widget-text-editor\" data-id=\"23d1fff\" data-element_type=\"widget\" data-e-type=\"widget\" data-widget_type=\"text-editor.default\">\n\t\t\t\t<div class=\"elementor-widget-container\">\n\t\t\t\t\t\t\t\t\t<div style = \"text-align: center;\"> Calculadora de ahorro de energ\u00eda <\/div>\n\t\t\t\t\t\t\t\t<\/div>\n\t\t\t\t<\/div>\n\t\t\t\t<div class=\"elementor-element elementor-element-58aa80ea elementor-align-center elementor-widget elementor-widget-button\" data-id=\"58aa80ea\" data-element_type=\"widget\" data-e-type=\"widget\" data-widget_type=\"button.default\">\n\t\t\t\t<div class=\"elementor-widget-container\">\n\t\t\t\t\t\t\t\t\t<div class=\"elementor-button-wrapper\">\n\t\t\t\t\t<a class=\"elementor-button elementor-button-link elementor-size-sm\" href=\"https:\/\/www.maxcomfortac.com\/es\/calefaccion\/calculadora-de-ahorro-de-energia\/\">\n\t\t\t\t\t\t<span class=\"elementor-button-content-wrapper\">\n\t\t\t\t\t\t\t\t\t<span class=\"elementor-button-text\">Lee mas<\/span>\n\t\t\t\t\t<\/span>\n\t\t\t\t\t<\/a>\n\t\t\t\t<\/div>\n\t\t\t\t\t\t\t\t<\/div>\n\t\t\t\t<\/div>\n\t\t\t\t\t<\/div>\n\t\t<\/div>\n\t\t\t\t\t<\/div>\n\t\t<\/section>\n\t\t\t\t\t<\/div>\n\t\t<\/div>\n\t\t\t\t\t<\/div>\n\t\t<\/section>\n\t\t\t\t<\/div>\n\t\t","protected":false},"excerpt":{"rendered":"<p>Reparaci\u00f3n de calefacci\u00f3n en Houston Cuando las temperaturas en Houston comienzan a bajar, la mayor\u00eda de las personas asumen que solo necesitan ajustar el termostato para mantener una temperatura agradable en el interior. Pero cuando deje de funcionar correctamente, tendr\u00e1 que confiar en expertos en calefacci\u00f3n en los que pueda confiar. Nos especializamos en la [&hellip;]<\/p>\n","protected":false},"author":105,"featured_media":0,"parent":16854,"menu_order":0,"comment_status":"closed","ping_status":"closed","template":"","meta":{"site-sidebar-layout":"no-sidebar","site-content-layout":"page-builder","ast-site-content-layout":"default","site-content-style":"default","site-sidebar-style":"default","ast-global-header-display":"","ast-banner-title-visibility":"","ast-main-header-display":"","ast-hfb-above-header-display":"","ast-hfb-below-header-display":"","ast-hfb-mobile-header-display":"","site-post-title":"disabled","ast-breadcrumbs-content":"","ast-featured-img":"disabled","footer-sml-layout":"","ast-disable-related-posts":"","theme-transparent-header-meta":"default","adv-header-id-meta":"","stick-header-meta":"","header-above-stick-meta":"","header-main-stick-meta":"","header-below-stick-meta":"","astra-migrate-meta-layouts":"default","ast-page-background-enabled":"default","ast-page-background-meta":{"desktop":{"background-color":"","background-image":"","background-repeat":"repeat","background-position":"center center","background-size":"auto","background-attachment":"scroll","background-type":"","background-media":"","overlay-type":"","overlay-color":"","overlay-opacity":"","overlay-gradient":""},"tablet":{"background-color":"","background-image":"","background-repeat":"repeat","background-position":"center center","background-size":"auto","background-attachment":"scroll","background-type":"","background-media":"","overlay-type":"","overlay-color":"","overlay-opacity":"","overlay-gradient":""},"mobile":{"background-color":"","background-image":"","background-repeat":"repeat","background-position":"center center","background-size":"auto","background-attachment":"scroll","background-type":"","background-media":"","overlay-type":"","overlay-color":"","overlay-opacity":"","overlay-gradient":""}},"ast-content-background-meta":{"desktop":{"background-color":"var(--ast-global-color-5)","background-image":"","background-repeat":"repeat","background-position":"center center","background-size":"auto","background-attachment":"scroll","background-type":"","background-media":"","overlay-type":"","overlay-color":"","overlay-opacity":"","overlay-gradient":""},"tablet":{"background-color":"var(--ast-global-color-5)","background-image":"","background-repeat":"repeat","background-position":"center center","background-size":"auto","background-attachment":"scroll","background-type":"","background-media":"","overlay-type":"","overlay-color":"","overlay-opacity":"","overlay-gradient":""},"mobile":{"background-color":"var(--ast-global-color-5)","background-image":"","background-repeat":"repeat","background-position":"center center","background-size":"auto","background-attachment":"scroll","background-type":"","background-media":"","overlay-type":"","overlay-color":"","overlay-opacity":"","overlay-gradient":""}},"footnotes":""},"class_list":["post-16858","page","type-page","status-publish","hentry"],"_links":{"self":[{"href":"https:\/\/www.maxcomfortac.com\/es\/wp-json\/wp\/v2\/pages\/16858","targetHints":{"allow":["GET"]}}],"collection":[{"href":"https:\/\/www.maxcomfortac.com\/es\/wp-json\/wp\/v2\/pages"}],"about":[{"href":"https:\/\/www.maxcomfortac.com\/es\/wp-json\/wp\/v2\/types\/page"}],"author":[{"embeddable":true,"href":"https:\/\/www.maxcomfortac.com\/es\/wp-json\/wp\/v2\/users\/105"}],"replies":[{"embeddable":true,"href":"https:\/\/www.maxcomfortac.com\/es\/wp-json\/wp\/v2\/comments?post=16858"}],"version-history":[{"count":0,"href":"https:\/\/www.maxcomfortac.com\/es\/wp-json\/wp\/v2\/pages\/16858\/revisions"}],"up":[{"embeddable":true,"href":"https:\/\/www.maxcomfortac.com\/es\/wp-json\/wp\/v2\/pages\/16854"}],"wp:attachment":[{"href":"https:\/\/www.maxcomfortac.com\/es\/wp-json\/wp\/v2\/media?parent=16858"}],"curies":[{"name":"wp","href":"https:\/\/api.w.org\/{rel}","templated":true}]}}