{"id":16841,"date":"2020-10-05T06:06:15","date_gmt":"2020-10-05T11:06:15","guid":{"rendered":"http:\/\/maxcomfortac.wpengine.com\/preguntas-frecuentes\/"},"modified":"2020-10-05T06:31:33","modified_gmt":"2020-10-05T11:31:33","slug":"preguntas-frecuentes","status":"publish","type":"page","link":"https:\/\/www.maxcomfortac.com\/es\/contacto\/preguntas-frecuentes\/","title":{"rendered":"Preguntas frecuentes sobre aire acondicionado"},"content":{"rendered":"\t\t<div data-elementor-type=\"wp-page\" data-elementor-id=\"16841\" class=\"elementor elementor-16841 elementor-16602\" data-elementor-post-type=\"page\">\n\t\t\t\t\t\t<section class=\"elementor-section elementor-top-section elementor-element elementor-element-cd64ee0 elementor-section-boxed elementor-section-height-default elementor-section-height-default\" data-id=\"cd64ee0\" data-element_type=\"section\" data-e-type=\"section\">\n\t\t\t\t\t\t<div class=\"elementor-container elementor-column-gap-default\">\n\t\t\t\t\t<div class=\"elementor-column elementor-col-100 elementor-top-column elementor-element elementor-element-01f0e84\" data-id=\"01f0e84\" data-element_type=\"column\" data-e-type=\"column\">\n\t\t\t<div class=\"elementor-widget-wrap elementor-element-populated\">\n\t\t\t\t\t\t<div class=\"elementor-element elementor-element-3ae58be align-at-right uael-faq-box-layout-yes elementor-widget elementor-widget-uael-faq\" data-id=\"3ae58be\" data-element_type=\"widget\" data-e-type=\"widget\" data-widget_type=\"uael-faq.default\">\n\t\t\t\t<div class=\"elementor-widget-container\">\n\t\t\t\t\t\n\t\t\t<div id='uael-faq-wrapper-617' class=\"uael-faq-wrapper\">\n\t\t\t\t<div class=\"uael-faq-container uael-faq-layout-accordion\" data-layout=\"accordion\" >\n\t\t\t\t\t\t\t\t\t\t\t\t<div id=\"uael-accordion-c07ab41\" class=\"uael-faq-accordion\" role=\"tablist\">\n\t\t\t\t\t\t\t\t<div class= \"uael-accordion-title\" aria-expanded=\"false\" role=\"tab\">\n\t\t\t\t\t\t\t\t\t<span class=\"uael-accordion-icon uael-accordion-icon-right\">\n\t\t\t\t\t\t\t\t\t\t<span class=\"uael-accordion-icon-closed\"><i class=\"fas fa-plus\"><\/i><\/span>\n\t\t\t\t\t\t\t\t\t\t<span class=\"uael-accordion-icon-opened\"><i class=\"far fa-window-minimize\"><\/i><\/span>\n\t\t\t\t\t\t\t\t\t<\/span>\n\t\t\t\t\t\t\t\t\t<div class=\"uael-question-c07ab41 uael-question-span\" tabindex=\"0\" id=\"uael-faq-1\">\u00bfQu\u00e9 tipo de sistema de calefacci\u00f3n y refrigeraci\u00f3n se adaptar\u00eda mejor a mi hogar o negocio?<\/div>\n\t\t\t\t\t\t\t\t<\/div>\n\t\t\t\t\t\t\t\t<div class=\"uael-accordion-content\" role=\"tabpanel\">\n\t\t\t\t\t\t\t\t\t<span>\n\t\t\t\t\t\t\t\t\t<span><div class = \"el-item uk-open\"> <div class = \"uk-accordion-content uk-margin-remove-first-child\"> <div class = \"el-content uk-panel uk-margin-top \"> <p> Debido a las muchas diferencias entre cada aplicaci\u00f3n, no podemos decir qu\u00e9 tipo se adapta mejor a su hogar o negocio sin m\u00e1s informaci\u00f3n. Una soluci\u00f3n \u00fanica para todos simplemente no existe. Necesitaremos revisar varios factores con usted, incluido el uso, la ubicaci\u00f3n, el tipo de estructura, el nivel de comodidad esperado y el retorno estimado de su inversi\u00f3n. Despu\u00e9s de escuchar atentamente sus inquietudes y los beneficios que espera lograr con su nuevo equipo, podemos hacer una recomendaci\u00f3n. <\/p> <\/div> <\/div> <\/div> <div class = \"el-item\"> <\/div><\/span>\t\t\t\t\t\t\t\t\t<\/span>\n\t\t\t\t\t\t\t\t<\/div>\n\t\t\t\t\t\t\t<\/div>\n\t\t\t\t\t\t\t\t\t\t\t\t\t\t<div id=\"uael-accordion-f79be7c\" class=\"uael-faq-accordion\" role=\"tablist\">\n\t\t\t\t\t\t\t\t<div class= \"uael-accordion-title\" aria-expanded=\"false\" role=\"tab\">\n\t\t\t\t\t\t\t\t\t<span class=\"uael-accordion-icon uael-accordion-icon-right\">\n\t\t\t\t\t\t\t\t\t\t<span class=\"uael-accordion-icon-closed\"><i class=\"fas fa-plus\"><\/i><\/span>\n\t\t\t\t\t\t\t\t\t\t<span class=\"uael-accordion-icon-opened\"><i class=\"far fa-window-minimize\"><\/i><\/span>\n\t\t\t\t\t\t\t\t\t<\/span>\n\t\t\t\t\t\t\t\t\t<div class=\"uael-question-f79be7c uael-question-span\" tabindex=\"0\" id=\"uael-faq-2\">\u00bfPor qu\u00e9 es importante realizar un mantenimiento regular en el sistema de confort de mi hogar?<\/div>\n\t\t\t\t\t\t\t\t<\/div>\n\t\t\t\t\t\t\t\t<div class=\"uael-accordion-content\" role=\"tabpanel\">\n\t\t\t\t\t\t\t\t\t<span>\n\t\t\t\t\t\t\t\t\t<span><div class = \"el-item uk-open\"> <div class = \"uk-accordion-content uk-margin-remove-first-child\"> <div class = \"el-content uk-panel uk-margin-top \"> <p> Probablemente no comprar\u00eda un autom\u00f3vil nuevo y asumir\u00eda que nunca tendr\u00e1 que inflar los neum\u00e1ticos, cambiar el aceite y examinar los ruidos at\u00edpicos. El sistema de confort de su hogar es similar al motor de su autom\u00f3vil; es un dispositivo mec\u00e1nico con motor, componentes el\u00e9ctricos ... e incluso combustible. Por lo tanto, es esencial que un t\u00e9cnico calificado realice el mantenimiento de rutina del sistema de confort de su hogar. Si no se mantiene de manera adecuada y rutinaria, incluso el mejor equipo de calefacci\u00f3n y aire acondicionado podr\u00eda experimentar complicaciones y reducir la eficiencia del 'combustible' con el tiempo. <\/p> <\/div> <\/div> <\/div> <div class = \"el -item \"> <\/div><\/span>\t\t\t\t\t\t\t\t\t<\/span>\n\t\t\t\t\t\t\t\t<\/div>\n\t\t\t\t\t\t\t<\/div>\n\t\t\t\t\t\t\t\t\t\t\t\t\t\t<div id=\"uael-accordion-45ec3ec\" class=\"uael-faq-accordion\" role=\"tablist\">\n\t\t\t\t\t\t\t\t<div class= \"uael-accordion-title\" aria-expanded=\"false\" role=\"tab\">\n\t\t\t\t\t\t\t\t\t<span class=\"uael-accordion-icon uael-accordion-icon-right\">\n\t\t\t\t\t\t\t\t\t\t<span class=\"uael-accordion-icon-closed\"><i class=\"fas fa-plus\"><\/i><\/span>\n\t\t\t\t\t\t\t\t\t\t<span class=\"uael-accordion-icon-opened\"><i class=\"far fa-window-minimize\"><\/i><\/span>\n\t\t\t\t\t\t\t\t\t<\/span>\n\t\t\t\t\t\t\t\t\t<div class=\"uael-question-45ec3ec uael-question-span\" tabindex=\"0\" id=\"uael-faq-3\">\u00bfQu\u00e9 es HVAC?<\/div>\n\t\t\t\t\t\t\t\t<\/div>\n\t\t\t\t\t\t\t\t<div class=\"uael-accordion-content\" role=\"tabpanel\">\n\t\t\t\t\t\t\t\t\t<span>\n\t\t\t\t\t\t\t\t\t<span><div class = \"el-item uk-open\"> <div class = \"uk-accordion-content uk-margin-remove-first-child\"> <div class = \"el-content uk-panel uk-margin-top \"> <p> HVAC es la abreviatura de Calefacci\u00f3n, Ventilaci\u00f3n y Aire Acondicionado. HVAC se utiliza con mayor frecuencia para representar todo el sistema de calefacci\u00f3n y refrigeraci\u00f3n que consta de conductos, filtros de aire, controles de humidificaci\u00f3n y registros. <\/p> <\/div> <\/div> <\/div> <div class = \" -item \"> <\/div><\/span>\t\t\t\t\t\t\t\t\t<\/span>\n\t\t\t\t\t\t\t\t<\/div>\n\t\t\t\t\t\t\t<\/div>\n\t\t\t\t\t\t\t\t\t\t\t\t\t\t<div id=\"uael-accordion-eea99eb\" class=\"uael-faq-accordion\" role=\"tablist\">\n\t\t\t\t\t\t\t\t<div class= \"uael-accordion-title\" aria-expanded=\"false\" role=\"tab\">\n\t\t\t\t\t\t\t\t\t<span class=\"uael-accordion-icon uael-accordion-icon-right\">\n\t\t\t\t\t\t\t\t\t\t<span class=\"uael-accordion-icon-closed\"><i class=\"fas fa-plus\"><\/i><\/span>\n\t\t\t\t\t\t\t\t\t\t<span class=\"uael-accordion-icon-opened\"><i class=\"far fa-window-minimize\"><\/i><\/span>\n\t\t\t\t\t\t\t\t\t<\/span>\n\t\t\t\t\t\t\t\t\t<div class=\"uael-question-eea99eb uael-question-span\" tabindex=\"0\" id=\"uael-faq-4\">\u00bfTodos los filtros de aire HVAC son iguales?<\/div>\n\t\t\t\t\t\t\t\t<\/div>\n\t\t\t\t\t\t\t\t<div class=\"uael-accordion-content\" role=\"tabpanel\">\n\t\t\t\t\t\t\t\t\t<span>\n\t\t\t\t\t\t\t\t\t<span><p> No, los filtros de aire HVAC var\u00edan seg\u00fan la calidad y el tama\u00f1o, y algunos tienen especificaciones que otros no. En la mayor\u00eda de los casos, recomendamos instalar el filtro que su fabricante de HVAC recomienda emparejar con su sistema instalado, aunque puede tener la tentaci\u00f3n de probar otro tipo de filtro por conveniencia o para eliminar los residuos adicionales de su residencia. <\/p> <p> Todos los filtros tienen clasificaciones MERV, que van del 1 al 20. MERV significa \"valor de informe de eficiencia m\u00ednima\". Una clasificaci\u00f3n MERV m\u00e1s alta significa que pasan menos part\u00edculas y atrapa las part\u00edculas m\u00e1s finas. Esto suena fant\u00e1stico, y puede serlo, pero un filtro que detiene el polvo y la suciedad m\u00e1s finos tambi\u00e9n se obstruir\u00e1 m\u00e1s r\u00e1pido y aumentar\u00e1 la presi\u00f3n sobre su unidad. Si su sistema no ha sido dise\u00f1ado para operar con este tipo de filtro, puede reducir el flujo de aire alrededor de su residencia, perjudicando su comodidad y sus costos de energ\u00eda. Entonces, \u00bfqu\u00e9 deber\u00eda hacer? A menos que viva en un hospital, probablemente no necesite una calificaci\u00f3n MERV superior a 13. De hecho, la mayor\u00eda de los sistemas HVAC residenciales est\u00e1n dise\u00f1ados espec\u00edficamente para funcionar con un filtro con una calificaci\u00f3n MERV inferior a 13, y con frecuencia encontrar\u00e1 que los sistemas de calidad tienen Se ha hecho que funcione con una clasificaci\u00f3n MERV de 8 u 11. Todos los filtros con una clasificaci\u00f3n MERV de cinco deber\u00edan atrapar la mayor\u00eda de las molestias cotidianas que preocupan a las personas, como el polen, la caspa de las mascotas y el polvo. Si bien algunos filtros afirman que pueden atrapar las esporas de moho, recomendamos que un profesional elimine cualquier moho de su residencia que encuentre, en lugar de tratar de ocultar el problema con un filtro m\u00e1s fino. <\/p><p> A menudo, el empaque indica la frecuencia con la que se debe reemplazar el filtro. Hay filtros de un mes y filtros de 3 meses. Adem\u00e1s, tenemos filtros que son bidimensionales, pantallas planas, y usted tiene algunos que est\u00e1n construidos al estilo acorde\u00f3n con alambre de soporte. En nuestra experiencia, los filtros de estilo acorde\u00f3n se mantienen mejor y valen la pena los centavos adicionales. <\/p> <p> Tambi\u00e9n puede considerar los filtros lavables, tambi\u00e9n conocidos como filtros reutilizables. A algunos propietarios les gusta el aspecto ecol\u00f3gico, ya que no se amontonan en un basurero, y otros piensan que es m\u00e1s conveniente sacar r\u00e1pidamente el filtro y limpiarlo en lugar de hacer un viaje especial a la ferreter\u00eda local por un filtro. del tama\u00f1o correcto. Estos filtros a menudo se crean para durar varios a\u00f1os y le ahorrar\u00e1n dinero durante esos a\u00f1os, aunque inicialmente son m\u00e1s caros. Sin embargo, los filtros lavables deben secarse completamente antes de devolverlos para eliminar el crecimiento de moho en los conductos. Adem\u00e1s, la mayor\u00eda de los filtros lavables tienen una clasificaci\u00f3n MERV entre 1 y 4, y pierden su eficiencia con los a\u00f1os. Algunos filtros lavables se han construido con nueva tecnolog\u00eda, como los filtros de aire electrost\u00e1ticos, que est\u00e1n destinados a mejorar b\u00e1sicamente la clasificaci\u00f3n MERV. <\/p> <p> Por \u00faltimo, los filtros est\u00e1n compuestos de diferentes materiales. Los filtros de fibra de vidrio son lo que vemos con m\u00e1s frecuencia y son del tipo desechable. Se sabe que los filtros de poli\u00e9ster y plisados \u200b\u200batrapan m\u00e1s desechos, pero tambi\u00e9n reducen el flujo de aire en su residencia. Y hay filtros de detenci\u00f3n de part\u00edculas de alta eficiencia, o HEPA para abreviar. Si bien podr\u00eda tener la tentaci\u00f3n de usar un filtro HEPA, tenga en cuenta que es como colocar un filtro MERV 16 en su sistema HVAC y es muy poco probable que su unidad est\u00e9 hecha para manejar ese tipo de resistencia. <\/p><\/span>\t\t\t\t\t\t\t\t\t<\/span>\n\t\t\t\t\t\t\t\t<\/div>\n\t\t\t\t\t\t\t<\/div>\n\t\t\t\t\t\t\t\t\t\t\t\t\t\t<div id=\"uael-accordion-f73fb04\" class=\"uael-faq-accordion\" role=\"tablist\">\n\t\t\t\t\t\t\t\t<div class= \"uael-accordion-title\" aria-expanded=\"false\" role=\"tab\">\n\t\t\t\t\t\t\t\t\t<span class=\"uael-accordion-icon uael-accordion-icon-right\">\n\t\t\t\t\t\t\t\t\t\t<span class=\"uael-accordion-icon-closed\"><i class=\"fas fa-plus\"><\/i><\/span>\n\t\t\t\t\t\t\t\t\t\t<span class=\"uael-accordion-icon-opened\"><i class=\"far fa-window-minimize\"><\/i><\/span>\n\t\t\t\t\t\t\t\t\t<\/span>\n\t\t\t\t\t\t\t\t\t<div class=\"uael-question-f73fb04 uael-question-span\" tabindex=\"0\" id=\"uael-faq-5\">\u00bfQu\u00e9 es la calidad del aire interior (IAQ)?<\/div>\n\t\t\t\t\t\t\t\t<\/div>\n\t\t\t\t\t\t\t\t<div class=\"uael-accordion-content\" role=\"tabpanel\">\n\t\t\t\t\t\t\t\t\t<span>\n\t\t\t\t\t\t\t\t\t<span><div class = \"el-item uk-open\"> <div class = \"uk-accordion-content uk-margin-remove-first-child\"> <div class = \"el-content uk-panel uk-margin-top \"> <p> Calidad del aire interior es un t\u00e9rmino que se utiliza para definir el nivel o la cantidad de contaminaci\u00f3n del aire que cuelga dentro de una casa o edificio, en particular las \u00e1reas o habitaciones ocupadas. Las concentraciones de contaminantes del aire pueden ser hasta 100 veces m\u00e1s altas en interiores que en exteriores y la Asociaci\u00f3n Americana del Pulm\u00f3n estima que la mayor\u00eda de las personas pasan el 90% de su tiempo en interiores. Piense en el punto en que respira aproximadamente 3000 galones de aire al d\u00eda. Est\u00e1 claro que los productos IAQ que pueden mejorar la calidad del aire y eliminar la contaminaci\u00f3n del aire interior se han vuelto cada vez m\u00e1s importantes para muchas familias, es decir, las que padecen alergias y problemas respiratorios. Existen numerosas posibilidades para combatir la contaminaci\u00f3n que induce alergias en su espacio, incluida la filtraci\u00f3n de aire de alta eficiencia y los limpiadores de aire que filtran o eliminan todas las molestas toxinas en el aire que provocan estornudos. Las opciones van desde la filtraci\u00f3n HEPA (aire de part\u00edculas de alta eficiencia) hasta las luces que eliminan los virus y la limpieza de conductos que elimina los desechos acumulados a lo largo de los a\u00f1os. <\/p> <\/div> <\/div> <\/div> <div class = \"el-item\"> <\/div><\/span>\t\t\t\t\t\t\t\t\t<\/span>\n\t\t\t\t\t\t\t\t<\/div>\n\t\t\t\t\t\t\t<\/div>\n\t\t\t\t\t\t\t\t\t\t\t\t\t\t<div id=\"uael-accordion-a0451ee\" class=\"uael-faq-accordion\" role=\"tablist\">\n\t\t\t\t\t\t\t\t<div class= \"uael-accordion-title\" aria-expanded=\"false\" role=\"tab\">\n\t\t\t\t\t\t\t\t\t<span class=\"uael-accordion-icon uael-accordion-icon-right\">\n\t\t\t\t\t\t\t\t\t\t<span class=\"uael-accordion-icon-closed\"><i class=\"fas fa-plus\"><\/i><\/span>\n\t\t\t\t\t\t\t\t\t\t<span class=\"uael-accordion-icon-opened\"><i class=\"far fa-window-minimize\"><\/i><\/span>\n\t\t\t\t\t\t\t\t\t<\/span>\n\t\t\t\t\t\t\t\t\t<div class=\"uael-question-a0451ee uael-question-span\" tabindex=\"0\" id=\"uael-faq-6\">\u00bfQu\u00e9 tan saludable es mi aire interior?<\/div>\n\t\t\t\t\t\t\t\t<\/div>\n\t\t\t\t\t\t\t\t<div class=\"uael-accordion-content\" role=\"tabpanel\">\n\t\t\t\t\t\t\t\t\t<span>\n\t\t\t\t\t\t\t\t\t<span><div class = \"el-item uk-open\"> <div class = \"uk-accordion-content uk-margin-remove-first-child\"> <div class = \"el-content uk-panel uk-margin-top \"> <p> Seg\u00fan estudios creados por la Agencia de Protecci\u00f3n Ambiental de EE. UU., la exposici\u00f3n a los contaminantes del aire en el interior puede ser 100 veces mayor que en el exterior. Quitar el polvo y pasar la aspiradora con frecuencia puede ayudar a reducir la cantidad de polvo y \u00e1caros presentes en su hogar. Sin embargo, no todas las part\u00edculas suspendidas en el aire pueden eliminarse. Los dispositivos de filtraci\u00f3n pueden ayudar a eliminar las part\u00edculas que son demasiado peque\u00f1as para ser atrapadas por una aspiradora. Algunos dispositivos de filtraci\u00f3n incluyen unidades de luz ultravioleta, filtros de aire, ventiladores de recuperaci\u00f3n de energ\u00eda (ERV), ventiladores de recuperaci\u00f3n de calor (HRV) y purificadores de aire electr\u00f3nicos. Una boleta de calificaciones de salud en el hogar de los expertos en servicio le proporcionar\u00e1 la informaci\u00f3n sobre qu\u00e9 dispositivos de mejora del aire interior son adecuados para usted. <\/p> <\/div> <\/div> <\/div> <div class = \"el-item\"> < \/ div><\/span>\t\t\t\t\t\t\t\t\t<\/span>\n\t\t\t\t\t\t\t\t<\/div>\n\t\t\t\t\t\t\t<\/div>\n\t\t\t\t\t\t\t\t\t\t\t\t\t\t<div id=\"uael-accordion-29df772\" class=\"uael-faq-accordion\" role=\"tablist\">\n\t\t\t\t\t\t\t\t<div class= \"uael-accordion-title\" aria-expanded=\"false\" role=\"tab\">\n\t\t\t\t\t\t\t\t\t<span class=\"uael-accordion-icon uael-accordion-icon-right\">\n\t\t\t\t\t\t\t\t\t\t<span class=\"uael-accordion-icon-closed\"><i class=\"fas fa-plus\"><\/i><\/span>\n\t\t\t\t\t\t\t\t\t\t<span class=\"uael-accordion-icon-opened\"><i class=\"far fa-window-minimize\"><\/i><\/span>\n\t\t\t\t\t\t\t\t\t<\/span>\n\t\t\t\t\t\t\t\t\t<div class=\"uael-question-29df772 uael-question-span\" tabindex=\"0\" id=\"uael-faq-7\">\u00bfDebo usar un sistema de una o varias zonas?<\/div>\n\t\t\t\t\t\t\t\t<\/div>\n\t\t\t\t\t\t\t\t<div class=\"uael-accordion-content\" role=\"tabpanel\">\n\t\t\t\t\t\t\t\t\t<span>\n\t\t\t\t\t\t\t\t\t<span><div class = \"el-item uk-open\"> <div class = \"uk-accordion-content uk-margin-remove-first-child\"> <div class = \"el-content uk-panel uk-margin-top \"> <p> Cada aplicaci\u00f3n es diferente. Hay situaciones en las que la zonificaci\u00f3n de una casa con un sistema podr\u00eda ser m\u00e1s rentable y, de hecho, permitir\u00eda m\u00e1s refrigeraci\u00f3n o calefacci\u00f3n \u201cpuntual\u201d en \u00e1reas espec\u00edficas que una instalaci\u00f3n de sistema multizona est\u00e1ndar. Sin embargo, tambi\u00e9n hay aplicaciones en las que el dise\u00f1o del sistema de refrigeraci\u00f3n o calefacci\u00f3n requiere m\u00e1s de lo que un sistema puede proporcionar, creando la necesidad de varios sistemas. Usando nuestra experiencia en dise\u00f1o y experiencia en instalaci\u00f3n, podemos determinar si un sistema multizona o de zona \u00fanica se adapta mejor a su hogar o negocio. Luego, teniendo en cuenta la imagen completa, podemos ofrecer una sugerencia para que pueda tomar una decisi\u00f3n informada. <\/p> <\/div> <\/div> <\/div> <div class = \"el-item\"> < \/ div><\/span>\t\t\t\t\t\t\t\t\t<\/span>\n\t\t\t\t\t\t\t\t<\/div>\n\t\t\t\t\t\t\t<\/div>\n\t\t\t\t\t\t\t\t\t\t\t\t\t\t<div id=\"uael-accordion-aa363e4\" class=\"uael-faq-accordion\" role=\"tablist\">\n\t\t\t\t\t\t\t\t<div class= \"uael-accordion-title\" aria-expanded=\"false\" role=\"tab\">\n\t\t\t\t\t\t\t\t\t<span class=\"uael-accordion-icon uael-accordion-icon-right\">\n\t\t\t\t\t\t\t\t\t\t<span class=\"uael-accordion-icon-closed\"><i class=\"fas fa-plus\"><\/i><\/span>\n\t\t\t\t\t\t\t\t\t\t<span class=\"uael-accordion-icon-opened\"><i class=\"far fa-window-minimize\"><\/i><\/span>\n\t\t\t\t\t\t\t\t\t<\/span>\n\t\t\t\t\t\t\t\t\t<div class=\"uael-question-aa363e4 uael-question-span\" tabindex=\"0\" id=\"uael-faq-8\">\u00bfC\u00f3mo sabr\u00e9 cu\u00e1ndo es el momento de reemplazar mi bomba de calor?<\/div>\n\t\t\t\t\t\t\t\t<\/div>\n\t\t\t\t\t\t\t\t<div class=\"uael-accordion-content\" role=\"tabpanel\">\n\t\t\t\t\t\t\t\t\t<span>\n\t\t\t\t\t\t\t\t\t<span><div class = \"el-item uk-open\"> <div class = \"uk-accordion-content uk-margin-remove-first-child\"> <div class = \"el-content uk-panel uk-margin-top \"> <p> Cuando el sistema comienza a generar m\u00e1s problemas de los que parece rentable solucionar. Si la unidad se acerca a los 10 a\u00f1os de antig\u00fcedad y los componentes principales como el compresor, la v\u00e1lvula de inversi\u00f3n, el acumulador o la bobina exterior se estropean, podr\u00eda tener sentido reemplazar en lugar de reparar. Reemplazar un compresor, por ejemplo, es algo menos costoso que reemplazar la unidad completa, pero las unidades nuevas pueden brindarle una mayor eficiencia, menores costos operativos y una garant\u00eda nueva en toda la unidad, no solo en la parte a reemplazar. Cuando se enfrente a reparaciones importantes, podemos ayudarlo a tomar la decisi\u00f3n correcta. <\/p> <\/div> <\/div> <\/div> <div class = \"el-item\"> <\/div><\/span>\t\t\t\t\t\t\t\t\t<\/span>\n\t\t\t\t\t\t\t\t<\/div>\n\t\t\t\t\t\t\t<\/div>\n\t\t\t\t\t\t\t\t\t\t\t\t\t\t<div id=\"uael-accordion-12b0412\" class=\"uael-faq-accordion\" role=\"tablist\">\n\t\t\t\t\t\t\t\t<div class= \"uael-accordion-title\" aria-expanded=\"false\" role=\"tab\">\n\t\t\t\t\t\t\t\t\t<span class=\"uael-accordion-icon uael-accordion-icon-right\">\n\t\t\t\t\t\t\t\t\t\t<span class=\"uael-accordion-icon-closed\"><i class=\"fas fa-plus\"><\/i><\/span>\n\t\t\t\t\t\t\t\t\t\t<span class=\"uael-accordion-icon-opened\"><i class=\"far fa-window-minimize\"><\/i><\/span>\n\t\t\t\t\t\t\t\t\t<\/span>\n\t\t\t\t\t\t\t\t\t<div class=\"uael-question-12b0412 uael-question-span\" tabindex=\"0\" id=\"uael-faq-9\">\u00bfPor qu\u00e9 se est\u00e1 congelando mi sistema de CA?<\/div>\n\t\t\t\t\t\t\t\t<\/div>\n\t\t\t\t\t\t\t\t<div class=\"uael-accordion-content\" role=\"tabpanel\">\n\t\t\t\t\t\t\t\t\t<span>\n\t\t\t\t\t\t\t\t\t<span><p> Hay una gran cantidad de posibilidades que pueden hacer que su sistema HVAC se congele; casi todos ellos generalmente necesitan ser corregidos por un t\u00e9cnico profesional. <\/p> <ul> <li> <strong> Bajo nivel de refrigerante: <\/strong> en algunos casos, la congelaci\u00f3n se inicia por una fuga en las l\u00edneas de refrigerante. Uniones de soldadura d\u00e9biles, la fricci\u00f3n de la tuber\u00eda que roza o vibra contra un objeto, v\u00e1lvulas con fugas o conexiones sueltas pueden causar fugas. La cantidad de tiempo que su sistema ha estado instalado y la naturaleza y ubicaci\u00f3n de la fuga son los factores determinantes para reparar o reemplazar el sistema. <\/li> <li> <strong> Serpent\u00edn del evaporador sucio: <\/strong> Sobre tiempo, el serpent\u00edn del evaporador se ensuciar\u00e1. En estas ocasiones, los resultados son similares a los de tener un filtro sucio. Gradualmente perder\u00e1 flujo de aire, lo suficientemente lento como para que probablemente no se d\u00e9 cuenta hasta que se congele o no se enfr\u00ede adecuadamente. Deber\u00e1 ponerse en contacto con el centro de servicio y ventas de Expertos en servicio local para solucionar el problema. <\/li> <li> <strong> Motor o rel\u00e9 del ventilador defectuoso: <\/strong> Un motor del ventilador funcionando a una velocidad incorrecta o todos pueden causar congelaci\u00f3n. Tambi\u00e9n puede ser espor\u00e1dico, comenzando a toda velocidad y disminuyendo despu\u00e9s de que se calienta. O un rel\u00e9 podr\u00eda hacer que se inicie una vez y no la siguiente. En cualquier caso, deber\u00e1 ponerse en contacto con el centro de servicio y ventas de Expertos en servicio local para corregir el problema. <\/li> <\/ul><\/span>\t\t\t\t\t\t\t\t\t<\/span>\n\t\t\t\t\t\t\t\t<\/div>\n\t\t\t\t\t\t\t<\/div>\n\t\t\t\t\t\t\t\t\t\t\t<\/div>\n\t\t\t<\/div>\n\t\t\t\t\t\t\t<\/div>\n\t\t\t\t<\/div>\n\t\t\t\t\t<\/div>\n\t\t<\/div>\n\t\t\t\t\t<\/div>\n\t\t<\/section>\n\t\t\t\t<\/div>\n\t\t","protected":false},"excerpt":{"rendered":"<p>\u00bfQu\u00e9 tipo de sistema de calefacci\u00f3n y refrigeraci\u00f3n se adaptar\u00eda mejor a mi hogar o negocio? Debido a las muchas diferencias entre cada aplicaci\u00f3n, no podemos decir qu\u00e9 tipo se adapta mejor a su hogar o negocio sin m\u00e1s informaci\u00f3n. Una soluci\u00f3n \u00fanica para todos simplemente no existe. Necesitaremos revisar varios factores con usted, incluido [&hellip;]<\/p>\n","protected":false},"author":105,"featured_media":0,"parent":16842,"menu_order":0,"comment_status":"closed","ping_status":"closed","template":"","meta":{"site-sidebar-layout":"no-sidebar","site-content-layout":"page-builder","ast-site-content-layout":"default","site-content-style":"default","site-sidebar-style":"default","ast-global-header-display":"","ast-banner-title-visibility":"","ast-main-header-display":"","ast-hfb-above-header-display":"","ast-hfb-below-header-display":"","ast-hfb-mobile-header-display":"","site-post-title":"disabled","ast-breadcrumbs-content":"","ast-featured-img":"disabled","footer-sml-layout":"","ast-disable-related-posts":"","theme-transparent-header-meta":"default","adv-header-id-meta":"","stick-header-meta":"","header-above-stick-meta":"","header-main-stick-meta":"","header-below-stick-meta":"","astra-migrate-meta-layouts":"default","ast-page-background-enabled":"default","ast-page-background-meta":{"desktop":{"background-color":"","background-image":"","background-repeat":"repeat","background-position":"center center","background-size":"auto","background-attachment":"scroll","background-type":"","background-media":"","overlay-type":"","overlay-color":"","overlay-opacity":"","overlay-gradient":""},"tablet":{"background-color":"","background-image":"","background-repeat":"repeat","background-position":"center center","background-size":"auto","background-attachment":"scroll","background-type":"","background-media":"","overlay-type":"","overlay-color":"","overlay-opacity":"","overlay-gradient":""},"mobile":{"background-color":"","background-image":"","background-repeat":"repeat","background-position":"center center","background-size":"auto","background-attachment":"scroll","background-type":"","background-media":"","overlay-type":"","overlay-color":"","overlay-opacity":"","overlay-gradient":""}},"ast-content-background-meta":{"desktop":{"background-color":"var(--ast-global-color-5)","background-image":"","background-repeat":"repeat","background-position":"center center","background-size":"auto","background-attachment":"scroll","background-type":"","background-media":"","overlay-type":"","overlay-color":"","overlay-opacity":"","overlay-gradient":""},"tablet":{"background-color":"var(--ast-global-color-5)","background-image":"","background-repeat":"repeat","background-position":"center center","background-size":"auto","background-attachment":"scroll","background-type":"","background-media":"","overlay-type":"","overlay-color":"","overlay-opacity":"","overlay-gradient":""},"mobile":{"background-color":"var(--ast-global-color-5)","background-image":"","background-repeat":"repeat","background-position":"center center","background-size":"auto","background-attachment":"scroll","background-type":"","background-media":"","overlay-type":"","overlay-color":"","overlay-opacity":"","overlay-gradient":""}},"footnotes":""},"class_list":["post-16841","page","type-page","status-publish","hentry"],"_links":{"self":[{"href":"https:\/\/www.maxcomfortac.com\/es\/wp-json\/wp\/v2\/pages\/16841","targetHints":{"allow":["GET"]}}],"collection":[{"href":"https:\/\/www.maxcomfortac.com\/es\/wp-json\/wp\/v2\/pages"}],"about":[{"href":"https:\/\/www.maxcomfortac.com\/es\/wp-json\/wp\/v2\/types\/page"}],"author":[{"embeddable":true,"href":"https:\/\/www.maxcomfortac.com\/es\/wp-json\/wp\/v2\/users\/105"}],"replies":[{"embeddable":true,"href":"https:\/\/www.maxcomfortac.com\/es\/wp-json\/wp\/v2\/comments?post=16841"}],"version-history":[{"count":0,"href":"https:\/\/www.maxcomfortac.com\/es\/wp-json\/wp\/v2\/pages\/16841\/revisions"}],"up":[{"embeddable":true,"href":"https:\/\/www.maxcomfortac.com\/es\/wp-json\/wp\/v2\/pages\/16842"}],"wp:attachment":[{"href":"https:\/\/www.maxcomfortac.com\/es\/wp-json\/wp\/v2\/media?parent=16841"}],"curies":[{"name":"wp","href":"https:\/\/api.w.org\/{rel}","templated":true}]}}