{"id":16839,"date":"2020-10-05T05:30:19","date_gmt":"2020-10-05T10:30:19","guid":{"rendered":"http:\/\/maxcomfortac.wpengine.com\/enfriamiento\/reemplazo\/"},"modified":"2022-03-09T13:29:58","modified_gmt":"2022-03-09T18:29:58","slug":"reemplazo","status":"publish","type":"page","link":"https:\/\/www.maxcomfortac.com\/es\/enfriamiento\/reemplazo\/","title":{"rendered":"Reemplazo"},"content":{"rendered":"\t\t<div data-elementor-type=\"wp-page\" data-elementor-id=\"16839\" class=\"elementor elementor-16839 elementor-16412\" data-elementor-post-type=\"page\">\n\t\t\t\t\t\t<section class=\"elementor-section elementor-top-section elementor-element elementor-element-159f181d elementor-section-boxed elementor-section-height-default elementor-section-height-default\" data-id=\"159f181d\" data-element_type=\"section\" data-e-type=\"section\">\n\t\t\t\t\t\t<div class=\"elementor-container elementor-column-gap-wider\">\n\t\t\t\t\t<div class=\"elementor-column elementor-col-100 elementor-top-column elementor-element elementor-element-763a32ee\" data-id=\"763a32ee\" data-element_type=\"column\" data-e-type=\"column\">\n\t\t\t<div class=\"elementor-widget-wrap elementor-element-populated\">\n\t\t\t\t\t\t<div class=\"elementor-element elementor-element-6d4c9d6b elementor-widget elementor-widget-heading\" data-id=\"6d4c9d6b\" data-element_type=\"widget\" data-e-type=\"widget\" data-widget_type=\"heading.default\">\n\t\t\t\t<div class=\"elementor-widget-container\">\n\t\t\t\t\t<h2 class=\"elementor-heading-title elementor-size-default\">Reemplazo De Aire Acondicionado En Houston TX<\/h2>\t\t\t\t<\/div>\n\t\t\t\t<\/div>\n\t\t\t\t<div class=\"elementor-element elementor-element-15fd4734 elementor-widget elementor-widget-text-editor\" data-id=\"15fd4734\" data-element_type=\"widget\" data-e-type=\"widget\" data-widget_type=\"text-editor.default\">\n\t\t\t\t<div class=\"elementor-widget-container\">\n\t\t\t\t\t\t\t\t\tReemplazar una unidad de aire acondicionado podr\u00eda ser una de las inversiones m\u00e1s importantes que har\u00e1 como propietario de una casa. Quiere asegurarse de que es el momento adecuado para actualizar. Si est\u00e1 listo para actualizar su sistema, <a href=\"\/\"> MAX COMFORT AC <\/a> est\u00e1 aqu\u00ed para ayudarlo. <a href=\"https:\/\/www.maxcomfortac.com\/es\/contacto\/\"> Cont\u00e1ctenos <\/a> hoy para el reemplazo del aire acondicionado en Houston, Cypress, Katy, TX y \u00e1reas circundantes\n\nPara obtener m\u00e1s informaci\u00f3n sobre c\u00f3mo hacer un reemplazo eficiente del aire acondicionado, comun\u00edquese con nuestros profesionales hoy mismo. Estaremos encantados de responder a todas sus preguntas y ofrecerle un presupuesto gratuito para reemplazar su unidad actual.\n\nLlame al <a href=\"tel:832-256-5805\">(832)582-6887<\/a> \u00a1Obtenga una cotizaci\u00f3n gratuita para su reemplazo de aire acondicionado!\t\t\t\t\t\t\t\t<\/div>\n\t\t\t\t<\/div>\n\t\t\t\t<div class=\"elementor-element elementor-element-241f89fa elementor-widget elementor-widget-image\" data-id=\"241f89fa\" data-element_type=\"widget\" data-e-type=\"widget\" data-widget_type=\"image.default\">\n\t\t\t\t<div class=\"elementor-widget-container\">\n\t\t\t\t\t\t\t\t\t\t\t\t\t\t\t<img fetchpriority=\"high\" decoding=\"async\" width=\"800\" height=\"600\" src=\"https:\/\/www.maxcomfortac.com\/wp-content\/uploads\/2020\/09\/AC-Replacement-1.jpg\" class=\"attachment-large size-large wp-image-16408\" alt=\"AC Replacement\" srcset=\"https:\/\/www.maxcomfortac.com\/wp-content\/uploads\/2020\/09\/AC-Replacement-1.jpg 800w, https:\/\/www.maxcomfortac.com\/wp-content\/uploads\/2020\/09\/AC-Replacement-1-300x225.jpg 300w, https:\/\/www.maxcomfortac.com\/wp-content\/uploads\/2020\/09\/AC-Replacement-1-768x576.jpg 768w\" sizes=\"(max-width: 800px) 100vw, 800px\" \/>\t\t\t\t\t\t\t\t\t\t\t\t\t\t\t<\/div>\n\t\t\t\t<\/div>\n\t\t\t\t<div class=\"elementor-element elementor-element-306afab elementor-widget elementor-widget-text-editor\" data-id=\"306afab\" data-element_type=\"widget\" data-e-type=\"widget\" data-widget_type=\"text-editor.default\">\n\t\t\t\t<div class=\"elementor-widget-container\">\n\t\t\t\t\t\t\t\t\t<p>\u00bfEst\u00e1 cansado de reparar su aire acondicionado? Si a\u00fan no funciona correctamente, debe cambiarlo. <a href=\"https:\/\/www.maxcomfortac.com\/es\/enfriamiento\/reemplazo\/\"> <strong> Reemplazo de CA <\/strong> <\/a> suele ser el \u00faltimo recurso para ayudarlo a llevar una vida c\u00f3moda durante el verano. Sin embargo, el proceso de <strong> Reemplazo de aire acondicionado <\/strong> no es tan f\u00e1cil como parece.<\/p>\n<p>Si est\u00e1 buscando servicios expertos de <strong> Reemplazo de aire acondicionado <\/strong>, entonces est\u00e1 en el lugar correcto. Los expertos de Max Comfort AC est\u00e1n aqu\u00ed para ayudarlo a resolver todas sus necesidades de aire acondicionado. Contamos con la experiencia y los conocimientos adecuados para facilitarle todos sus desafiantes problemas de aire acondicionado. Ya sean los mejores t\u00e9cnicos o t\u00e9cnicas actualizadas, \u00a1lo tenemos todo en nuestro plato!<\/p>\n\t\t\t\t\t\t\t\t<\/div>\n\t\t\t\t<\/div>\n\t\t\t\t<div class=\"elementor-element elementor-element-7f48a09 elementor-widget elementor-widget-heading\" data-id=\"7f48a09\" data-element_type=\"widget\" data-e-type=\"widget\" data-widget_type=\"heading.default\">\n\t\t\t\t<div class=\"elementor-widget-container\">\n\t\t\t\t\t<h3 class=\"elementor-heading-title elementor-size-default\">Nuestros servicios AC<\/h3>\t\t\t\t<\/div>\n\t\t\t\t<\/div>\n\t\t\t\t<div class=\"elementor-element elementor-element-b4970d8 elementor-widget elementor-widget-text-editor\" data-id=\"b4970d8\" data-element_type=\"widget\" data-e-type=\"widget\" data-widget_type=\"text-editor.default\">\n\t\t\t\t<div class=\"elementor-widget-container\">\n\t\t\t\t\t\t\t\t\t<p> Una empresa de renombre en Houston, Cypress y Katy, Max Comfort AC ser\u00e1 su caballero de brillante armadura para resolver todas sus necesidades de aire acondicionado. Contamos con personal altamente capacitado que lo ayudar\u00e1 a elegir el modelo de reemplazo de aire acondicionado ideal para mantener su hogar lo m\u00e1s c\u00f3modo posible. Con nosotros, no tiene que preocuparse por nada. <\/p>\n<p> La amplia gama de servicios que ofrece Max Comfort AC son los siguientes: <\/p>\n<ul>\n<li> <strong> Reemplazo de aire acondicionado. <\/strong> <\/li>\n<li> <a href=\"https:\/\/www.maxcomfortac.com\/es\/enfriamiento\/sintonizacion-y-mantenimiento-de-ca-en-houston-tx\/\"> Optimizaci\u00f3n de CA <\/a> <\/li>\n<li> <a href=\"https:\/\/www.maxcomfortac.com\/es\/enfriamiento\/reparacion\/\"> Reparaci\u00f3n de CA <\/a> <\/li>\n<li> <a href=\"https:\/\/www.maxcomfortac.com\/es\/enfriamiento\/servicio-de-aire-acondicionado-en-houston-tx\/\"> servicio de aire acondicionado <\/a> <\/li>\n<li> <a href=\"https:\/\/www.maxcomfortac.com\/es\/enfriamiento\/instalacion\/\"> instalaci\u00f3n de CA <\/a> <\/li>\n<li> <a href=\"https:\/\/www.maxcomfortac.com\/es\/enfriamiento\/mantenimiento\/\"> mantenimiento de CA <\/a> <\/li>\n<\/ul>\n\t\t\t\t\t\t\t\t<\/div>\n\t\t\t\t<\/div>\n\t\t\t\t<div class=\"elementor-element elementor-element-db758c8 elementor-widget elementor-widget-heading\" data-id=\"db758c8\" data-element_type=\"widget\" data-e-type=\"widget\" data-widget_type=\"heading.default\">\n\t\t\t\t<div class=\"elementor-widget-container\">\n\t\t\t\t\t<h3 class=\"elementor-heading-title elementor-size-default\">\u00bfPor qu\u00e9 elegirnos?<\/h3>\t\t\t\t<\/div>\n\t\t\t\t<\/div>\n\t\t\t\t<div class=\"elementor-element elementor-element-0dbe51c elementor-widget elementor-widget-text-editor\" data-id=\"0dbe51c\" data-element_type=\"widget\" data-e-type=\"widget\" data-widget_type=\"text-editor.default\">\n\t\t\t\t<div class=\"elementor-widget-container\">\n\t\t\t\t\t\t\t\t\t<ul>\n<li><strong> Servicios profesionales: <\/strong> Contamos con un equipo que se compromete a brindar los servicios de <strong> reemplazo de aire acondicionado <\/strong> m\u00e1s profesionales para su hogar en Texas.<\/li>\n<li><strong> Econ\u00f3mico: <\/strong> todos nuestros servicios son asequibles y, por lo tanto, no necesita preocuparse por la cantidad de dinero que tendr\u00eda que gastar.<\/li>\n<li><strong> Atenci\u00f3n al cliente: <\/strong> tenemos un equipo separado de ejecutivos de atenci\u00f3n al cliente que est\u00e1n aqu\u00ed para ayudarlo a programar citas r\u00e1pidas con nuestros t\u00e9cnicos.<\/li>\n<li><strong> Experiencia: <\/strong> Max Comfort AC ha m\u00e1s de dos d\u00e9cadas de experiencia al servicio de la gente de Houston, Cypress y Katy, con todas sus necesidades de aire acondicionado.<\/li>\n<\/ul>\n\t\t\t\t\t\t\t\t<\/div>\n\t\t\t\t<\/div>\n\t\t\t\t\t<\/div>\n\t\t<\/div>\n\t\t\t\t\t<\/div>\n\t\t<\/section>\n\t\t\t\t<section class=\"elementor-section elementor-top-section elementor-element elementor-element-e775de0 elementor-section-boxed elementor-section-height-default elementor-section-height-default\" data-id=\"e775de0\" data-element_type=\"section\" data-e-type=\"section\">\n\t\t\t\t\t\t<div class=\"elementor-container elementor-column-gap-default\">\n\t\t\t\t\t<div class=\"elementor-column elementor-col-100 elementor-top-column elementor-element elementor-element-18b727eb\" data-id=\"18b727eb\" data-element_type=\"column\" data-e-type=\"column\">\n\t\t\t<div class=\"elementor-widget-wrap elementor-element-populated\">\n\t\t\t\t\t\t<div class=\"elementor-element elementor-element-4f15f17e elementor-widget elementor-widget-heading\" data-id=\"4f15f17e\" data-element_type=\"widget\" data-e-type=\"widget\" data-widget_type=\"heading.default\">\n\t\t\t\t<div class=\"elementor-widget-container\">\n\t\t\t\t\t<h3 class=\"elementor-heading-title elementor-size-default\">SISTEMAS DE AIRE ACONDICIONADO<\/h3>\t\t\t\t<\/div>\n\t\t\t\t<\/div>\n\t\t\t\t<section class=\"elementor-section elementor-inner-section elementor-element elementor-element-32b1ae35 elementor-section-boxed elementor-section-height-default elementor-section-height-default\" data-id=\"32b1ae35\" data-element_type=\"section\" data-e-type=\"section\">\n\t\t\t\t\t\t<div class=\"elementor-container elementor-column-gap-default\">\n\t\t\t\t\t<div class=\"elementor-column elementor-col-50 elementor-inner-column elementor-element elementor-element-609e2284\" data-id=\"609e2284\" data-element_type=\"column\" data-e-type=\"column\">\n\t\t\t<div class=\"elementor-widget-wrap elementor-element-populated\">\n\t\t\t\t\t\t<div class=\"elementor-element elementor-element-743bf7f1 elementor-invisible elementor-widget elementor-widget-image\" data-id=\"743bf7f1\" data-element_type=\"widget\" data-e-type=\"widget\" data-settings=\"{&quot;_animation&quot;:&quot;zoomIn&quot;}\" data-widget_type=\"image.default\">\n\t\t\t\t<div class=\"elementor-widget-container\">\n\t\t\t\t\t\t\t\t\t\t\t\t\t\t\t<img decoding=\"async\" width=\"800\" height=\"600\" data-src=\"https:\/\/www.maxcomfortac.com\/wp-content\/uploads\/2020\/09\/AC-Installation-1-1.jpg\" class=\"attachment-large size-large wp-image-16420 lazyload\" alt=\"\" data-srcset=\"https:\/\/www.maxcomfortac.com\/wp-content\/uploads\/2020\/09\/AC-Installation-1-1.jpg 800w, https:\/\/www.maxcomfortac.com\/wp-content\/uploads\/2020\/09\/AC-Installation-1-1-300x225.jpg 300w, https:\/\/www.maxcomfortac.com\/wp-content\/uploads\/2020\/09\/AC-Installation-1-1-768x576.jpg 768w\" data-sizes=\"(max-width: 800px) 100vw, 800px\" src=\"data:image\/svg+xml;base64,PHN2ZyB3aWR0aD0iMSIgaGVpZ2h0PSIxIiB4bWxucz0iaHR0cDovL3d3dy53My5vcmcvMjAwMC9zdmciPjwvc3ZnPg==\" style=\"--smush-placeholder-width: 800px; --smush-placeholder-aspect-ratio: 800\/600;\" \/>\t\t\t\t\t\t\t\t\t\t\t\t\t\t\t<\/div>\n\t\t\t\t<\/div>\n\t\t\t\t<div class=\"elementor-element elementor-element-2469b736 elementor-widget elementor-widget-text-editor\" data-id=\"2469b736\" data-element_type=\"widget\" data-e-type=\"widget\" data-widget_type=\"text-editor.default\">\n\t\t\t\t<div class=\"elementor-widget-container\">\n\t\t\t\t\t\t\t\t\t<div style=\"text-align: center;\">Instalaci\u00f3n<\/div>\n\t\t\t\t\t\t\t\t<\/div>\n\t\t\t\t<\/div>\n\t\t\t\t<div class=\"elementor-element elementor-element-7bde159c elementor-align-center elementor-widget elementor-widget-button\" data-id=\"7bde159c\" data-element_type=\"widget\" data-e-type=\"widget\" data-widget_type=\"button.default\">\n\t\t\t\t<div class=\"elementor-widget-container\">\n\t\t\t\t\t\t\t\t\t<div class=\"elementor-button-wrapper\">\n\t\t\t\t\t<a class=\"elementor-button elementor-button-link elementor-size-sm\" href=\"https:\/\/www.maxcomfortac.com\/es\/enfriamiento\/instalacion\/\">\n\t\t\t\t\t\t<span class=\"elementor-button-content-wrapper\">\n\t\t\t\t\t\t\t\t\t<span class=\"elementor-button-text\">M\u00e1s Informaci\u00f3n<\/span>\n\t\t\t\t\t<\/span>\n\t\t\t\t\t<\/a>\n\t\t\t\t<\/div>\n\t\t\t\t\t\t\t\t<\/div>\n\t\t\t\t<\/div>\n\t\t\t\t\t<\/div>\n\t\t<\/div>\n\t\t\t\t<div class=\"elementor-column elementor-col-50 elementor-inner-column elementor-element elementor-element-564a8275\" data-id=\"564a8275\" data-element_type=\"column\" data-e-type=\"column\">\n\t\t\t<div class=\"elementor-widget-wrap elementor-element-populated\">\n\t\t\t\t\t\t<div class=\"elementor-element elementor-element-4c6e2f71 elementor-invisible elementor-widget elementor-widget-image\" data-id=\"4c6e2f71\" data-element_type=\"widget\" data-e-type=\"widget\" data-settings=\"{&quot;_animation&quot;:&quot;zoomIn&quot;}\" data-widget_type=\"image.default\">\n\t\t\t\t<div class=\"elementor-widget-container\">\n\t\t\t\t\t\t\t\t\t\t\t\t\t\t\t<img decoding=\"async\" width=\"800\" height=\"600\" data-src=\"https:\/\/www.maxcomfortac.com\/wp-content\/uploads\/2020\/09\/AC-Repair-1-1.jpg\" class=\"attachment-large size-large wp-image-16424 lazyload\" alt=\"\" data-srcset=\"https:\/\/www.maxcomfortac.com\/wp-content\/uploads\/2020\/09\/AC-Repair-1-1.jpg 800w, https:\/\/www.maxcomfortac.com\/wp-content\/uploads\/2020\/09\/AC-Repair-1-1-300x225.jpg 300w, https:\/\/www.maxcomfortac.com\/wp-content\/uploads\/2020\/09\/AC-Repair-1-1-768x576.jpg 768w\" data-sizes=\"(max-width: 800px) 100vw, 800px\" src=\"data:image\/svg+xml;base64,PHN2ZyB3aWR0aD0iMSIgaGVpZ2h0PSIxIiB4bWxucz0iaHR0cDovL3d3dy53My5vcmcvMjAwMC9zdmciPjwvc3ZnPg==\" style=\"--smush-placeholder-width: 800px; --smush-placeholder-aspect-ratio: 800\/600;\" \/>\t\t\t\t\t\t\t\t\t\t\t\t\t\t\t<\/div>\n\t\t\t\t<\/div>\n\t\t\t\t<div class=\"elementor-element elementor-element-42d0838f elementor-widget elementor-widget-text-editor\" data-id=\"42d0838f\" data-element_type=\"widget\" data-e-type=\"widget\" data-widget_type=\"text-editor.default\">\n\t\t\t\t<div class=\"elementor-widget-container\">\n\t\t\t\t\t\t\t\t\t<div style=\"text-align: center;\">Reparaci\u00f3n<\/div>\n\t\t\t\t\t\t\t\t<\/div>\n\t\t\t\t<\/div>\n\t\t\t\t<div class=\"elementor-element elementor-element-ecff08e elementor-align-center elementor-widget elementor-widget-button\" data-id=\"ecff08e\" data-element_type=\"widget\" data-e-type=\"widget\" data-widget_type=\"button.default\">\n\t\t\t\t<div class=\"elementor-widget-container\">\n\t\t\t\t\t\t\t\t\t<div class=\"elementor-button-wrapper\">\n\t\t\t\t\t<a class=\"elementor-button elementor-button-link elementor-size-sm\" href=\"https:\/\/www.maxcomfortac.com\/es\/enfriamiento\/reparacion\/\">\n\t\t\t\t\t\t<span class=\"elementor-button-content-wrapper\">\n\t\t\t\t\t\t\t\t\t<span class=\"elementor-button-text\">M\u00e1s Informaci\u00f3n<\/span>\n\t\t\t\t\t<\/span>\n\t\t\t\t\t<\/a>\n\t\t\t\t<\/div>\n\t\t\t\t\t\t\t\t<\/div>\n\t\t\t\t<\/div>\n\t\t\t\t\t<\/div>\n\t\t<\/div>\n\t\t\t\t\t<\/div>\n\t\t<\/section>\n\t\t\t\t<section class=\"elementor-section elementor-inner-section elementor-element elementor-element-1718ce92 elementor-section-boxed elementor-section-height-default elementor-section-height-default\" data-id=\"1718ce92\" data-element_type=\"section\" data-e-type=\"section\">\n\t\t\t\t\t\t<div class=\"elementor-container elementor-column-gap-default\">\n\t\t\t\t\t<div class=\"elementor-column elementor-col-50 elementor-inner-column elementor-element elementor-element-40dbe5ad\" data-id=\"40dbe5ad\" data-element_type=\"column\" data-e-type=\"column\">\n\t\t\t<div class=\"elementor-widget-wrap elementor-element-populated\">\n\t\t\t\t\t\t<div class=\"elementor-element elementor-element-25d7674 elementor-invisible elementor-widget elementor-widget-image\" data-id=\"25d7674\" data-element_type=\"widget\" data-e-type=\"widget\" data-settings=\"{&quot;_animation&quot;:&quot;zoomIn&quot;}\" data-widget_type=\"image.default\">\n\t\t\t\t<div class=\"elementor-widget-container\">\n\t\t\t\t\t\t\t\t\t\t\t\t\t\t\t<img decoding=\"async\" width=\"800\" height=\"600\" data-src=\"https:\/\/www.maxcomfortac.com\/wp-content\/uploads\/2020\/09\/AC-Maintenance-1-1.jpg\" class=\"attachment-large size-large wp-image-16426 lazyload\" alt=\"\" data-srcset=\"https:\/\/www.maxcomfortac.com\/wp-content\/uploads\/2020\/09\/AC-Maintenance-1-1.jpg 800w, https:\/\/www.maxcomfortac.com\/wp-content\/uploads\/2020\/09\/AC-Maintenance-1-1-300x225.jpg 300w, https:\/\/www.maxcomfortac.com\/wp-content\/uploads\/2020\/09\/AC-Maintenance-1-1-768x576.jpg 768w\" data-sizes=\"(max-width: 800px) 100vw, 800px\" src=\"data:image\/svg+xml;base64,PHN2ZyB3aWR0aD0iMSIgaGVpZ2h0PSIxIiB4bWxucz0iaHR0cDovL3d3dy53My5vcmcvMjAwMC9zdmciPjwvc3ZnPg==\" style=\"--smush-placeholder-width: 800px; --smush-placeholder-aspect-ratio: 800\/600;\" \/>\t\t\t\t\t\t\t\t\t\t\t\t\t\t\t<\/div>\n\t\t\t\t<\/div>\n\t\t\t\t<div class=\"elementor-element elementor-element-126c35f2 elementor-widget elementor-widget-text-editor\" data-id=\"126c35f2\" data-element_type=\"widget\" data-e-type=\"widget\" data-widget_type=\"text-editor.default\">\n\t\t\t\t<div class=\"elementor-widget-container\">\n\t\t\t\t\t\t\t\t\t<div style=\"text-align: center;\">Mantenimiento<\/div>\n\t\t\t\t\t\t\t\t<\/div>\n\t\t\t\t<\/div>\n\t\t\t\t<div class=\"elementor-element elementor-element-73ff1a2d elementor-align-center elementor-widget elementor-widget-button\" data-id=\"73ff1a2d\" data-element_type=\"widget\" data-e-type=\"widget\" data-widget_type=\"button.default\">\n\t\t\t\t<div class=\"elementor-widget-container\">\n\t\t\t\t\t\t\t\t\t<div class=\"elementor-button-wrapper\">\n\t\t\t\t\t<a class=\"elementor-button elementor-button-link elementor-size-sm\" href=\"https:\/\/www.maxcomfortac.com\/es\/enfriamiento\/mantenimiento\/\">\n\t\t\t\t\t\t<span class=\"elementor-button-content-wrapper\">\n\t\t\t\t\t\t\t\t\t<span class=\"elementor-button-text\">M\u00e1s Informaci\u00f3n<\/span>\n\t\t\t\t\t<\/span>\n\t\t\t\t\t<\/a>\n\t\t\t\t<\/div>\n\t\t\t\t\t\t\t\t<\/div>\n\t\t\t\t<\/div>\n\t\t\t\t\t<\/div>\n\t\t<\/div>\n\t\t\t\t<div class=\"elementor-column elementor-col-50 elementor-inner-column elementor-element elementor-element-64f06043\" data-id=\"64f06043\" data-element_type=\"column\" data-e-type=\"column\">\n\t\t\t<div class=\"elementor-widget-wrap elementor-element-populated\">\n\t\t\t\t\t\t<div class=\"elementor-element elementor-element-36530861 elementor-invisible elementor-widget elementor-widget-image\" data-id=\"36530861\" data-element_type=\"widget\" data-e-type=\"widget\" data-settings=\"{&quot;_animation&quot;:&quot;zoomIn&quot;}\" data-widget_type=\"image.default\">\n\t\t\t\t<div class=\"elementor-widget-container\">\n\t\t\t\t\t\t\t\t\t\t\t\t\t\t\t<img decoding=\"async\" data-src=\"https:\/\/www.maxcomfortac.com\/wp-content\/uploads\/2020\/09\/Energy-saving-1-1.jpg\" title=\"\" alt=\"\" src=\"data:image\/svg+xml;base64,PHN2ZyB3aWR0aD0iMSIgaGVpZ2h0PSIxIiB4bWxucz0iaHR0cDovL3d3dy53My5vcmcvMjAwMC9zdmciPjwvc3ZnPg==\" class=\"lazyload\" style=\"--smush-placeholder-width: 800px; --smush-placeholder-aspect-ratio: 800\/600;\" \/>\t\t\t\t\t\t\t\t\t\t\t\t\t\t\t<\/div>\n\t\t\t\t<\/div>\n\t\t\t\t<div class=\"elementor-element elementor-element-9c77b77 elementor-widget elementor-widget-text-editor\" data-id=\"9c77b77\" data-element_type=\"widget\" data-e-type=\"widget\" data-widget_type=\"text-editor.default\">\n\t\t\t\t<div class=\"elementor-widget-container\">\n\t\t\t\t\t\t\t\t\t<div style=\"text-align: center;\">Calculadora de Ahorro de Energ\u00eda<\/div>\n\t\t\t\t\t\t\t\t<\/div>\n\t\t\t\t<\/div>\n\t\t\t\t<div class=\"elementor-element elementor-element-203bcbf0 elementor-align-center elementor-widget elementor-widget-button\" data-id=\"203bcbf0\" data-element_type=\"widget\" data-e-type=\"widget\" data-widget_type=\"button.default\">\n\t\t\t\t<div class=\"elementor-widget-container\">\n\t\t\t\t\t\t\t\t\t<div class=\"elementor-button-wrapper\">\n\t\t\t\t\t<a class=\"elementor-button elementor-button-link elementor-size-sm\" href=\"https:\/\/www.maxcomfortac.com\/es\/calculadora-de-ahorro-de-energia\/\">\n\t\t\t\t\t\t<span class=\"elementor-button-content-wrapper\">\n\t\t\t\t\t\t\t\t\t<span class=\"elementor-button-text\">M\u00e1s Informaci\u00f3n<\/span>\n\t\t\t\t\t<\/span>\n\t\t\t\t\t<\/a>\n\t\t\t\t<\/div>\n\t\t\t\t\t\t\t\t<\/div>\n\t\t\t\t<\/div>\n\t\t\t\t\t<\/div>\n\t\t<\/div>\n\t\t\t\t\t<\/div>\n\t\t<\/section>\n\t\t\t\t\t<\/div>\n\t\t<\/div>\n\t\t\t\t\t<\/div>\n\t\t<\/section>\n\t\t\t\t<section class=\"elementor-section elementor-top-section elementor-element elementor-element-acfc234 elementor-section-boxed elementor-section-height-default elementor-section-height-default\" data-id=\"acfc234\" data-element_type=\"section\" data-e-type=\"section\">\n\t\t\t\t\t\t<div class=\"elementor-container elementor-column-gap-default\">\n\t\t\t\t\t<div class=\"elementor-column elementor-col-100 elementor-top-column elementor-element elementor-element-22e9c68\" data-id=\"22e9c68\" data-element_type=\"column\" data-e-type=\"column\">\n\t\t\t<div class=\"elementor-widget-wrap elementor-element-populated\">\n\t\t\t\t\t\t<div class=\"elementor-element elementor-element-57cd99b elementor-widget elementor-widget-heading\" data-id=\"57cd99b\" data-element_type=\"widget\" data-e-type=\"widget\" data-widget_type=\"heading.default\">\n\t\t\t\t<div class=\"elementor-widget-container\">\n\t\t\t\t\t<h3 class=\"elementor-heading-title elementor-size-default\"><a href=\"https:\/\/www.maxcomfortac.com\/es\/contacto\/\"> Cont\u00e1ctenos <\/a> hoy para el reemplazo del aire acondicionado en Houston, Cypress, Katy, TX y \u00e1reas circundantes.<\/h3>\t\t\t\t<\/div>\n\t\t\t\t<\/div>\n\t\t\t\t\t<\/div>\n\t\t<\/div>\n\t\t\t\t\t<\/div>\n\t\t<\/section>\n\t\t\t\t<\/div>\n\t\t","protected":false},"excerpt":{"rendered":"<p>Reemplazo De Aire Acondicionado En Houston TX Reemplazar una unidad de aire acondicionado podr\u00eda ser una de las inversiones m\u00e1s importantes que har\u00e1 como propietario de una casa. Quiere asegurarse de que es el momento adecuado para actualizar. Si est\u00e1 listo para actualizar su sistema, MAX COMFORT AC est\u00e1 aqu\u00ed para ayudarlo. Cont\u00e1ctenos hoy para [&hellip;]<\/p>\n","protected":false},"author":105,"featured_media":0,"parent":16823,"menu_order":0,"comment_status":"closed","ping_status":"closed","template":"","meta":{"site-sidebar-layout":"no-sidebar","site-content-layout":"page-builder","ast-site-content-layout":"default","site-content-style":"default","site-sidebar-style":"default","ast-global-header-display":"","ast-banner-title-visibility":"","ast-main-header-display":"","ast-hfb-above-header-display":"","ast-hfb-below-header-display":"","ast-hfb-mobile-header-display":"","site-post-title":"disabled","ast-breadcrumbs-content":"","ast-featured-img":"disabled","footer-sml-layout":"","ast-disable-related-posts":"","theme-transparent-header-meta":"default","adv-header-id-meta":"","stick-header-meta":"","header-above-stick-meta":"","header-main-stick-meta":"","header-below-stick-meta":"","astra-migrate-meta-layouts":"default","ast-page-background-enabled":"default","ast-page-background-meta":{"desktop":{"background-color":"","background-image":"","background-repeat":"repeat","background-position":"center center","background-size":"auto","background-attachment":"scroll","background-type":"","background-media":"","overlay-type":"","overlay-color":"","overlay-opacity":"","overlay-gradient":""},"tablet":{"background-color":"","background-image":"","background-repeat":"repeat","background-position":"center center","background-size":"auto","background-attachment":"scroll","background-type":"","background-media":"","overlay-type":"","overlay-color":"","overlay-opacity":"","overlay-gradient":""},"mobile":{"background-color":"","background-image":"","background-repeat":"repeat","background-position":"center center","background-size":"auto","background-attachment":"scroll","background-type":"","background-media":"","overlay-type":"","overlay-color":"","overlay-opacity":"","overlay-gradient":""}},"ast-content-background-meta":{"desktop":{"background-color":"var(--ast-global-color-5)","background-image":"","background-repeat":"repeat","background-position":"center center","background-size":"auto","background-attachment":"scroll","background-type":"","background-media":"","overlay-type":"","overlay-color":"","overlay-opacity":"","overlay-gradient":""},"tablet":{"background-color":"var(--ast-global-color-5)","background-image":"","background-repeat":"repeat","background-position":"center center","background-size":"auto","background-attachment":"scroll","background-type":"","background-media":"","overlay-type":"","overlay-color":"","overlay-opacity":"","overlay-gradient":""},"mobile":{"background-color":"var(--ast-global-color-5)","background-image":"","background-repeat":"repeat","background-position":"center center","background-size":"auto","background-attachment":"scroll","background-type":"","background-media":"","overlay-type":"","overlay-color":"","overlay-opacity":"","overlay-gradient":""}},"footnotes":""},"class_list":["post-16839","page","type-page","status-publish","hentry"],"_links":{"self":[{"href":"https:\/\/www.maxcomfortac.com\/es\/wp-json\/wp\/v2\/pages\/16839","targetHints":{"allow":["GET"]}}],"collection":[{"href":"https:\/\/www.maxcomfortac.com\/es\/wp-json\/wp\/v2\/pages"}],"about":[{"href":"https:\/\/www.maxcomfortac.com\/es\/wp-json\/wp\/v2\/types\/page"}],"author":[{"embeddable":true,"href":"https:\/\/www.maxcomfortac.com\/es\/wp-json\/wp\/v2\/users\/105"}],"replies":[{"embeddable":true,"href":"https:\/\/www.maxcomfortac.com\/es\/wp-json\/wp\/v2\/comments?post=16839"}],"version-history":[{"count":0,"href":"https:\/\/www.maxcomfortac.com\/es\/wp-json\/wp\/v2\/pages\/16839\/revisions"}],"up":[{"embeddable":true,"href":"https:\/\/www.maxcomfortac.com\/es\/wp-json\/wp\/v2\/pages\/16823"}],"wp:attachment":[{"href":"https:\/\/www.maxcomfortac.com\/es\/wp-json\/wp\/v2\/media?parent=16839"}],"curies":[{"name":"wp","href":"https:\/\/api.w.org\/{rel}","templated":true}]}}