{"id":16836,"date":"2020-10-05T03:15:51","date_gmt":"2020-10-05T08:15:51","guid":{"rendered":"http:\/\/maxcomfortac.wpengine.com\/enfriamiento\/instalacion\/"},"modified":"2022-03-09T13:29:34","modified_gmt":"2022-03-09T18:29:34","slug":"instalacion","status":"publish","type":"page","link":"https:\/\/www.maxcomfortac.com\/es\/enfriamiento\/instalacion\/","title":{"rendered":"Instalaci\u00f3n"},"content":{"rendered":"\t\t<div data-elementor-type=\"wp-page\" data-elementor-id=\"16836\" class=\"elementor elementor-16836 elementor-16399\" data-elementor-post-type=\"page\">\n\t\t\t\t\t\t<section class=\"elementor-section elementor-top-section elementor-element elementor-element-34c94e8c elementor-section-boxed elementor-section-height-default elementor-section-height-default\" data-id=\"34c94e8c\" data-element_type=\"section\" data-e-type=\"section\">\n\t\t\t\t\t\t<div class=\"elementor-container elementor-column-gap-wider\">\n\t\t\t\t\t<div class=\"elementor-column elementor-col-100 elementor-top-column elementor-element elementor-element-599bf19b\" data-id=\"599bf19b\" data-element_type=\"column\" data-e-type=\"column\">\n\t\t\t<div class=\"elementor-widget-wrap elementor-element-populated\">\n\t\t\t\t\t\t<div class=\"elementor-element elementor-element-31e5b5ca elementor-widget elementor-widget-heading\" data-id=\"31e5b5ca\" data-element_type=\"widget\" data-e-type=\"widget\" data-widget_type=\"heading.default\">\n\t\t\t\t<div class=\"elementor-widget-container\">\n\t\t\t\t\t<h2 class=\"elementor-heading-title elementor-size-default\">Instalaci\u00f3n De Aire Acondicionado En Houston TX<\/h2>\t\t\t\t<\/div>\n\t\t\t\t<\/div>\n\t\t\t\t<div class=\"elementor-element elementor-element-1111dc48 elementor-widget elementor-widget-text-editor\" data-id=\"1111dc48\" data-element_type=\"widget\" data-e-type=\"widget\" data-widget_type=\"text-editor.default\">\n\t\t\t\t<div class=\"elementor-widget-container\">\n\t\t\t\t\t\t\t\t\t\u00a1Instalamos nuestros aires acondicionados o los suyos! Si ya tiene una unidad, \u00a1podemos instalarla! Contamos con todas las herramientas y la experiencia necesaria para proporcionar una instalaci\u00f3n segura. <a href=\"https:\/\/www.maxcomfortac.com\/es\/contacto\/\"> Cont\u00e1ctenos <\/a> hoy para la instalaci\u00f3n de aire acondicionado en Houston, Cypress, Katy, TX y \u00e1reas circundantes.\n\n<a href=\"https:\/\/www.maxcomfortac.com\/es\/\"> MAX COMFORT AC <\/a> puede brindar servicio para cualquier necesidad relacionada con el aire acondicionado de su hogar u oficina. Su profesional de instalaci\u00f3n de aire acondicionado llegar\u00e1 con todas las herramientas necesarias para realizar el trabajo de manera r\u00e1pida y eficiente.\n\nLlame al <a href=\"tel:832-256-5805\">(832)582-6887<\/a> o programe una cita para el servicio de instalaci\u00f3n de aire acondicionado con excelente servicio al cliente.\t\t\t\t\t\t\t\t<\/div>\n\t\t\t\t<\/div>\n\t\t\t\t<div class=\"elementor-element elementor-element-194e4213 elementor-widget elementor-widget-image\" data-id=\"194e4213\" data-element_type=\"widget\" data-e-type=\"widget\" data-widget_type=\"image.default\">\n\t\t\t\t<div class=\"elementor-widget-container\">\n\t\t\t\t\t\t\t\t\t\t\t\t\t\t\t<img fetchpriority=\"high\" decoding=\"async\" width=\"800\" height=\"600\" src=\"https:\/\/www.maxcomfortac.com\/wp-content\/uploads\/2020\/09\/AC-Installation-1.jpg\" class=\"attachment-large size-large wp-image-16402\" alt=\"AC Installation\" srcset=\"https:\/\/www.maxcomfortac.com\/wp-content\/uploads\/2020\/09\/AC-Installation-1.jpg 800w, https:\/\/www.maxcomfortac.com\/wp-content\/uploads\/2020\/09\/AC-Installation-1-300x225.jpg 300w, https:\/\/www.maxcomfortac.com\/wp-content\/uploads\/2020\/09\/AC-Installation-1-768x576.jpg 768w\" sizes=\"(max-width: 800px) 100vw, 800px\" \/>\t\t\t\t\t\t\t\t\t\t\t\t\t\t\t<\/div>\n\t\t\t\t<\/div>\n\t\t\t\t<div class=\"elementor-element elementor-element-77ff120 elementor-widget elementor-widget-text-editor\" data-id=\"77ff120\" data-element_type=\"widget\" data-e-type=\"widget\" data-widget_type=\"text-editor.default\">\n\t\t\t\t<div class=\"elementor-widget-container\">\n\t\t\t\t\t\t\t\t\t<p>Si planea mudarse a Houston, Cypress o Katy, tendr\u00e1 que instalar un nuevo aire acondicionado en su hogar. La instalaci\u00f3n de un nuevo aire acondicionado puede ser un desaf\u00edo, ya que necesita encontrar el tama\u00f1o ideal para su hogar. No es aconsejable hacer todo esto solo y, por lo tanto, pedir ayuda a los profesionales es la mejor opci\u00f3n.<\/p>\n<p>El equipo de Max Comfort AC es muy apreciado por las personas que residen en estas partes de Texas. Ya se trate de <a href=\"https:\/\/www.maxcomfortac.com\/es\/enfriamiento\/instalacion\/\"> <strong> Instalaci\u00f3n de aire acondicionado <\/strong> <\/a> o cualquier otro servicio de aire acondicionado, los clientes Llame siempre a los expertos de Max Comfort AC. Somos los especialistas que pueden asegurarle que tenga los mejores y m\u00e1s convenientes servicios para la comodidad de su familia y su hogar.<\/p>\n\t\t\t\t\t\t\t\t<\/div>\n\t\t\t\t<\/div>\n\t\t\t\t<div class=\"elementor-element elementor-element-8efa657 elementor-widget elementor-widget-heading\" data-id=\"8efa657\" data-element_type=\"widget\" data-e-type=\"widget\" data-widget_type=\"heading.default\">\n\t\t\t\t<div class=\"elementor-widget-container\">\n\t\t\t\t\t<h3 class=\"elementor-heading-title elementor-size-default\">Nuestros servicios AC<\/h3>\t\t\t\t<\/div>\n\t\t\t\t<\/div>\n\t\t\t\t<div class=\"elementor-element elementor-element-7923bba elementor-widget elementor-widget-text-editor\" data-id=\"7923bba\" data-element_type=\"widget\" data-e-type=\"widget\" data-widget_type=\"text-editor.default\">\n\t\t\t\t<div class=\"elementor-widget-container\">\n\t\t\t\t\t\t\t\t\t<p>Ampliamente reconocida por los mejores servicios de aire acondicionado en Houston, Cypress y Katy, Max Comfort AC es su empresa de referencia. Nuestro equipo se jacta de contar con los t\u00e9cnicos m\u00e1s calificados que poseen un profundo conocimiento y experiencia en la realizaci\u00f3n de todos los servicios esenciales de aire acondicionado. Valoramos su tiempo y, por lo tanto, nos aseguramos de que los servicios se realicen a un ritmo r\u00e1pido.<\/p>\n<p>La amplia gama de servicios de aire acondicionado proporcionados por los expertos de Max Comfort AC son:<\/p>\n<ul>\n<li><strong> Instalaci\u00f3n de aire acondicionado. <\/strong><\/li>\n<li><a href=\"https:\/\/www.maxcomfortac.com\/es\/enfriamiento\/reemplazo\/\"> reemplazo de CA <\/a><\/li>\n<li><a href=\"https:\/\/www.maxcomfortac.com\/es\/enfriamiento\/reparacion\/\"> Reparaci\u00f3n de CA <\/a><\/li>\n<li><a href=\"https:\/\/www.maxcomfortac.com\/es\/enfriamiento\/servicio-de-aire-acondicionado-en-houston-tx\/\"> servicio de aire acondicionado <\/a><\/li>\n<li><a href=\"https:\/\/www.maxcomfortac.com\/es\/enfriamiento\/sintonizacion-y-mantenimiento-de-ca-en-houston-tx\/\"> Optimizaci\u00f3n de CA <\/a><\/li>\n<li><a href=\"https:\/\/www.maxcomfortac.com\/es\/enfriamiento\/mantenimiento\/\"> mantenimiento de CA <\/a><\/li>\n<\/ul>\n\t\t\t\t\t\t\t\t<\/div>\n\t\t\t\t<\/div>\n\t\t\t\t<div class=\"elementor-element elementor-element-40d2ae3 elementor-widget elementor-widget-heading\" data-id=\"40d2ae3\" data-element_type=\"widget\" data-e-type=\"widget\" data-widget_type=\"heading.default\">\n\t\t\t\t<div class=\"elementor-widget-container\">\n\t\t\t\t\t<h3 class=\"elementor-heading-title elementor-size-default\">\u00bfPor qu\u00e9 elegirnos?<\/h3>\t\t\t\t<\/div>\n\t\t\t\t<\/div>\n\t\t\t\t<div class=\"elementor-element elementor-element-e7944da elementor-widget elementor-widget-text-editor\" data-id=\"e7944da\" data-element_type=\"widget\" data-e-type=\"widget\" data-widget_type=\"text-editor.default\">\n\t\t\t\t<div class=\"elementor-widget-container\">\n\t\t\t\t\t\t\t\t\t<ul>\n<li><strong> Experiencia: <\/strong> los expertos de Max Comfort AC han brindado a los clientes los mejores servicios de aire acondicionado durante m\u00e1s de dos d\u00e9cadas, por lo que somos ampliamente preferidos.<\/li>\n<li><strong> Disponibilidad las 24 horas del d\u00eda, los 7 d\u00edas de la semana: <\/strong> Estamos abiertos las 24 horas del d\u00eda, los 7 d\u00edas de la semana y, por lo tanto, nos aseguramos de que siempre que nos necesite, estemos disponibles para ayudarlo.<\/li>\n<li><strong> T\u00e9cnicos calificados: <\/strong> todos nuestros t\u00e9cnicos cuentan con las certificaciones y la capacitaci\u00f3n necesarias para llevar a cabo todos los servicios esenciales de <strong> instalaci\u00f3n de aire acondicionado <\/strong>.<\/li>\n<li><strong> Mayor alcance: <\/strong> estamos disponibles para todos nuestros clientes que viven en Houston, Cypress, Katy y \u00e1reas circundantes.<\/li>\n<\/ul>\n\t\t\t\t\t\t\t\t<\/div>\n\t\t\t\t<\/div>\n\t\t\t\t\t<\/div>\n\t\t<\/div>\n\t\t\t\t\t<\/div>\n\t\t<\/section>\n\t\t\t\t<section class=\"elementor-section elementor-top-section elementor-element elementor-element-18ccdea0 elementor-section-boxed elementor-section-height-default elementor-section-height-default\" data-id=\"18ccdea0\" data-element_type=\"section\" data-e-type=\"section\">\n\t\t\t\t\t\t<div class=\"elementor-container elementor-column-gap-default\">\n\t\t\t\t\t<div class=\"elementor-column elementor-col-100 elementor-top-column elementor-element elementor-element-1fc2056d\" data-id=\"1fc2056d\" data-element_type=\"column\" data-e-type=\"column\">\n\t\t\t<div class=\"elementor-widget-wrap elementor-element-populated\">\n\t\t\t\t\t\t<div class=\"elementor-element elementor-element-8d4436c elementor-widget elementor-widget-heading\" data-id=\"8d4436c\" data-element_type=\"widget\" data-e-type=\"widget\" data-widget_type=\"heading.default\">\n\t\t\t\t<div class=\"elementor-widget-container\">\n\t\t\t\t\t<h3 class=\"elementor-heading-title elementor-size-default\">SISTEMAS DE AIRE ACONDICIONADO<\/h3>\t\t\t\t<\/div>\n\t\t\t\t<\/div>\n\t\t\t\t<section class=\"elementor-section elementor-inner-section elementor-element elementor-element-10db8d8f elementor-section-boxed elementor-section-height-default elementor-section-height-default\" data-id=\"10db8d8f\" data-element_type=\"section\" data-e-type=\"section\">\n\t\t\t\t\t\t<div class=\"elementor-container elementor-column-gap-default\">\n\t\t\t\t\t<div class=\"elementor-column elementor-col-50 elementor-inner-column elementor-element elementor-element-fd8ad1f\" data-id=\"fd8ad1f\" data-element_type=\"column\" data-e-type=\"column\">\n\t\t\t<div class=\"elementor-widget-wrap elementor-element-populated\">\n\t\t\t\t\t\t<div class=\"elementor-element elementor-element-76309bf9 elementor-invisible elementor-widget elementor-widget-image\" data-id=\"76309bf9\" data-element_type=\"widget\" data-e-type=\"widget\" data-settings=\"{&quot;_animation&quot;:&quot;zoomIn&quot;}\" data-widget_type=\"image.default\">\n\t\t\t\t<div class=\"elementor-widget-container\">\n\t\t\t\t\t\t\t\t\t\t\t\t\t\t\t<img decoding=\"async\" width=\"800\" height=\"600\" data-src=\"https:\/\/www.maxcomfortac.com\/wp-content\/uploads\/2020\/09\/AC-Replacement-1.jpg\" class=\"attachment-large size-large wp-image-16408 lazyload\" alt=\"AC Replacement\" data-srcset=\"https:\/\/www.maxcomfortac.com\/wp-content\/uploads\/2020\/09\/AC-Replacement-1.jpg 800w, https:\/\/www.maxcomfortac.com\/wp-content\/uploads\/2020\/09\/AC-Replacement-1-300x225.jpg 300w, https:\/\/www.maxcomfortac.com\/wp-content\/uploads\/2020\/09\/AC-Replacement-1-768x576.jpg 768w\" data-sizes=\"(max-width: 800px) 100vw, 800px\" src=\"data:image\/svg+xml;base64,PHN2ZyB3aWR0aD0iMSIgaGVpZ2h0PSIxIiB4bWxucz0iaHR0cDovL3d3dy53My5vcmcvMjAwMC9zdmciPjwvc3ZnPg==\" style=\"--smush-placeholder-width: 800px; --smush-placeholder-aspect-ratio: 800\/600;\" \/>\t\t\t\t\t\t\t\t\t\t\t\t\t\t\t<\/div>\n\t\t\t\t<\/div>\n\t\t\t\t<div class=\"elementor-element elementor-element-300244a0 elementor-widget elementor-widget-text-editor\" data-id=\"300244a0\" data-element_type=\"widget\" data-e-type=\"widget\" data-widget_type=\"text-editor.default\">\n\t\t\t\t<div class=\"elementor-widget-container\">\n\t\t\t\t\t\t\t\t\t<div style=\"text-align: center;\">Reemplazo<\/div>\n\t\t\t\t\t\t\t\t<\/div>\n\t\t\t\t<\/div>\n\t\t\t\t<div class=\"elementor-element elementor-element-67f7e94 elementor-align-center elementor-widget elementor-widget-button\" data-id=\"67f7e94\" data-element_type=\"widget\" data-e-type=\"widget\" data-widget_type=\"button.default\">\n\t\t\t\t<div class=\"elementor-widget-container\">\n\t\t\t\t\t\t\t\t\t<div class=\"elementor-button-wrapper\">\n\t\t\t\t\t<a class=\"elementor-button elementor-button-link elementor-size-sm\" href=\"https:\/\/www.maxcomfortac.com\/es\/enfriamiento\/reemplazo\/\">\n\t\t\t\t\t\t<span class=\"elementor-button-content-wrapper\">\n\t\t\t\t\t\t\t\t\t<span class=\"elementor-button-text\">M\u00e1s Informaci\u00f3n<\/span>\n\t\t\t\t\t<\/span>\n\t\t\t\t\t<\/a>\n\t\t\t\t<\/div>\n\t\t\t\t\t\t\t\t<\/div>\n\t\t\t\t<\/div>\n\t\t\t\t\t<\/div>\n\t\t<\/div>\n\t\t\t\t<div class=\"elementor-column elementor-col-50 elementor-inner-column elementor-element elementor-element-220590b0\" data-id=\"220590b0\" data-element_type=\"column\" data-e-type=\"column\">\n\t\t\t<div class=\"elementor-widget-wrap elementor-element-populated\">\n\t\t\t\t\t\t<div class=\"elementor-element elementor-element-4d09a886 elementor-invisible elementor-widget elementor-widget-image\" data-id=\"4d09a886\" data-element_type=\"widget\" data-e-type=\"widget\" data-settings=\"{&quot;_animation&quot;:&quot;zoomIn&quot;}\" data-widget_type=\"image.default\">\n\t\t\t\t<div class=\"elementor-widget-container\">\n\t\t\t\t\t\t\t\t\t\t\t\t\t\t\t<img decoding=\"async\" width=\"800\" height=\"600\" data-src=\"https:\/\/www.maxcomfortac.com\/wp-content\/uploads\/2020\/09\/AC-Repair-1.jpg\" class=\"attachment-large size-large wp-image-16406 lazyload\" alt=\"AC Repair\" data-srcset=\"https:\/\/www.maxcomfortac.com\/wp-content\/uploads\/2020\/09\/AC-Repair-1.jpg 800w, https:\/\/www.maxcomfortac.com\/wp-content\/uploads\/2020\/09\/AC-Repair-1-300x225.jpg 300w, https:\/\/www.maxcomfortac.com\/wp-content\/uploads\/2020\/09\/AC-Repair-1-768x576.jpg 768w\" data-sizes=\"(max-width: 800px) 100vw, 800px\" src=\"data:image\/svg+xml;base64,PHN2ZyB3aWR0aD0iMSIgaGVpZ2h0PSIxIiB4bWxucz0iaHR0cDovL3d3dy53My5vcmcvMjAwMC9zdmciPjwvc3ZnPg==\" style=\"--smush-placeholder-width: 800px; --smush-placeholder-aspect-ratio: 800\/600;\" \/>\t\t\t\t\t\t\t\t\t\t\t\t\t\t\t<\/div>\n\t\t\t\t<\/div>\n\t\t\t\t<div class=\"elementor-element elementor-element-6209a88b elementor-widget elementor-widget-text-editor\" data-id=\"6209a88b\" data-element_type=\"widget\" data-e-type=\"widget\" data-widget_type=\"text-editor.default\">\n\t\t\t\t<div class=\"elementor-widget-container\">\n\t\t\t\t\t\t\t\t\t<div style=\"text-align: center;\">Reparaci\u00f3n<\/div>\n\t\t\t\t\t\t\t\t<\/div>\n\t\t\t\t<\/div>\n\t\t\t\t<div class=\"elementor-element elementor-element-17816138 elementor-align-center elementor-widget elementor-widget-button\" data-id=\"17816138\" data-element_type=\"widget\" data-e-type=\"widget\" data-widget_type=\"button.default\">\n\t\t\t\t<div class=\"elementor-widget-container\">\n\t\t\t\t\t\t\t\t\t<div class=\"elementor-button-wrapper\">\n\t\t\t\t\t<a class=\"elementor-button elementor-button-link elementor-size-sm\" href=\"https:\/\/www.maxcomfortac.com\/es\/enfriamiento\/reparacion\/\">\n\t\t\t\t\t\t<span class=\"elementor-button-content-wrapper\">\n\t\t\t\t\t\t\t\t\t<span class=\"elementor-button-text\">M\u00e1s Informaci\u00f3n<\/span>\n\t\t\t\t\t<\/span>\n\t\t\t\t\t<\/a>\n\t\t\t\t<\/div>\n\t\t\t\t\t\t\t\t<\/div>\n\t\t\t\t<\/div>\n\t\t\t\t\t<\/div>\n\t\t<\/div>\n\t\t\t\t\t<\/div>\n\t\t<\/section>\n\t\t\t\t<section class=\"elementor-section elementor-inner-section elementor-element elementor-element-6a6fa5b0 elementor-section-boxed elementor-section-height-default elementor-section-height-default\" data-id=\"6a6fa5b0\" data-element_type=\"section\" data-e-type=\"section\">\n\t\t\t\t\t\t<div class=\"elementor-container elementor-column-gap-default\">\n\t\t\t\t\t<div class=\"elementor-column elementor-col-50 elementor-inner-column elementor-element elementor-element-71b3837\" data-id=\"71b3837\" data-element_type=\"column\" data-e-type=\"column\">\n\t\t\t<div class=\"elementor-widget-wrap elementor-element-populated\">\n\t\t\t\t\t\t<div class=\"elementor-element elementor-element-1a0ba97b elementor-invisible elementor-widget elementor-widget-image\" data-id=\"1a0ba97b\" data-element_type=\"widget\" data-e-type=\"widget\" data-settings=\"{&quot;_animation&quot;:&quot;zoomIn&quot;}\" data-widget_type=\"image.default\">\n\t\t\t\t<div class=\"elementor-widget-container\">\n\t\t\t\t\t\t\t\t\t\t\t\t\t\t\t<img decoding=\"async\" width=\"800\" height=\"600\" data-src=\"https:\/\/www.maxcomfortac.com\/wp-content\/uploads\/2020\/09\/AC-Maintenance-1.jpg\" class=\"attachment-large size-large wp-image-16404 lazyload\" alt=\"AC Maintenance\" data-srcset=\"https:\/\/www.maxcomfortac.com\/wp-content\/uploads\/2020\/09\/AC-Maintenance-1.jpg 800w, https:\/\/www.maxcomfortac.com\/wp-content\/uploads\/2020\/09\/AC-Maintenance-1-300x225.jpg 300w, https:\/\/www.maxcomfortac.com\/wp-content\/uploads\/2020\/09\/AC-Maintenance-1-768x576.jpg 768w\" data-sizes=\"(max-width: 800px) 100vw, 800px\" src=\"data:image\/svg+xml;base64,PHN2ZyB3aWR0aD0iMSIgaGVpZ2h0PSIxIiB4bWxucz0iaHR0cDovL3d3dy53My5vcmcvMjAwMC9zdmciPjwvc3ZnPg==\" style=\"--smush-placeholder-width: 800px; --smush-placeholder-aspect-ratio: 800\/600;\" \/>\t\t\t\t\t\t\t\t\t\t\t\t\t\t\t<\/div>\n\t\t\t\t<\/div>\n\t\t\t\t<div class=\"elementor-element elementor-element-708e2349 elementor-widget elementor-widget-text-editor\" data-id=\"708e2349\" data-element_type=\"widget\" data-e-type=\"widget\" data-widget_type=\"text-editor.default\">\n\t\t\t\t<div class=\"elementor-widget-container\">\n\t\t\t\t\t\t\t\t\t<div style=\"text-align: center;\">Mantenimiento<\/div>\n\t\t\t\t\t\t\t\t<\/div>\n\t\t\t\t<\/div>\n\t\t\t\t<div class=\"elementor-element elementor-element-1c4c9294 elementor-align-center elementor-widget elementor-widget-button\" data-id=\"1c4c9294\" data-element_type=\"widget\" data-e-type=\"widget\" data-widget_type=\"button.default\">\n\t\t\t\t<div class=\"elementor-widget-container\">\n\t\t\t\t\t\t\t\t\t<div class=\"elementor-button-wrapper\">\n\t\t\t\t\t<a class=\"elementor-button elementor-button-link elementor-size-sm\" href=\"https:\/\/www.maxcomfortac.com\/es\/enfriamiento\/mantenimiento\/\">\n\t\t\t\t\t\t<span class=\"elementor-button-content-wrapper\">\n\t\t\t\t\t\t\t\t\t<span class=\"elementor-button-text\">M\u00e1s Informaci\u00f3n<\/span>\n\t\t\t\t\t<\/span>\n\t\t\t\t\t<\/a>\n\t\t\t\t<\/div>\n\t\t\t\t\t\t\t\t<\/div>\n\t\t\t\t<\/div>\n\t\t\t\t\t<\/div>\n\t\t<\/div>\n\t\t\t\t<div class=\"elementor-column elementor-col-50 elementor-inner-column elementor-element elementor-element-6a982c51\" data-id=\"6a982c51\" data-element_type=\"column\" data-e-type=\"column\">\n\t\t\t<div class=\"elementor-widget-wrap elementor-element-populated\">\n\t\t\t\t\t\t<div class=\"elementor-element elementor-element-30a25273 elementor-invisible elementor-widget elementor-widget-image\" data-id=\"30a25273\" data-element_type=\"widget\" data-e-type=\"widget\" data-settings=\"{&quot;_animation&quot;:&quot;zoomIn&quot;}\" data-widget_type=\"image.default\">\n\t\t\t\t<div class=\"elementor-widget-container\">\n\t\t\t\t\t\t\t\t\t\t\t\t\t\t\t<img decoding=\"async\" width=\"800\" height=\"600\" data-src=\"https:\/\/www.maxcomfortac.com\/wp-content\/uploads\/2020\/09\/Energy-saving-1.jpg\" class=\"attachment-large size-large wp-image-16410 lazyload\" alt=\"Energy Saving\" data-srcset=\"https:\/\/www.maxcomfortac.com\/wp-content\/uploads\/2020\/09\/Energy-saving-1.jpg 800w, https:\/\/www.maxcomfortac.com\/wp-content\/uploads\/2020\/09\/Energy-saving-1-300x225.jpg 300w, https:\/\/www.maxcomfortac.com\/wp-content\/uploads\/2020\/09\/Energy-saving-1-768x576.jpg 768w\" data-sizes=\"(max-width: 800px) 100vw, 800px\" src=\"data:image\/svg+xml;base64,PHN2ZyB3aWR0aD0iMSIgaGVpZ2h0PSIxIiB4bWxucz0iaHR0cDovL3d3dy53My5vcmcvMjAwMC9zdmciPjwvc3ZnPg==\" style=\"--smush-placeholder-width: 800px; --smush-placeholder-aspect-ratio: 800\/600;\" \/>\t\t\t\t\t\t\t\t\t\t\t\t\t\t\t<\/div>\n\t\t\t\t<\/div>\n\t\t\t\t<div class=\"elementor-element elementor-element-465439f8 elementor-widget elementor-widget-text-editor\" data-id=\"465439f8\" data-element_type=\"widget\" data-e-type=\"widget\" data-widget_type=\"text-editor.default\">\n\t\t\t\t<div class=\"elementor-widget-container\">\n\t\t\t\t\t\t\t\t\t<div style=\"text-align: center;\">Calculadora de Ahorro de Energ\u00eda<\/div>\n\t\t\t\t\t\t\t\t<\/div>\n\t\t\t\t<\/div>\n\t\t\t\t<div class=\"elementor-element elementor-element-2e4c9843 elementor-align-center elementor-widget elementor-widget-button\" data-id=\"2e4c9843\" data-element_type=\"widget\" data-e-type=\"widget\" data-widget_type=\"button.default\">\n\t\t\t\t<div class=\"elementor-widget-container\">\n\t\t\t\t\t\t\t\t\t<div class=\"elementor-button-wrapper\">\n\t\t\t\t\t<a class=\"elementor-button elementor-button-link elementor-size-sm\" href=\"https:\/\/www.maxcomfortac.com\/es\/calculadora-de-ahorro-de-energia\/\">\n\t\t\t\t\t\t<span class=\"elementor-button-content-wrapper\">\n\t\t\t\t\t\t\t\t\t<span class=\"elementor-button-text\">M\u00e1s Informaci\u00f3n<\/span>\n\t\t\t\t\t<\/span>\n\t\t\t\t\t<\/a>\n\t\t\t\t<\/div>\n\t\t\t\t\t\t\t\t<\/div>\n\t\t\t\t<\/div>\n\t\t\t\t\t<\/div>\n\t\t<\/div>\n\t\t\t\t\t<\/div>\n\t\t<\/section>\n\t\t\t\t\t<\/div>\n\t\t<\/div>\n\t\t\t\t\t<\/div>\n\t\t<\/section>\n\t\t\t\t<section class=\"elementor-section elementor-top-section elementor-element elementor-element-980f928 elementor-section-boxed elementor-section-height-default elementor-section-height-default\" data-id=\"980f928\" data-element_type=\"section\" data-e-type=\"section\">\n\t\t\t\t\t\t<div class=\"elementor-container elementor-column-gap-default\">\n\t\t\t\t\t<div class=\"elementor-column elementor-col-100 elementor-top-column elementor-element elementor-element-9f8b2da\" data-id=\"9f8b2da\" data-element_type=\"column\" data-e-type=\"column\">\n\t\t\t<div class=\"elementor-widget-wrap elementor-element-populated\">\n\t\t\t\t\t\t<div class=\"elementor-element elementor-element-0a1c581 elementor-widget elementor-widget-heading\" data-id=\"0a1c581\" data-element_type=\"widget\" data-e-type=\"widget\" data-widget_type=\"heading.default\">\n\t\t\t\t<div class=\"elementor-widget-container\">\n\t\t\t\t\t<h3 class=\"elementor-heading-title elementor-size-default\"><a href=\"https:\/\/www.maxcomfortac.com\/es\/contacto\/\"> Cont\u00e1ctenos <\/a> hoy para la instalaci\u00f3n de aire acondicionado en Houston, Cypress, Katy, TX y \u00e1reas circundantes.<\/h3>\t\t\t\t<\/div>\n\t\t\t\t<\/div>\n\t\t\t\t\t<\/div>\n\t\t<\/div>\n\t\t\t\t\t<\/div>\n\t\t<\/section>\n\t\t\t\t<\/div>\n\t\t","protected":false},"excerpt":{"rendered":"<p>Instalaci\u00f3n De Aire Acondicionado En Houston TX \u00a1Instalamos nuestros aires acondicionados o los suyos! Si ya tiene una unidad, \u00a1podemos instalarla! Contamos con todas las herramientas y la experiencia necesaria para proporcionar una instalaci\u00f3n segura. Cont\u00e1ctenos hoy para la instalaci\u00f3n de aire acondicionado en Houston, Cypress, Katy, TX y \u00e1reas circundantes. MAX COMFORT AC puede [&hellip;]<\/p>\n","protected":false},"author":105,"featured_media":0,"parent":16823,"menu_order":0,"comment_status":"closed","ping_status":"closed","template":"","meta":{"site-sidebar-layout":"no-sidebar","site-content-layout":"page-builder","ast-site-content-layout":"default","site-content-style":"default","site-sidebar-style":"default","ast-global-header-display":"","ast-banner-title-visibility":"","ast-main-header-display":"","ast-hfb-above-header-display":"","ast-hfb-below-header-display":"","ast-hfb-mobile-header-display":"","site-post-title":"disabled","ast-breadcrumbs-content":"","ast-featured-img":"disabled","footer-sml-layout":"","ast-disable-related-posts":"","theme-transparent-header-meta":"default","adv-header-id-meta":"","stick-header-meta":"","header-above-stick-meta":"","header-main-stick-meta":"","header-below-stick-meta":"","astra-migrate-meta-layouts":"default","ast-page-background-enabled":"default","ast-page-background-meta":{"desktop":{"background-color":"","background-image":"","background-repeat":"repeat","background-position":"center center","background-size":"auto","background-attachment":"scroll","background-type":"","background-media":"","overlay-type":"","overlay-color":"","overlay-opacity":"","overlay-gradient":""},"tablet":{"background-color":"","background-image":"","background-repeat":"repeat","background-position":"center center","background-size":"auto","background-attachment":"scroll","background-type":"","background-media":"","overlay-type":"","overlay-color":"","overlay-opacity":"","overlay-gradient":""},"mobile":{"background-color":"","background-image":"","background-repeat":"repeat","background-position":"center center","background-size":"auto","background-attachment":"scroll","background-type":"","background-media":"","overlay-type":"","overlay-color":"","overlay-opacity":"","overlay-gradient":""}},"ast-content-background-meta":{"desktop":{"background-color":"var(--ast-global-color-5)","background-image":"","background-repeat":"repeat","background-position":"center center","background-size":"auto","background-attachment":"scroll","background-type":"","background-media":"","overlay-type":"","overlay-color":"","overlay-opacity":"","overlay-gradient":""},"tablet":{"background-color":"var(--ast-global-color-5)","background-image":"","background-repeat":"repeat","background-position":"center center","background-size":"auto","background-attachment":"scroll","background-type":"","background-media":"","overlay-type":"","overlay-color":"","overlay-opacity":"","overlay-gradient":""},"mobile":{"background-color":"var(--ast-global-color-5)","background-image":"","background-repeat":"repeat","background-position":"center center","background-size":"auto","background-attachment":"scroll","background-type":"","background-media":"","overlay-type":"","overlay-color":"","overlay-opacity":"","overlay-gradient":""}},"footnotes":""},"class_list":["post-16836","page","type-page","status-publish","hentry"],"_links":{"self":[{"href":"https:\/\/www.maxcomfortac.com\/es\/wp-json\/wp\/v2\/pages\/16836","targetHints":{"allow":["GET"]}}],"collection":[{"href":"https:\/\/www.maxcomfortac.com\/es\/wp-json\/wp\/v2\/pages"}],"about":[{"href":"https:\/\/www.maxcomfortac.com\/es\/wp-json\/wp\/v2\/types\/page"}],"author":[{"embeddable":true,"href":"https:\/\/www.maxcomfortac.com\/es\/wp-json\/wp\/v2\/users\/105"}],"replies":[{"embeddable":true,"href":"https:\/\/www.maxcomfortac.com\/es\/wp-json\/wp\/v2\/comments?post=16836"}],"version-history":[{"count":0,"href":"https:\/\/www.maxcomfortac.com\/es\/wp-json\/wp\/v2\/pages\/16836\/revisions"}],"up":[{"embeddable":true,"href":"https:\/\/www.maxcomfortac.com\/es\/wp-json\/wp\/v2\/pages\/16823"}],"wp:attachment":[{"href":"https:\/\/www.maxcomfortac.com\/es\/wp-json\/wp\/v2\/media?parent=16836"}],"curies":[{"name":"wp","href":"https:\/\/api.w.org\/{rel}","templated":true}]}}