{"id":16816,"date":"2020-10-05T01:32:32","date_gmt":"2020-10-05T06:32:32","guid":{"rendered":"http:\/\/maxcomfortac.wpengine.com\/covid-19-statement\/"},"modified":"2022-03-09T13:29:07","modified_gmt":"2022-03-09T18:29:07","slug":"declaracion-covid-19","status":"publish","type":"page","link":"https:\/\/www.maxcomfortac.com\/es\/nosotros\/declaracion-covid-19\/","title":{"rendered":"Declaraci\u00f3n COVID-19"},"content":{"rendered":"\t\t<div data-elementor-type=\"wp-page\" data-elementor-id=\"16816\" class=\"elementor elementor-16816 elementor-16585\" data-elementor-post-type=\"page\">\n\t\t\t\t\t\t<section class=\"elementor-section elementor-top-section elementor-element elementor-element-bbb2fa4 elementor-section-boxed elementor-section-height-default elementor-section-height-default\" data-id=\"bbb2fa4\" data-element_type=\"section\" data-e-type=\"section\">\n\t\t\t\t\t\t<div class=\"elementor-container elementor-column-gap-default\">\n\t\t\t\t\t<div class=\"elementor-column elementor-col-100 elementor-top-column elementor-element elementor-element-7e6d420\" data-id=\"7e6d420\" data-element_type=\"column\" data-e-type=\"column\">\n\t\t\t<div class=\"elementor-widget-wrap elementor-element-populated\">\n\t\t\t\t\t\t<div class=\"elementor-element elementor-element-5329452 elementor-widget elementor-widget-heading\" data-id=\"5329452\" data-element_type=\"widget\" data-e-type=\"widget\" data-widget_type=\"heading.default\">\n\t\t\t\t<div class=\"elementor-widget-container\">\n\t\t\t\t\t<h2 class=\"elementor-heading-title elementor-size-default\">DECLARACI\u00d3N DE COVID-19<\/h2>\t\t\t\t<\/div>\n\t\t\t\t<\/div>\n\t\t\t\t<div class=\"elementor-element elementor-element-f46a7ce elementor-widget elementor-widget-text-editor\" data-id=\"f46a7ce\" data-element_type=\"widget\" data-e-type=\"widget\" data-widget_type=\"text-editor.default\">\n\t\t\t\t<div class=\"elementor-widget-container\">\n\t\t\t\t\t\t\t\t\t<p> A medida que COVID-19 contin\u00faa impactando a la comunidad global, en Max Comfort AC queremos informarle sobre los pasos que hemos tomado para garantizar la seguridad de nuestros empleados y clientes, as\u00ed como la continuidad del negocio para las comunidades en las que servimos. nuestra naci\u00f3n. Reconocemos que nuestros servicios son de naturaleza especial y, a menudo, de emergencia, y seguimos totalmente comprometidos con satisfacer las necesidades de nuestra comunidad incluso cuando la demanda potencial de nuestros servicios puede aumentar con m\u00e1s familias que eligen o se les pide que permanezcan en casa por per\u00edodos de tiempo prolongados. <\/p>\n<p> M\u00e1s importante a\u00fan, la seguridad de nuestros clientes y empleados es siempre nuestra m\u00e1xima prioridad, y reconocemos que se requiere una mayor diligencia y enfoque en la salud y la seguridad durante estos tiempos dif\u00edciles. Estamos monitoreando activamente las actualizaciones de los Centros para el Control y la Prevenci\u00f3n de Enfermedades (CDC), la Organizaci\u00f3n Mundial de la Salud (OMS) y los funcionarios de salud locales; y hemos estado implementando medidas y desarrollando planes de manera proactiva y continua para priorizar la salud y el bienestar de nuestros empleados y clientes. <\/p>\n\t\t\t\t\t\t\t\t<\/div>\n\t\t\t\t<\/div>\n\t\t\t\t<div class=\"elementor-element elementor-element-3a8df68 elementor-widget elementor-widget-text-editor\" data-id=\"3a8df68\" data-element_type=\"widget\" data-e-type=\"widget\" data-widget_type=\"text-editor.default\">\n\t\t\t\t<div class=\"elementor-widget-container\">\n\t\t\t\t\t\t\t\t\t<p><strong> Requerimos que todos los t\u00e9cnicos est\u00e9n equipados con el siguiente equipo de protecci\u00f3n personal (EPP) al ingresar a hogares o negocios para su tranquilidad y prevenci\u00f3n: <\/strong><\/p>\n\t\t\t\t\t\t\t\t<\/div>\n\t\t\t\t<\/div>\n\t\t\t\t<div class=\"elementor-element elementor-element-f8fc8be elementor-widget elementor-widget-text-editor\" data-id=\"f8fc8be\" data-element_type=\"widget\" data-e-type=\"widget\" data-widget_type=\"text-editor.default\">\n\t\t\t\t<div class=\"elementor-widget-container\">\n\t\t\t\t\t\t\t\t\t<ul>\n<li>M\u00e1scaras<\/li>\n<li>Guantes<\/li>\n<li>Cubrezapatos<\/li>\n<\/ul>\n\t\t\t\t\t\t\t\t<\/div>\n\t\t\t\t<\/div>\n\t\t\t\t<div class=\"elementor-element elementor-element-42fd32b elementor-widget elementor-widget-text-editor\" data-id=\"42fd32b\" data-element_type=\"widget\" data-e-type=\"widget\" data-widget_type=\"text-editor.default\">\n\t\t\t\t<div class=\"elementor-widget-container\">\n\t\t\t\t\t\t\t\t\t<strong> Requerimos que los empleados se queden en casa o busquen atenci\u00f3n m\u00e9dica de acuerdo con las pautas de los CDC y la OMS si experimentan s\u00edntomas como dificultad para respirar, tos y fiebre. Si tiene alguna inquietud sobre alg\u00fan empleado, comun\u00edquese con nosotros al <a href=\"tel:832-256-5805\">(832)582-6887<\/a>. <\/strong>\t\t\t\t\t\t\t\t<\/div>\n\t\t\t\t<\/div>\n\t\t\t\t<div class=\"elementor-element elementor-element-b94a424 elementor-widget elementor-widget-text-editor\" data-id=\"b94a424\" data-element_type=\"widget\" data-e-type=\"widget\" data-widget_type=\"text-editor.default\">\n\t\t\t\t<div class=\"elementor-widget-container\">\n\t\t\t\t\t\t\t\t\t<p><strong> Para la seguridad de nuestros empleados y clientes, (i) antes de reservar una cita y (ii) nuevamente antes de que nuestros t\u00e9cnicos lleguen a una casa, nuestros Especialistas en Relaciones con el Cliente realizar\u00e1n consultas para confirmar que no hay ocupantes de la residencia de un cliente que experimenta alg\u00fan s\u00edntoma y para confirmar que tenemos una autorizaci\u00f3n expl\u00edcita para reparar la residencia. <\/strong><\/p>\n\t\t\t\t\t\t\t\t<\/div>\n\t\t\t\t<\/div>\n\t\t\t\t<div class=\"elementor-element elementor-element-7542f69 elementor-widget elementor-widget-text-editor\" data-id=\"7542f69\" data-element_type=\"widget\" data-e-type=\"widget\" data-widget_type=\"text-editor.default\">\n\t\t\t\t<div class=\"elementor-widget-container\">\n\t\t\t\t\t\t\t\t\t<p><strong> Por la seguridad de nuestra comunidad y de acuerdo con las pautas de salud, nos reservamos el derecho de posponer o cancelar el servicio en situaciones en las que se encuentren o se confirmen s\u00edntomas como dificultad para respirar, tos y fiebre.\u00a0<\/strong><\/p>\n\t\t\t\t\t\t\t\t<\/div>\n\t\t\t\t<\/div>\n\t\t\t\t<div class=\"elementor-element elementor-element-22a62d3 elementor-widget elementor-widget-text-editor\" data-id=\"22a62d3\" data-element_type=\"widget\" data-e-type=\"widget\" data-widget_type=\"text-editor.default\">\n\t\t\t\t<div class=\"elementor-widget-container\">\n\t\t\t\t\t\t\t\t\t<p>Daremos prioridad a las solicitudes de servicios de emergencia durante este tiempo y asignaremos nuestros recursos para satisfacer dichas necesidades sobre otras solicitudes de servicios electivos, pero sepa que estamos preparados para responder a las necesidades de los clientes tan pronto como siempre porque entendemos que HVAC, plomer\u00eda y sistemas el\u00e9ctricos son servicios cr\u00edticos.<\/p>\n\t\t\t\t\t\t\t\t<\/div>\n\t\t\t\t<\/div>\n\t\t\t\t<div class=\"elementor-element elementor-element-2459e3a elementor-widget elementor-widget-text-editor\" data-id=\"2459e3a\" data-element_type=\"widget\" data-e-type=\"widget\" data-widget_type=\"text-editor.default\">\n\t\t\t\t<div class=\"elementor-widget-container\">\n\t\t\t\t\t\t\t\t\t<div class=\"uk-section-muted uk-section\">\n<div class=\"uk-container uk-container-large\">\n<div class=\"tm-grid-expand uk-grid-margin uk-grid uk-grid-stack\">\n<div class=\"uk-width-1-1 @ m uk-first-column\">\n<div class=\"uk-margin uk-scrollspy-inview uk-animation-slide-top\">\n<p>Este es un momento sin precedentes para todos y la situaci\u00f3n cambia a diario. Estamos comprometidos a mantener nuestras operaciones comerciales y asegurarnos de que contin\u00fae recibiendo un servicio de la m\u00e1s alta calidad sin interrupciones, y le agradecemos su continua confianza en nosotros.<\/p>\n<\/div>\n<\/div>\n<\/div>\n<\/div>\n<\/div>\n\t\t\t\t\t\t\t\t<\/div>\n\t\t\t\t<\/div>\n\t\t\t\t\t<\/div>\n\t\t<\/div>\n\t\t\t\t\t<\/div>\n\t\t<\/section>\n\t\t\t\t<\/div>\n\t\t","protected":false},"excerpt":{"rendered":"<p>DECLARACI\u00d3N DE COVID-19 A medida que COVID-19 contin\u00faa impactando a la comunidad global, en Max Comfort AC queremos informarle sobre los pasos que hemos tomado para garantizar la seguridad de nuestros empleados y clientes, as\u00ed como la continuidad del negocio para las comunidades en las que servimos. nuestra naci\u00f3n. Reconocemos que nuestros servicios son de [&hellip;]<\/p>\n","protected":false},"author":105,"featured_media":0,"parent":16817,"menu_order":0,"comment_status":"closed","ping_status":"closed","template":"","meta":{"site-sidebar-layout":"no-sidebar","site-content-layout":"page-builder","ast-site-content-layout":"default","site-content-style":"default","site-sidebar-style":"default","ast-global-header-display":"","ast-banner-title-visibility":"","ast-main-header-display":"","ast-hfb-above-header-display":"","ast-hfb-below-header-display":"","ast-hfb-mobile-header-display":"","site-post-title":"disabled","ast-breadcrumbs-content":"","ast-featured-img":"disabled","footer-sml-layout":"","ast-disable-related-posts":"","theme-transparent-header-meta":"default","adv-header-id-meta":"","stick-header-meta":"","header-above-stick-meta":"","header-main-stick-meta":"","header-below-stick-meta":"","astra-migrate-meta-layouts":"default","ast-page-background-enabled":"default","ast-page-background-meta":{"desktop":{"background-color":"","background-image":"","background-repeat":"repeat","background-position":"center center","background-size":"auto","background-attachment":"scroll","background-type":"","background-media":"","overlay-type":"","overlay-color":"","overlay-opacity":"","overlay-gradient":""},"tablet":{"background-color":"","background-image":"","background-repeat":"repeat","background-position":"center center","background-size":"auto","background-attachment":"scroll","background-type":"","background-media":"","overlay-type":"","overlay-color":"","overlay-opacity":"","overlay-gradient":""},"mobile":{"background-color":"","background-image":"","background-repeat":"repeat","background-position":"center center","background-size":"auto","background-attachment":"scroll","background-type":"","background-media":"","overlay-type":"","overlay-color":"","overlay-opacity":"","overlay-gradient":""}},"ast-content-background-meta":{"desktop":{"background-color":"var(--ast-global-color-5)","background-image":"","background-repeat":"repeat","background-position":"center center","background-size":"auto","background-attachment":"scroll","background-type":"","background-media":"","overlay-type":"","overlay-color":"","overlay-opacity":"","overlay-gradient":""},"tablet":{"background-color":"var(--ast-global-color-5)","background-image":"","background-repeat":"repeat","background-position":"center center","background-size":"auto","background-attachment":"scroll","background-type":"","background-media":"","overlay-type":"","overlay-color":"","overlay-opacity":"","overlay-gradient":""},"mobile":{"background-color":"var(--ast-global-color-5)","background-image":"","background-repeat":"repeat","background-position":"center center","background-size":"auto","background-attachment":"scroll","background-type":"","background-media":"","overlay-type":"","overlay-color":"","overlay-opacity":"","overlay-gradient":""}},"footnotes":""},"class_list":["post-16816","page","type-page","status-publish","hentry"],"_links":{"self":[{"href":"https:\/\/www.maxcomfortac.com\/es\/wp-json\/wp\/v2\/pages\/16816","targetHints":{"allow":["GET"]}}],"collection":[{"href":"https:\/\/www.maxcomfortac.com\/es\/wp-json\/wp\/v2\/pages"}],"about":[{"href":"https:\/\/www.maxcomfortac.com\/es\/wp-json\/wp\/v2\/types\/page"}],"author":[{"embeddable":true,"href":"https:\/\/www.maxcomfortac.com\/es\/wp-json\/wp\/v2\/users\/105"}],"replies":[{"embeddable":true,"href":"https:\/\/www.maxcomfortac.com\/es\/wp-json\/wp\/v2\/comments?post=16816"}],"version-history":[{"count":0,"href":"https:\/\/www.maxcomfortac.com\/es\/wp-json\/wp\/v2\/pages\/16816\/revisions"}],"up":[{"embeddable":true,"href":"https:\/\/www.maxcomfortac.com\/es\/wp-json\/wp\/v2\/pages\/16817"}],"wp:attachment":[{"href":"https:\/\/www.maxcomfortac.com\/es\/wp-json\/wp\/v2\/media?parent=16816"}],"curies":[{"name":"wp","href":"https:\/\/api.w.org\/{rel}","templated":true}]}}